{"id":172150,"date":"2024-06-14T18:03:09","date_gmt":"2024-06-14T17:03:09","guid":{"rendered":"https:\/\/globalshares2.wpengine.com\/c-suite\/"},"modified":"2025-12-01T15:47:57","modified_gmt":"2025-12-01T15:47:57","slug":"c-suite","status":"publish","type":"page","link":"https:\/\/www.jpmorganworkplacesolutions.com\/it\/c-suite\/","title":{"rendered":"C-Suite"},"content":{"rendered":"    <style>.jpm-banner-use-cases{min-height:10vh;background:#fef8ef;position:relative;margin-bottom:6rem}.jpm-banner-use-cases:after{content:\"\";display:block;position:absolute;z-index:1;width:100%;height:12%;background:#fff;bottom:0;left:0}.jpm-banner-use-cases .container .row{display:-webkit-box;display:-ms-flexbox;display:flex;-webkit-box-align:start;-ms-flex-align:start;align-items:flex-start}.jpm-banner-use-cases .container .row .col{width:50%}.jpm-banner-use-cases .container .row .col.col-1{padding:5.78125rem 4rem 7.5rem 0}.jpm-banner-use-cases .container .row .col.col-1 .jpm-banner{margin:0 0 1.75rem 0}.jpm-banner-use-cases .container .row .col.col-1 p{font-size:18px;font-weight:200;line-height:138.889%;letter-spacing:.36px}.jpm-banner-use-cases .container .row .col.col-1 p.tagline{text-transform:uppercase;font-weight:400;font-size:16px;line-height:100%;letter-spacing:.16px;color:#936846;margin:0 0 1.25rem 0}.jpm-banner-use-cases .container .row .col.col-1 p:last-child{margin:0}.jpm-banner-use-cases .container .row .col.col-1 .cta{margin-top:4.75rem}.jpm-banner-use-cases .container .row .col.col-2 img{display:block;width:100%;height:auto;border-radius:0 0 12px 12px}@media screen and (max-width:56.25rem){.jpm-banner-use-cases{margin-bottom:4rem}.jpm-banner-use-cases .container{padding:0}.jpm-banner-use-cases .container .row{-ms-flex-wrap:wrap;flex-wrap:wrap}.jpm-banner-use-cases .container .row .col{width:100%}.jpm-banner-use-cases .container .row .col.col-1{padding:3.5rem 1rem 4rem 1rem}.jpm-banner-use-cases .container .row .col.col-1 .jpm-banner{width:88%}.jpm-banner-use-cases .container .row .col.col-1 p br{display:none}.jpm-banner-use-cases .container .row .col.col-1 p.tagline{margin:0 0 1.75rem 0}.jpm-banner-use-cases .container .row .col.col-1 .cta{margin-top:2.75rem}}.lang-ar .jpm-banner-use-cases .container .row .col.col-1{padding:5.78125rem 0 7.5rem 4rem}@media screen and (max-width:56.25rem){.lang-ar .jpm-banner-use-cases .container .row .col.col-1{padding:3.5rem 1rem 4rem 1rem}}<\/style>\n    <section  class=\"jpm-banner-use-cases jpm-block full-width\">\n        <div class=\"container\">\n            <div class=\"row\">\n                <div class=\"col col-1 gsap-fade-in-left\">\n                                            <p class=\"tagline\">C-Suite<\/p>\n                                        <h2 class=\"jpm-banner\">Supportare i leader<\/h2>\n                    <p>In qualit\u00e0 di fondatore, CEO, CFO o COO, il tuo tempo \u00e8 prezioso. Collaborare con un fornitore fidato che si occupa della gestione dei piani di equity compensation pu\u00f2 permetterti di concentrarti al meglio sullo sviluppo della tua attivit\u00e0. <\/p>\n                        <div class=\"cta\">\n                            <p><a href=\"\/it\/dimostrazione-aziendale\/\" title=\"Contatta il nostro team\" class=\"gs-button-new dark-green\">Contatta il nostro team<\/a><\/p>\n                        <\/div> <!-- .cta -->\n                                    <\/div> <!-- .col-1 -->\n                <div class=\"col col-2 gsap-fade-in-right\">\n                    <img loading=\"lazy\" decoding=\"async\" width=\"808\" height=\"810\" src=\"https:\/\/www.jpmorganworkplacesolutions.com\/wp-content\/uploads\/2024\/06\/c-suite.jpg\" class=\"attachment-large size-large\" alt=\"c-suite\" srcset=\"https:\/\/www.jpmorganworkplacesolutions.com\/wp-content\/uploads\/2024\/06\/c-suite.jpg 808w, https:\/\/www.jpmorganworkplacesolutions.com\/wp-content\/uploads\/2024\/06\/c-suite-300x300.jpg 300w, https:\/\/www.jpmorganworkplacesolutions.com\/wp-content\/uploads\/2024\/06\/c-suite-150x150.jpg 150w, https:\/\/www.jpmorganworkplacesolutions.com\/wp-content\/uploads\/2024\/06\/c-suite-768x770.jpg 768w\" sizes=\"auto, (max-width: 808px) 100vw, 808px\" \/>                <\/div>\n            <\/div> <!-- .row -->\n        <\/div> <!-- .container -->\n    <\/section> <!-- .jpm-use-cases -->\n\n\n    <section  class=\"jpm-left-full-image jpm-block full-width contained-image marble\">\n        <div class=\"jpm-bg-image gsap-fade-in-left\" style=\"background-image:url(https:\/\/www.jpmorganworkplacesolutions.com\/wp-content\/uploads\/2024\/06\/recruit-reward-retain.jpg);\"><\/div>\n        <div class=\"container\">\n            <div class=\"row\">\n                <div class=\"col col-1 gsap-fade-in-up\">\n                                    <\/div>\n                <div class=\"col col-2 gsap-fade-in-right marble\">\n                    <h2>Valorizza e trattieni i <br \/>migliori talenti<\/h2>\n<p>Una valida offerta di incentivi azionari pu\u00f2 aiutare la tua azienda a distinguersi in un mercato competitivo.<\/p>\n                <\/div> <!-- .col-2 -->\n            <\/div> <!-- .row -->\n        <\/div> <!-- .container -->\n    <\/section> <!-- .jpm-left-full-image -->\n\n\n    <section  class=\"jpm-features jpm-block mt-6 mobile-mt-4 alternating-images\">\n                                            <div class=\"row\">\n                    <div class=\"col col-1 gsap-fade-in-up\">\n                                                    <p class=\"tagline\">Risparmia tempo<\/p>\n                                                <h2>Amministrazione semplificata<\/h2>\n<p>La gestione dei tuoi piani azionari dovrebbe essere una preoccupazione in meno. Il nostro sistema \u00e8 in grado di gestire tutto, da una semplice soluzione di CAP Table alla gestione di piani azionari multinazionali. <\/p>\n                                            <\/div> <!-- .col-1 -->\n                    <div class=\"col col-2 gsap-fade-in-up\">\n                        <img loading=\"lazy\" decoding=\"async\" width=\"1024\" height=\"900\" src=\"https:\/\/www.jpmorganworkplacesolutions.com\/wp-content\/uploads\/2024\/06\/Cap-Table-1-1024x900.jpg\" class=\"attachment-large size-large\" alt=\"Cap Table Dashboard\" srcset=\"https:\/\/www.jpmorganworkplacesolutions.com\/wp-content\/uploads\/2024\/06\/Cap-Table-1-1024x900.jpg 1024w, https:\/\/www.jpmorganworkplacesolutions.com\/wp-content\/uploads\/2024\/06\/Cap-Table-1-300x264.jpg 300w, https:\/\/www.jpmorganworkplacesolutions.com\/wp-content\/uploads\/2024\/06\/Cap-Table-1-768x675.jpg 768w, https:\/\/www.jpmorganworkplacesolutions.com\/wp-content\/uploads\/2024\/06\/Cap-Table-1.jpg 1320w\" sizes=\"auto, (max-width: 1024px) 100vw, 1024px\" \/>                    <\/div> <!-- .col-2 -->\n                <\/div> <!-- .row -->\n                            <div class=\"row\">\n                    <div class=\"col col-1 gsap-fade-in-up\">\n                                                    <p class=\"tagline\">Integrit\u00e0 dei dati<\/p>\n                                                <h2>Accuratezza<\/h2>\n<p>Il monitoraggio delle variazioni di stakeholder, VC e investitori deve essere preciso; sbagliare una voce pu\u00f2 avere conseguenze potenzialmente disastrose per la societ\u00e0 e i tuoi dipendenti. Il nostro software automatizzato provvede a mantenere tutto aggiornato. <\/p>\n                                            <\/div> <!-- .col-1 -->\n                    <div class=\"col col-2 gsap-fade-in-up\">\n                        <img loading=\"lazy\" decoding=\"async\" width=\"1024\" height=\"900\" src=\"https:\/\/www.jpmorganworkplacesolutions.com\/wp-content\/uploads\/2025\/04\/data-integrity-dashboard-1024x900.jpg\" class=\"attachment-large size-large\" alt=\"Data Integrity - Accuracy\" srcset=\"https:\/\/www.jpmorganworkplacesolutions.com\/wp-content\/uploads\/2025\/04\/data-integrity-dashboard-1024x900.jpg 1024w, https:\/\/www.jpmorganworkplacesolutions.com\/wp-content\/uploads\/2025\/04\/data-integrity-dashboard-300x264.jpg 300w, https:\/\/www.jpmorganworkplacesolutions.com\/wp-content\/uploads\/2025\/04\/data-integrity-dashboard-768x675.jpg 768w, https:\/\/www.jpmorganworkplacesolutions.com\/wp-content\/uploads\/2025\/04\/data-integrity-dashboard.jpg 1320w\" sizes=\"auto, (max-width: 1024px) 100vw, 1024px\" \/>                    <\/div> <!-- .col-2 -->\n                <\/div> <!-- .row -->\n                            <div class=\"row\">\n                    <div class=\"col col-1 gsap-fade-in-up\">\n                                                    <p class=\"tagline\">Scalabile<\/p>\n                                                <h2>Passa da azienda privata a quotata in borsa con un unico sistema<\/h2>\n<p>Non vuoi che ci siano limitazioni alle ambizioni della tua azienda: la nostra piattaforma ti aiuta a crescere da societ\u00e0 privata a quotata in borsa, da locale a globale, con un percorso senza interruzioni che trasferisce i tuoi dati in modo sicuro, se e quando ne avrai bisogno.<\/p>\n                                            <\/div> <!-- .col-1 -->\n                    <div class=\"col col-2 gsap-fade-in-up\">\n                        <img loading=\"lazy\" decoding=\"async\" width=\"1024\" height=\"900\" src=\"https:\/\/www.jpmorganworkplacesolutions.com\/wp-content\/uploads\/2025\/03\/MicrosoftTeams-image-2-1024x900.jpg\" class=\"attachment-large size-large\" alt=\"\" srcset=\"https:\/\/www.jpmorganworkplacesolutions.com\/wp-content\/uploads\/2025\/03\/MicrosoftTeams-image-2-1024x900.jpg 1024w, https:\/\/www.jpmorganworkplacesolutions.com\/wp-content\/uploads\/2025\/03\/MicrosoftTeams-image-2-300x264.jpg 300w, https:\/\/www.jpmorganworkplacesolutions.com\/wp-content\/uploads\/2025\/03\/MicrosoftTeams-image-2-768x675.jpg 768w, https:\/\/www.jpmorganworkplacesolutions.com\/wp-content\/uploads\/2025\/03\/MicrosoftTeams-image-2.jpg 1320w\" sizes=\"auto, (max-width: 1024px) 100vw, 1024px\" \/>                    <\/div> <!-- .col-2 -->\n                <\/div> <!-- .row -->\n                        <\/section> <!-- .jpm-features -->\n\n\n    <section  class=\"jpm-three-blocks jpm-block\">\n                    <div class=\"three-blocks-title\">\n                <h2 class=\"jpm-cta-heading gsap-fade-in-up\">Vantaggi<\/h2>\n            <\/div> <!-- .three-blocks-title -->\n                            <ul class=\"benefits-list\">\n                                    <li class=\"benefits-list-item gsap-fade-in-up\">\n                        <img loading=\"lazy\" decoding=\"async\" width=\"150\" height=\"150\" src=\"https:\/\/www.jpmorganworkplacesolutions.com\/wp-content\/uploads\/2024\/06\/tailored-insights.svg\" class=\"attachment-thumbnail size-thumbnail\" alt=\"tailored-insights\" \/><h3>Approfondimenti su misura<\/h3>\n<p>Dashboard personalizzabili e le funzioni di reportistica dinamica ti consentono di creare, analizzare e modificare i report in tempo reale. Accedi a informazioni complete ma chiare per migliorare i tuoi piani e far crescere la tua attivit\u00e0. <\/p>\n                    <\/li>\n                                    <li class=\"benefits-list-item gsap-fade-in-up\">\n                        <img loading=\"lazy\" decoding=\"async\" width=\"150\" height=\"150\" src=\"https:\/\/www.jpmorganworkplacesolutions.com\/wp-content\/uploads\/2024\/06\/access-world-class-support.svg\" class=\"attachment-thumbnail size-thumbnail\" alt=\"access-world-class-support\" \/><h3>Comunicazione e formazione<\/h3>\n<p>Quando i tuoi dipendenti comprendono il valore delle loro azioni, sono pi\u00f9 motivati a lavorare per raggiungere gli obiettivi dell\u2019azienda. Il nostro team di specialisti nella comunicazione semplifica le complesse informazioni sui piani azionari trasformandole in contenuti formativi che suscitano interesse. <\/p>\n                    <\/li>\n                                    <li class=\"benefits-list-item gsap-fade-in-up\">\n                        <img loading=\"lazy\" decoding=\"async\" width=\"150\" height=\"150\" src=\"https:\/\/www.jpmorganworkplacesolutions.com\/wp-content\/uploads\/2024\/06\/enjoy-an-intuitive-experience.svg\" class=\"attachment-thumbnail size-thumbnail\" alt=\"enjoy-an-intuitive-experience\" \/><h3>Migliora la soddisfazione dei dipendenti<\/h3>\n<p>Sono i dipendenti migliori a favorire il successo delle aziende. Offrire un piano azionario pu\u00f2 non solo contribuire ad accrescere il coinvolgimento e la motivazione dei dipendenti, ma anche essere determinante per trattenere personale di qualit\u00e0 e costituire un\u2019attrattiva unica in fase di assunzione. <\/p>\n                    <\/li>\n                            <\/ul>\n            <\/section> <!-- .jpm-three-blocks -->\n\n\n    <section  class=\"jpm-end-of-page-cta jpm-block mb-6 mobile-mb-4 green\">\n        <div class=\"end-of-page-cta-content\">\n            <h3>Sei pronto a scoprire di pi\u00f9 su come l\u2019equity compensation possa aiutare i tuoi leader?<\/h3>\n<p>Parliamone<\/p>\n        <\/div> <!-- .end-of-page-cta-content -->\n                    <div class=\"cta\">\n                <p><a href=\"\/it\/dimostrazione-aziendale\/\" title=\"Programma una call\" class=\"gs-button-new dark-green-white\">Programma una call<\/a><\/p>\n            <\/div> <!-- .cta -->\n            <\/section> <!-- .jpm-end-of-page-cta -->\n\n\n<section  class=\"posts-loop-section jpm-block\">\n    <div id=\"69f9c50261199\">\n        <div class=\"heading-section\">\n            <h3 class=\"main-heading\">Related insights<\/h3>\n                    <\/div> <!-- .heading-section -->\n                    <ul class=\"blog-posts grid-six\">\n                                    <li class=\"blog-posts-item gsap-fade-in-up\">\n                        <div class=\"blog-posts-item-inner\">\n                            <div class=\"blog-posts-image\">\n                                <a href=\"https:\/\/www.jpmorganworkplacesolutions.com\/it\/insights\/guida-ai-piani-di-incentivazione-a-lungo-termine-ilt\/\" title=\"Guida ai piani di incentivazione a lungo termine (ILT)\" target=\"_self\">\n                                    <img loading=\"lazy\" decoding=\"async\" width=\"526\" height=\"342\" src=\"https:\/\/www.jpmorganworkplacesolutions.com\/wp-content\/uploads\/2025\/02\/ltip-what-you-need-to-know.jpg\" class=\"filter-image-main\" alt=\"\" srcset=\"https:\/\/www.jpmorganworkplacesolutions.com\/wp-content\/uploads\/2025\/02\/ltip-what-you-need-to-know.jpg 526w, https:\/\/www.jpmorganworkplacesolutions.com\/wp-content\/uploads\/2025\/02\/ltip-what-you-need-to-know-300x195.jpg 300w\" sizes=\"auto, (max-width: 526px) 100vw, 526px\" \/>                                <\/a>\n                            <\/div> <!-- .blog-posts-image -->\n                            <div class=\"blog-posts-card\">\n                                <div>\n                                                                                <div class=\"blog-posts-tags\">\n                                                <p><a href=\"https:\/\/www.jpmorganworkplacesolutions.com\/it\/insights\/tag\/see-all-it\/\">All<\/a>, <a href=\"https:\/\/www.jpmorganworkplacesolutions.com\/it\/insights\/tag\/i-piani-di-incentivazione-equity-passo-a-passo\/\">I piani di incentivazione equity passo a passo<\/a>, <a href=\"https:\/\/www.jpmorganworkplacesolutions.com\/it\/insights\/tag\/piani-ilt\/\">Piani ILT<\/a><\/p>\n                                            <\/div> <!-- .blog-posts-tags -->\n                                                                            <h6 class=\"sub-heading\"><a href=\"https:\/\/www.jpmorganworkplacesolutions.com\/it\/insights\/guida-ai-piani-di-incentivazione-a-lungo-termine-ilt\/\" title=\"Guida ai piani di incentivazione a lungo termine (ILT)\" target=\"_self\">Guida ai piani di incentivazione a lungo termine (ILT)<\/a><\/h6>\n                                    <p class=\"date\">Febbraio 26, 2025<\/p>\n                                <\/div>\n                                <div>\n                                    <p class=\"jpm-read-more\"><a class=\"jpm-read-more-anchor\" href=\"https:\/\/www.jpmorganworkplacesolutions.com\/it\/insights\/guida-ai-piani-di-incentivazione-a-lungo-termine-ilt\/\" title=\"Per saperne di pi\u00f9\">Per saperne di pi\u00f9<\/a><\/p>\n                                <\/div>\n                            <\/div> <!-- .blog-posts-card -->\n                        <\/div> <!-- .blog-posts-item-inner -->\n                    <\/li> <!-- .blog-posts-item -->\n                                    <li class=\"blog-posts-item gsap-fade-in-up\">\n                        <div class=\"blog-posts-item-inner\">\n                            <div class=\"blog-posts-image\">\n                                <a href=\"https:\/\/www.jpmorganworkplacesolutions.com\/it\/insights\/perche-hai-bisogno-di-un-software-per-la-gestione-dei-piani-azionari\/\" title=\"Perch\u00e9 hai bisogno di un software per la gestione dei piani azionari\u00a0\" target=\"_self\">\n                                    <img loading=\"lazy\" decoding=\"async\" width=\"768\" height=\"402\" src=\"https:\/\/www.jpmorganworkplacesolutions.com\/wp-content\/uploads\/2023\/10\/stock-plan-administration-software-e1650619914403-14-768x402.jpg\" class=\"filter-image-main\" alt=\"Illustration of a stock plan administration software interface|\" srcset=\"https:\/\/www.jpmorganworkplacesolutions.com\/wp-content\/uploads\/2023\/10\/stock-plan-administration-software-e1650619914403-14-768x402.jpg 768w, https:\/\/www.jpmorganworkplacesolutions.com\/wp-content\/uploads\/2023\/10\/stock-plan-administration-software-e1650619914403-14-300x157.jpg 300w, https:\/\/www.jpmorganworkplacesolutions.com\/wp-content\/uploads\/2023\/10\/stock-plan-administration-software-e1650619914403-14.jpg 1000w\" sizes=\"auto, (max-width: 768px) 100vw, 768px\" \/>                                <\/a>\n                            <\/div> <!-- .blog-posts-image -->\n                            <div class=\"blog-posts-card\">\n                                <div>\n                                                                                <div class=\"blog-posts-tags\">\n                                                <p><a href=\"https:\/\/www.jpmorganworkplacesolutions.com\/it\/insights\/tag\/administration-it\/\">Administration<\/a>, <a href=\"https:\/\/www.jpmorganworkplacesolutions.com\/it\/insights\/tag\/see-all-it\/\">All<\/a>, <a href=\"https:\/\/www.jpmorganworkplacesolutions.com\/it\/insights\/tag\/software-it\/\">Software<\/a><\/p>\n                                            <\/div> <!-- .blog-posts-tags -->\n                                                                            <h6 class=\"sub-heading\"><a href=\"https:\/\/www.jpmorganworkplacesolutions.com\/it\/insights\/perche-hai-bisogno-di-un-software-per-la-gestione-dei-piani-azionari\/\" title=\"Perch\u00e9 hai bisogno di un software per la gestione dei piani azionari\u00a0\" target=\"_self\">Perch\u00e9 hai bisogno di un software per la gestione dei piani azionari\u00a0<\/a><\/h6>\n                                    <p class=\"date\">Febbraio 20, 2025<\/p>\n                                <\/div>\n                                <div>\n                                    <p class=\"jpm-read-more\"><a class=\"jpm-read-more-anchor\" href=\"https:\/\/www.jpmorganworkplacesolutions.com\/it\/insights\/perche-hai-bisogno-di-un-software-per-la-gestione-dei-piani-azionari\/\" title=\"Per saperne di pi\u00f9\">Per saperne di pi\u00f9<\/a><\/p>\n                                <\/div>\n                            <\/div> <!-- .blog-posts-card -->\n                        <\/div> <!-- .blog-posts-item-inner -->\n                    <\/li> <!-- .blog-posts-item -->\n                                    <li class=\"blog-posts-item gsap-fade-in-up\">\n                        <div class=\"blog-posts-item-inner\">\n                            <div class=\"blog-posts-image\">\n                                <a href=\"https:\/\/www.jpmorganworkplacesolutions.com\/it\/insights\/amministrazione-di-piani-azionari-ambito-metodi-pro-e-contro\/\" title=\"Amministrazione di piani azionari \u2013 Ambito, metodi, pro e contro\" target=\"_self\">\n                                    <img loading=\"lazy\" decoding=\"async\" width=\"526\" height=\"342\" src=\"https:\/\/www.jpmorganworkplacesolutions.com\/wp-content\/uploads\/2024\/06\/equity-admin-plan-test.jpg\" class=\"filter-image-main\" alt=\"equity-admin-plan-test\" srcset=\"https:\/\/www.jpmorganworkplacesolutions.com\/wp-content\/uploads\/2024\/06\/equity-admin-plan-test.jpg 526w, https:\/\/www.jpmorganworkplacesolutions.com\/wp-content\/uploads\/2024\/06\/equity-admin-plan-test-300x195.jpg 300w\" sizes=\"auto, (max-width: 526px) 100vw, 526px\" \/>                                <\/a>\n                            <\/div> <!-- .blog-posts-image -->\n                            <div class=\"blog-posts-card\">\n                                <div>\n                                                                                <div class=\"blog-posts-tags\">\n                                                <p><a href=\"https:\/\/www.jpmorganworkplacesolutions.com\/it\/insights\/tag\/see-all-it\/\">All<\/a>, <a href=\"https:\/\/www.jpmorganworkplacesolutions.com\/it\/insights\/tag\/i-piani-di-incentivazione-equity-passo-a-passo\/\">I piani di incentivazione equity passo a passo<\/a><\/p>\n                                            <\/div> <!-- .blog-posts-tags -->\n                                                                            <h6 class=\"sub-heading\"><a href=\"https:\/\/www.jpmorganworkplacesolutions.com\/it\/insights\/amministrazione-di-piani-azionari-ambito-metodi-pro-e-contro\/\" title=\"Amministrazione di piani azionari \u2013 Ambito, metodi, pro e contro\" target=\"_self\">Amministrazione di piani azionari \u2013 Ambito, metodi, pro e contro<\/a><\/h6>\n                                    <p class=\"date\">Luglio 16, 2024<\/p>\n                                <\/div>\n                                <div>\n                                    <p class=\"jpm-read-more\"><a class=\"jpm-read-more-anchor\" href=\"https:\/\/www.jpmorganworkplacesolutions.com\/it\/insights\/amministrazione-di-piani-azionari-ambito-metodi-pro-e-contro\/\" title=\"Per saperne di pi\u00f9\">Per saperne di pi\u00f9<\/a><\/p>\n                                <\/div>\n                            <\/div> <!-- .blog-posts-card -->\n                        <\/div> <!-- .blog-posts-item-inner -->\n                    <\/li> <!-- .blog-posts-item -->\n                            <\/ul>\n                <div class=\"gs-posts-pagination\">\n                    <\/div> <!-- #gs-posts-pagination -->\n    <\/div>\n    <script>\n        document.addEventListener(\"DOMContentLoaded\", function() {\n            let currentList = document.getElementById('69f9c50261199');\n            if(currentList){\n                let currentListUl = currentList.querySelector('.blog-posts');\n                if (! currentListUl) {\n                    currentList.parentElement.style.display = 'none';\n                }\n            }\n        });\n    <\/script>\n<\/section> <!-- .posts-loop-section -->\n\n\n\n<p><\/p>\n","protected":false},"excerpt":{"rendered":"","protected":false},"author":3,"featured_media":0,"parent":0,"menu_order":0,"comment_status":"closed","ping_status":"closed","template":"","meta":{"_acf_changed":false,"footnotes":""},"class_list":["post-172150","page","type-page","status-publish","hentry"],"acf":[],"_links":{"self":[{"href":"https:\/\/www.jpmorganworkplacesolutions.com\/it\/wp-json\/wp\/v2\/pages\/172150","targetHints":{"allow":["GET"]}}],"collection":[{"href":"https:\/\/www.jpmorganworkplacesolutions.com\/it\/wp-json\/wp\/v2\/pages"}],"about":[{"href":"https:\/\/www.jpmorganworkplacesolutions.com\/it\/wp-json\/wp\/v2\/types\/page"}],"author":[{"embeddable":true,"href":"https:\/\/www.jpmorganworkplacesolutions.com\/it\/wp-json\/wp\/v2\/users\/3"}],"replies":[{"embeddable":true,"href":"https:\/\/www.jpmorganworkplacesolutions.com\/it\/wp-json\/wp\/v2\/comments?post=172150"}],"version-history":[{"count":0,"href":"https:\/\/www.jpmorganworkplacesolutions.com\/it\/wp-json\/wp\/v2\/pages\/172150\/revisions"}],"wp:attachment":[{"href":"https:\/\/www.jpmorganworkplacesolutions.com\/it\/wp-json\/wp\/v2\/media?parent=172150"}],"curies":[{"name":"wp","href":"https:\/\/api.w.org\/{rel}","templated":true}]}}