{"id":172149,"date":"2024-06-14T17:44:22","date_gmt":"2024-06-14T16:44:22","guid":{"rendered":"https:\/\/globalshares2.wpengine.com\/team-finanziari\/"},"modified":"2025-12-02T16:28:05","modified_gmt":"2025-12-02T16:28:05","slug":"team-finanziari","status":"publish","type":"page","link":"https:\/\/www.jpmorganworkplacesolutions.com\/it\/team-finanziari\/","title":{"rendered":"Team finanziari"},"content":{"rendered":"    <style>.jpm-banner-use-cases{min-height:10vh;background:#fef8ef;position:relative;margin-bottom:6rem}.jpm-banner-use-cases:after{content:\"\";display:block;position:absolute;z-index:1;width:100%;height:12%;background:#fff;bottom:0;left:0}.jpm-banner-use-cases .container .row{display:-webkit-box;display:-ms-flexbox;display:flex;-webkit-box-align:start;-ms-flex-align:start;align-items:flex-start}.jpm-banner-use-cases .container .row .col{width:50%}.jpm-banner-use-cases .container .row .col.col-1{padding:5.78125rem 4rem 7.5rem 0}.jpm-banner-use-cases .container .row .col.col-1 .jpm-banner{margin:0 0 1.75rem 0}.jpm-banner-use-cases .container .row .col.col-1 p{font-size:18px;font-weight:200;line-height:138.889%;letter-spacing:.36px}.jpm-banner-use-cases .container .row .col.col-1 p.tagline{text-transform:uppercase;font-weight:400;font-size:16px;line-height:100%;letter-spacing:.16px;color:#936846;margin:0 0 1.25rem 0}.jpm-banner-use-cases .container .row .col.col-1 p:last-child{margin:0}.jpm-banner-use-cases .container .row .col.col-1 .cta{margin-top:4.75rem}.jpm-banner-use-cases .container .row .col.col-2 img{display:block;width:100%;height:auto;border-radius:0 0 12px 12px}@media screen and (max-width:56.25rem){.jpm-banner-use-cases{margin-bottom:4rem}.jpm-banner-use-cases .container{padding:0}.jpm-banner-use-cases .container .row{-ms-flex-wrap:wrap;flex-wrap:wrap}.jpm-banner-use-cases .container .row .col{width:100%}.jpm-banner-use-cases .container .row .col.col-1{padding:3.5rem 1rem 4rem 1rem}.jpm-banner-use-cases .container .row .col.col-1 .jpm-banner{width:88%}.jpm-banner-use-cases .container .row .col.col-1 p br{display:none}.jpm-banner-use-cases .container .row .col.col-1 p.tagline{margin:0 0 1.75rem 0}.jpm-banner-use-cases .container .row .col.col-1 .cta{margin-top:2.75rem}}.lang-ar .jpm-banner-use-cases .container .row .col.col-1{padding:5.78125rem 0 7.5rem 4rem}@media screen and (max-width:56.25rem){.lang-ar .jpm-banner-use-cases .container .row .col.col-1{padding:3.5rem 1rem 4rem 1rem}}<\/style>\n    <section  class=\"jpm-banner-use-cases jpm-block full-width\">\n        <div class=\"container\">\n            <div class=\"row\">\n                <div class=\"col col-1 gsap-fade-in-left\">\n                                            <p class=\"tagline\">Finanza e CFO<\/p>\n                                        <h2 class=\"jpm-banner\">Ecco perch\u00e9 la nostra piattaforma fa <br>al caso tuo<\/h2>\n                    <p>Che tu stia creando un piano di compensazione azionaria per la prima volta o passando da un altro fornitore, la nostra piattaforma pu\u00f2 aiutarti a ridurre il carico amministrativo, adattandosi alle esigenze specifiche della tua azienda in termini di reportistica, fiscalit\u00e0, compliance e altro ancora.<\/p>\n                        <div class=\"cta\">\n                            <p><a href=\"\/it\/dimostrazione-aziendale\/\" title=\"INIZIA QUI\" class=\"gs-button-new dark-green\">INIZIA QUI<\/a><\/p>\n                        <\/div> <!-- .cta -->\n                                    <\/div> <!-- .col-1 -->\n                <div class=\"col col-2 gsap-fade-in-right\">\n                    <img loading=\"lazy\" decoding=\"async\" width=\"800\" height=\"800\" src=\"https:\/\/www.jpmorganworkplacesolutions.com\/wp-content\/uploads\/2024\/06\/finance-teams.jpg\" class=\"attachment-large size-large\" alt=\"finance-teams\" srcset=\"https:\/\/www.jpmorganworkplacesolutions.com\/wp-content\/uploads\/2024\/06\/finance-teams.jpg 800w, https:\/\/www.jpmorganworkplacesolutions.com\/wp-content\/uploads\/2024\/06\/finance-teams-300x300.jpg 300w, https:\/\/www.jpmorganworkplacesolutions.com\/wp-content\/uploads\/2024\/06\/finance-teams-150x150.jpg 150w, https:\/\/www.jpmorganworkplacesolutions.com\/wp-content\/uploads\/2024\/06\/finance-teams-768x768.jpg 768w\" sizes=\"auto, (max-width: 800px) 100vw, 800px\" \/>                <\/div>\n            <\/div> <!-- .row -->\n        <\/div> <!-- .container -->\n    <\/section> <!-- .jpm-use-cases -->\n\n\n    <section  class=\"jpm-left-full-image jpm-block full-width contained-image marble\">\n        <div class=\"jpm-bg-image gsap-fade-in-left\" style=\"background-image:url(https:\/\/www.jpmorganworkplacesolutions.com\/wp-content\/uploads\/2024\/06\/recruit-reward-retain.jpg);\"><\/div>\n        <div class=\"container\">\n            <div class=\"row\">\n                <div class=\"col col-1 gsap-fade-in-up\">\n                                    <\/div>\n                <div class=\"col col-2 gsap-fade-in-right marble\">\n                    <h2>Semplifica la gestione <br \/>dell\u2019equity compensation<\/h2>\n<p>Una valida offerta di incentivi basati su strumenti finanziari pu\u00f2 aiutare la tua azienda a distinguersi in un mercato competitivo.<\/p>\n                <\/div> <!-- .col-2 -->\n            <\/div> <!-- .row -->\n        <\/div> <!-- .container -->\n    <\/section> <!-- .jpm-left-full-image -->\n\n\n    <section  class=\"jpm-features jpm-block mt-6 mobile-mt-4 alternating-images\">\n                                            <div class=\"row\">\n                    <div class=\"col col-1 gsap-fade-in-up\">\n                                                    <p class=\"tagline\">Reportistica<\/p>\n                                                <h3>Veloce, affidabile, chiara<\/h3>\n<p>L\u2019affidabilit\u00e0 \u00e8 fondamentale. Grazie alla possibilit\u00e0 di creare report con un semplice clic, i tuoi piani saranno sempre pronti per essere esaminati, sia da investitori e azionisti, sia dai reparti di audit e compliance. <\/p>\n                                                    <div class=\"cta\">\n                                <p><a href=\"\/it\/reporting-bi\/\" title=\"SCOPRI DI PI\u00d9\">SCOPRI DI PI\u00d9<\/a><\/p>\n                            <\/div> <!-- .cta -->\n                                            <\/div> <!-- .col-1 -->\n                    <div class=\"col col-2 gsap-fade-in-up\">\n                        <img loading=\"lazy\" decoding=\"async\" width=\"1009\" height=\"1024\" src=\"https:\/\/www.jpmorganworkplacesolutions.com\/wp-content\/uploads\/2024\/06\/Finance-1-1009x1024.jpg\" class=\"attachment-large size-large\" alt=\"Finance\" srcset=\"https:\/\/www.jpmorganworkplacesolutions.com\/wp-content\/uploads\/2024\/06\/Finance-1-1009x1024.jpg 1009w, https:\/\/www.jpmorganworkplacesolutions.com\/wp-content\/uploads\/2024\/06\/Finance-1-296x300.jpg 296w, https:\/\/www.jpmorganworkplacesolutions.com\/wp-content\/uploads\/2024\/06\/Finance-1-768x779.jpg 768w, https:\/\/www.jpmorganworkplacesolutions.com\/wp-content\/uploads\/2024\/06\/Finance-1.jpg 1100w\" sizes=\"auto, (max-width: 1009px) 100vw, 1009px\" \/>                    <\/div> <!-- .col-2 -->\n                <\/div> <!-- .row -->\n                            <div class=\"row\">\n                    <div class=\"col col-1 gsap-fade-in-up\">\n                                                    <p class=\"tagline\">Scalabilit\u00e0<\/p>\n                                                <h3>Passa da azienda privata a quotata in borsa con un unico sistema<\/h3>\n<p>Non dovrebbero esserci limiti alle ambizioni della tua azienda; la nostra piattaforma ti aiuta a crescere da societ\u00e0 privata apubblica, da locale a globale, con un percorso fluido che trasferisce i tuoi dati in modo sicuro, se e quando ne avrai bisogno.<\/p>\n                                            <\/div> <!-- .col-1 -->\n                    <div class=\"col col-2 gsap-fade-in-up\">\n                        <img loading=\"lazy\" decoding=\"async\" width=\"1009\" height=\"1024\" src=\"https:\/\/www.jpmorganworkplacesolutions.com\/wp-content\/uploads\/2024\/06\/Finance-2-1009x1024.jpg\" class=\"attachment-large size-large\" alt=\"Finance\" srcset=\"https:\/\/www.jpmorganworkplacesolutions.com\/wp-content\/uploads\/2024\/06\/Finance-2-1009x1024.jpg 1009w, https:\/\/www.jpmorganworkplacesolutions.com\/wp-content\/uploads\/2024\/06\/Finance-2-296x300.jpg 296w, https:\/\/www.jpmorganworkplacesolutions.com\/wp-content\/uploads\/2024\/06\/Finance-2-768x779.jpg 768w, https:\/\/www.jpmorganworkplacesolutions.com\/wp-content\/uploads\/2024\/06\/Finance-2.jpg 1100w\" sizes=\"auto, (max-width: 1009px) 100vw, 1009px\" \/>                    <\/div> <!-- .col-2 -->\n                <\/div> <!-- .row -->\n                        <\/section> <!-- .jpm-features -->\n\n\n    <section  class=\"jpm-three-blocks jpm-block\">\n                    <div class=\"three-blocks-title\">\n                <h2 class=\"jpm-cta-heading gsap-fade-in-up\">Vantaggi<\/h2>\n            <\/div> <!-- .three-blocks-title -->\n                            <ul class=\"benefits-list\">\n                                    <li class=\"benefits-list-item gsap-fade-in-up\">\n                        <img loading=\"lazy\" decoding=\"async\" width=\"150\" height=\"150\" src=\"https:\/\/www.jpmorganworkplacesolutions.com\/wp-content\/uploads\/2024\/06\/reporting.svg\" class=\"attachment-thumbnail size-thumbnail\" alt=\"reporting\" \/><h4>Reportistica finanziaria automatizzata<\/h4>\n<p>Riduci gli aspetti amministrativi e risparmia tempo: con tutti i dati dei tuoi piani in un unico posto puoi semplificare la registrazione delle spese, le comunicazioni, la fiscalit\u00e0 differita e la rendicontazione degli utili per azione (EPS).<\/p>\n                    <\/li>\n                                    <li class=\"benefits-list-item gsap-fade-in-up\">\n                        <img loading=\"lazy\" decoding=\"async\" width=\"150\" height=\"150\" src=\"https:\/\/www.jpmorganworkplacesolutions.com\/wp-content\/uploads\/2024\/06\/compliance.svg\" class=\"attachment-thumbnail size-thumbnail\" alt=\"compliance\" \/><h4>Assistenza per la compliance<\/h4>\n<p>Dalla gestione dei requisiti fiscali in diverse giurisdizioni alla gestione delle normative locali, sapere di collaborare con un partner di fiducia che pu\u00f2 aiutarti a garantire la conformit\u00e0 dei tuoi piani azionari ovunque operi la tua azienda, equivale a lavorare in tutta tranquillit\u00e0.<\/p>\n                    <\/li>\n                                    <li class=\"benefits-list-item gsap-fade-in-up\">\n                        <img loading=\"lazy\" decoding=\"async\" width=\"150\" height=\"150\" src=\"https:\/\/www.jpmorganworkplacesolutions.com\/wp-content\/uploads\/2024\/06\/tailored-insights.svg\" class=\"attachment-thumbnail size-thumbnail\" alt=\"tailored-insights\" \/><h4>Approfondimenti personalizzati<\/h4>\n<p>Dashboard personalizzabili e funzioni di reportistica dinamica ti permettono di creare, analizzare e modificare i report in tempo reale. Accedi a informazioni complete e chiare per migliorare i tuoi piani. <\/p>\n                    <\/li>\n                            <\/ul>\n            <\/section> <!-- .jpm-three-blocks -->\n\n\n<div  class=\"single-review-block mt-0 full-width gsap-fade-in-up yellow\">\n    <div class=\"container\">\n        <div class=\"single-review-inner\">\n            <div id=\"single-review-owl-69fe157ac7c7f\" class=\"single-review-carousel owl-carousel owl-theme\">\n                                        <div class=\"single-review-slide\" data-index=\"1\">\n                            <div class=\"review\">\n                                <p>&#8220;One of the biggest disclosures needed for the SEC filing is the roll forward of the shares. It is presented in our statement of equity, and also in our footnotes. At the outset, you need to have your beginning balance and be clear on whatever is outstanding, and then track what happens during the reporting period. We use Workplace Solutions for all this work.&#8221;<\/p>\n                            <\/div> <!-- .review -->\n                            <p class=\"person\">Lily Anne Nueva Espana,<\/p>\n                            <p class=\"position\">Direttrice della Contabilit\u00e0 Globale, Coupang<\/p>\n                            <p class=\"position testimonial-disclaimer\">Client testimonial may not be representative of other client experiences<\/p>                        <\/div> <!-- .single-review-slide -->\n                                                <\/div> <!-- .single-review-carousel -->\n                    <\/div> <!-- .global-shares-single-review-inner -->\n    <\/div> <!-- .container -->\n    <script>\n        jQuery(document).ready(function(c){c(function(){let e=document.getElementById(\"single-review-owl-69fe157ac7c7f\");(e=c(e)).addClass(\"testimonials-visible\"),e.owlCarousel({items:1,loop:!1,mouseDrag:!1,touchDrag:!1,autoplay:!1,nav:!1,dots:!1,margin:0,stagePadding:0});var t=e.closest(\".container\").get(0);let i=t.querySelector(\".jpm-r-owl-next\"),a=t.querySelector(\".jpm-r-owl-prev\"),n=t.querySelector(\".jpm-r-slide-total\"),s=t.querySelector(\".jpm-r-slides-counter\");i&&a&&(i.addEventListener(\"click\",function(){this.classList.contains(\"inactive\")||e.trigger(\"next.owl.carousel\")}),a.addEventListener(\"click\",function(){this.classList.contains(\"active\")&&e.trigger(\"prev.owl.carousel\")}),e.on(\"changed.owl.carousel\",function(e){var t=parseInt(n.innerHTML,10),e=c(e.target).find(\".owl-item\").eq(e.item.index).find(\".single-review-slide\").data(\"index\");1===(s.innerHTML=e)?a.classList.remove(\"active\"):a.classList.add(\"active\"),e===t?i.classList.add(\"inactive\"):i.classList.remove(\"inactive\")}),parseInt(n.innerHTML,10)<=1?t.querySelector(\".expanded-nav\").classList.add(\"hidden\"):(a.classList.remove(\"active\"),i.classList.remove(\"inactive\")),c(\".owl-carousel\").each(function(){c(this).find(\".owl-dot\").each(function(e){c(this).attr(\"aria-label\",e+1)})}))})});\n                let section69fe157ac8fbf = document.getElementById('single-review-owl-69fe157ac7c7f'),\n            sectionParent69fe157ac8fbf = section69fe157ac8fbf.closest('.jpm-single-post-content');\n        if(sectionParent69fe157ac8fbf){\n            let sectionBlock69fe157ac8fbf = section69fe157ac8fbf.closest('.single-review-block');\n            sectionBlock69fe157ac8fbf.classList.remove('full-width');\n            sectionBlock69fe157ac8fbf.classList.add('single-post-review-block');\n        }\n    <\/script>\n<\/div> <!-- .single-review-block -->\n\n\n    <section  class=\"jpm-end-of-page-cta jpm-block mb-6 mobile-mb-4 mt-6 mobile-mt-4 green\">\n        <div class=\"end-of-page-cta-content\">\n            <h4>Se hai problemi di carattere amministrativo, possiamo aiutarti a trovare le soluzioni.<\/h4>\n<p>Automatizza la reportistica manuale della compensazione azionaria <\/p>\n        <\/div> <!-- .end-of-page-cta-content -->\n                    <div class=\"cta\">\n                <p><a href=\"\/it\/dimostrazione-aziendale\/\" title=\"Contattaci\" class=\"gs-button-new dark-green-white\">Contattaci<\/a><\/p>\n            <\/div> <!-- .cta -->\n            <\/section> <!-- .jpm-end-of-page-cta -->\n\n\n<section  class=\"posts-loop-section jpm-block\">\n    <div id=\"69fe157acbb54\">\n        <div class=\"heading-section\">\n            <h3 class=\"main-heading\">Informazioni correlate<\/h3>\n                    <\/div> <!-- .heading-section -->\n                    <ul class=\"blog-posts grid-six\">\n                                    <li class=\"blog-posts-item gsap-fade-in-up\">\n                        <div class=\"blog-posts-item-inner\">\n                            <div class=\"blog-posts-image\">\n                                <a href=\"https:\/\/www.jpmorganworkplacesolutions.com\/it\/insights\/perche-hai-bisogno-di-un-software-per-la-gestione-dei-piani-azionari\/\" title=\"Perch\u00e9 hai bisogno di un software per la gestione dei piani azionari\u00a0\" target=\"_self\">\n                                    <img loading=\"lazy\" decoding=\"async\" width=\"768\" height=\"402\" src=\"https:\/\/www.jpmorganworkplacesolutions.com\/wp-content\/uploads\/2023\/10\/stock-plan-administration-software-e1650619914403-14-768x402.jpg\" class=\"filter-image-main\" alt=\"Illustration of a stock plan administration software interface|\" srcset=\"https:\/\/www.jpmorganworkplacesolutions.com\/wp-content\/uploads\/2023\/10\/stock-plan-administration-software-e1650619914403-14-768x402.jpg 768w, https:\/\/www.jpmorganworkplacesolutions.com\/wp-content\/uploads\/2023\/10\/stock-plan-administration-software-e1650619914403-14-300x157.jpg 300w, https:\/\/www.jpmorganworkplacesolutions.com\/wp-content\/uploads\/2023\/10\/stock-plan-administration-software-e1650619914403-14.jpg 1000w\" sizes=\"auto, (max-width: 768px) 100vw, 768px\" \/>                                <\/a>\n                            <\/div> <!-- .blog-posts-image -->\n                            <div class=\"blog-posts-card\">\n                                <div>\n                                                                                <div class=\"blog-posts-tags\">\n                                                <p><a href=\"https:\/\/www.jpmorganworkplacesolutions.com\/it\/insights\/tag\/administration-it\/\">Administration<\/a>, <a href=\"https:\/\/www.jpmorganworkplacesolutions.com\/it\/insights\/tag\/see-all-it\/\">All<\/a>, <a href=\"https:\/\/www.jpmorganworkplacesolutions.com\/it\/insights\/tag\/software-it\/\">Software<\/a><\/p>\n                                            <\/div> <!-- .blog-posts-tags -->\n                                                                            <h6 class=\"sub-heading\"><a href=\"https:\/\/www.jpmorganworkplacesolutions.com\/it\/insights\/perche-hai-bisogno-di-un-software-per-la-gestione-dei-piani-azionari\/\" title=\"Perch\u00e9 hai bisogno di un software per la gestione dei piani azionari\u00a0\" target=\"_self\">Perch\u00e9 hai bisogno di un software per la gestione dei piani azionari\u00a0<\/a><\/h6>\n                                    <p class=\"date\">Febbraio 20, 2025<\/p>\n                                <\/div>\n                                <div>\n                                    <p class=\"jpm-read-more\"><a class=\"jpm-read-more-anchor\" href=\"https:\/\/www.jpmorganworkplacesolutions.com\/it\/insights\/perche-hai-bisogno-di-un-software-per-la-gestione-dei-piani-azionari\/\" title=\"Per saperne di pi\u00f9\">Per saperne di pi\u00f9<\/a><\/p>\n                                <\/div>\n                            <\/div> <!-- .blog-posts-card -->\n                        <\/div> <!-- .blog-posts-item-inner -->\n                    <\/li> <!-- .blog-posts-item -->\n                                    <li class=\"blog-posts-item gsap-fade-in-up\">\n                        <div class=\"blog-posts-item-inner\">\n                            <div class=\"blog-posts-image\">\n                                <a href=\"https:\/\/www.jpmorganworkplacesolutions.com\/it\/insights\/amministrazione-di-piani-azionari-ambito-metodi-pro-e-contro\/\" title=\"Amministrazione di piani azionari \u2013 Ambito, metodi, pro e contro\" target=\"_self\">\n                                    <img loading=\"lazy\" decoding=\"async\" width=\"526\" height=\"342\" src=\"https:\/\/www.jpmorganworkplacesolutions.com\/wp-content\/uploads\/2024\/06\/equity-admin-plan-test.jpg\" class=\"filter-image-main\" alt=\"equity-admin-plan-test\" srcset=\"https:\/\/www.jpmorganworkplacesolutions.com\/wp-content\/uploads\/2024\/06\/equity-admin-plan-test.jpg 526w, https:\/\/www.jpmorganworkplacesolutions.com\/wp-content\/uploads\/2024\/06\/equity-admin-plan-test-300x195.jpg 300w\" sizes=\"auto, (max-width: 526px) 100vw, 526px\" \/>                                <\/a>\n                            <\/div> <!-- .blog-posts-image -->\n                            <div class=\"blog-posts-card\">\n                                <div>\n                                                                                <div class=\"blog-posts-tags\">\n                                                <p><a href=\"https:\/\/www.jpmorganworkplacesolutions.com\/it\/insights\/tag\/see-all-it\/\">All<\/a>, <a href=\"https:\/\/www.jpmorganworkplacesolutions.com\/it\/insights\/tag\/i-piani-di-incentivazione-equity-passo-a-passo\/\">I piani di incentivazione equity passo a passo<\/a><\/p>\n                                            <\/div> <!-- .blog-posts-tags -->\n                                                                            <h6 class=\"sub-heading\"><a href=\"https:\/\/www.jpmorganworkplacesolutions.com\/it\/insights\/amministrazione-di-piani-azionari-ambito-metodi-pro-e-contro\/\" title=\"Amministrazione di piani azionari \u2013 Ambito, metodi, pro e contro\" target=\"_self\">Amministrazione di piani azionari \u2013 Ambito, metodi, pro e contro<\/a><\/h6>\n                                    <p class=\"date\">Luglio 16, 2024<\/p>\n                                <\/div>\n                                <div>\n                                    <p class=\"jpm-read-more\"><a class=\"jpm-read-more-anchor\" href=\"https:\/\/www.jpmorganworkplacesolutions.com\/it\/insights\/amministrazione-di-piani-azionari-ambito-metodi-pro-e-contro\/\" title=\"Per saperne di pi\u00f9\">Per saperne di pi\u00f9<\/a><\/p>\n                                <\/div>\n                            <\/div> <!-- .blog-posts-card -->\n                        <\/div> <!-- .blog-posts-item-inner -->\n                    <\/li> <!-- .blog-posts-item -->\n                                    <li class=\"blog-posts-item gsap-fade-in-up\">\n                        <div class=\"blog-posts-item-inner\">\n                            <div class=\"blog-posts-image\">\n                                <a href=\"https:\/\/www.jpmorganworkplacesolutions.com\/it\/insights\/do-you-need-equity-management-software-for-your-stock-plan\/\" title=\"Hai bisogno di un software per l&#8217;amministrazione dei piani azionari?\" target=\"_self\">\n                                    <img loading=\"lazy\" decoding=\"async\" width=\"768\" height=\"401\" src=\"https:\/\/www.jpmorganworkplacesolutions.com\/wp-content\/uploads\/2023\/11\/equity-management-software-for-your-stock-plan-768x401.jpg\" class=\"filter-image-main\" alt=\"equity management software for your stock plan\" srcset=\"https:\/\/www.jpmorganworkplacesolutions.com\/wp-content\/uploads\/2023\/11\/equity-management-software-for-your-stock-plan-768x401.jpg 768w, https:\/\/www.jpmorganworkplacesolutions.com\/wp-content\/uploads\/2023\/11\/equity-management-software-for-your-stock-plan-300x157.jpg 300w, https:\/\/www.jpmorganworkplacesolutions.com\/wp-content\/uploads\/2023\/11\/equity-management-software-for-your-stock-plan-1024x535.jpg 1024w, https:\/\/www.jpmorganworkplacesolutions.com\/wp-content\/uploads\/2023\/11\/equity-management-software-for-your-stock-plan-1536x803.jpg 1536w, https:\/\/www.jpmorganworkplacesolutions.com\/wp-content\/uploads\/2023\/11\/equity-management-software-for-your-stock-plan.jpg 2000w\" sizes=\"auto, (max-width: 768px) 100vw, 768px\" \/>                                <\/a>\n                            <\/div> <!-- .blog-posts-image -->\n                            <div class=\"blog-posts-card\">\n                                <div>\n                                                                                <div class=\"blog-posts-tags\">\n                                                <p><a href=\"https:\/\/www.jpmorganworkplacesolutions.com\/it\/insights\/tag\/software-it\/\">Software<\/a><\/p>\n                                            <\/div> <!-- .blog-posts-tags -->\n                                                                            <h6 class=\"sub-heading\"><a href=\"https:\/\/www.jpmorganworkplacesolutions.com\/it\/insights\/do-you-need-equity-management-software-for-your-stock-plan\/\" title=\"Hai bisogno di un software per l&#8217;amministrazione dei piani azionari?\" target=\"_self\">Hai bisogno di un software per l&#8217;amministrazione dei piani azionari?<\/a><\/h6>\n                                    <p class=\"date\">Giugno 24, 2024<\/p>\n                                <\/div>\n                                <div>\n                                    <p class=\"jpm-read-more\"><a class=\"jpm-read-more-anchor\" href=\"https:\/\/www.jpmorganworkplacesolutions.com\/it\/insights\/do-you-need-equity-management-software-for-your-stock-plan\/\" title=\"Per saperne di pi\u00f9\">Per saperne di pi\u00f9<\/a><\/p>\n                                <\/div>\n                            <\/div> <!-- .blog-posts-card -->\n                        <\/div> <!-- .blog-posts-item-inner -->\n                    <\/li> <!-- .blog-posts-item -->\n                            <\/ul>\n                <div class=\"gs-posts-pagination\">\n                    <\/div> <!-- #gs-posts-pagination -->\n    <\/div>\n    <script>\n        document.addEventListener(\"DOMContentLoaded\", function() {\n            let currentList = document.getElementById('69fe157acbb54');\n            if(currentList){\n                let currentListUl = currentList.querySelector('.blog-posts');\n                if (! currentListUl) {\n                    currentList.parentElement.style.display = 'none';\n                }\n            }\n        });\n    <\/script>\n<\/section> <!-- .posts-loop-section -->\n","protected":false},"excerpt":{"rendered":"","protected":false},"author":3,"featured_media":0,"parent":0,"menu_order":0,"comment_status":"closed","ping_status":"closed","template":"","meta":{"_acf_changed":false,"footnotes":""},"class_list":["post-172149","page","type-page","status-publish","hentry"],"acf":[],"_links":{"self":[{"href":"https:\/\/www.jpmorganworkplacesolutions.com\/it\/wp-json\/wp\/v2\/pages\/172149","targetHints":{"allow":["GET"]}}],"collection":[{"href":"https:\/\/www.jpmorganworkplacesolutions.com\/it\/wp-json\/wp\/v2\/pages"}],"about":[{"href":"https:\/\/www.jpmorganworkplacesolutions.com\/it\/wp-json\/wp\/v2\/types\/page"}],"author":[{"embeddable":true,"href":"https:\/\/www.jpmorganworkplacesolutions.com\/it\/wp-json\/wp\/v2\/users\/3"}],"replies":[{"embeddable":true,"href":"https:\/\/www.jpmorganworkplacesolutions.com\/it\/wp-json\/wp\/v2\/comments?post=172149"}],"version-history":[{"count":0,"href":"https:\/\/www.jpmorganworkplacesolutions.com\/it\/wp-json\/wp\/v2\/pages\/172149\/revisions"}],"wp:attachment":[{"href":"https:\/\/www.jpmorganworkplacesolutions.com\/it\/wp-json\/wp\/v2\/media?parent=172149"}],"curies":[{"name":"wp","href":"https:\/\/api.w.org\/{rel}","templated":true}]}}