{"id":172147,"date":"2024-06-14T17:20:07","date_gmt":"2024-06-14T16:20:07","guid":{"rendered":"https:\/\/globalshares2.wpengine.com\/professionisti-hr\/"},"modified":"2025-12-02T10:03:25","modified_gmt":"2025-12-02T10:03:25","slug":"professionisti-hr","status":"publish","type":"page","link":"https:\/\/www.jpmorganworkplacesolutions.com\/it\/professionisti-hr\/","title":{"rendered":"Professionisti HR"},"content":{"rendered":"    <style>.jpm-banner-use-cases{min-height:10vh;background:#fef8ef;position:relative;margin-bottom:6rem}.jpm-banner-use-cases:after{content:\"\";display:block;position:absolute;z-index:1;width:100%;height:12%;background:#fff;bottom:0;left:0}.jpm-banner-use-cases .container .row{display:-webkit-box;display:-ms-flexbox;display:flex;-webkit-box-align:start;-ms-flex-align:start;align-items:flex-start}.jpm-banner-use-cases .container .row .col{width:50%}.jpm-banner-use-cases .container .row .col.col-1{padding:5.78125rem 4rem 7.5rem 0}.jpm-banner-use-cases .container .row .col.col-1 .jpm-banner{margin:0 0 1.75rem 0}.jpm-banner-use-cases .container .row .col.col-1 p{font-size:18px;font-weight:200;line-height:138.889%;letter-spacing:.36px}.jpm-banner-use-cases .container .row .col.col-1 p.tagline{text-transform:uppercase;font-weight:400;font-size:16px;line-height:100%;letter-spacing:.16px;color:#936846;margin:0 0 1.25rem 0}.jpm-banner-use-cases .container .row .col.col-1 p:last-child{margin:0}.jpm-banner-use-cases .container .row .col.col-1 .cta{margin-top:4.75rem}.jpm-banner-use-cases .container .row .col.col-2 img{display:block;width:100%;height:auto;border-radius:0 0 12px 12px}@media screen and (max-width:56.25rem){.jpm-banner-use-cases{margin-bottom:4rem}.jpm-banner-use-cases .container{padding:0}.jpm-banner-use-cases .container .row{-ms-flex-wrap:wrap;flex-wrap:wrap}.jpm-banner-use-cases .container .row .col{width:100%}.jpm-banner-use-cases .container .row .col.col-1{padding:3.5rem 1rem 4rem 1rem}.jpm-banner-use-cases .container .row .col.col-1 .jpm-banner{width:88%}.jpm-banner-use-cases .container .row .col.col-1 p br{display:none}.jpm-banner-use-cases .container .row .col.col-1 p.tagline{margin:0 0 1.75rem 0}.jpm-banner-use-cases .container .row .col.col-1 .cta{margin-top:2.75rem}}.lang-ar .jpm-banner-use-cases .container .row .col.col-1{padding:5.78125rem 0 7.5rem 4rem}@media screen and (max-width:56.25rem){.lang-ar .jpm-banner-use-cases .container .row .col.col-1{padding:3.5rem 1rem 4rem 1rem}}<\/style>\n    <section  class=\"jpm-banner-use-cases jpm-block full-width\">\n        <div class=\"container\">\n            <div class=\"row\">\n                <div class=\"col col-1 gsap-fade-in-left\">\n                                            <p class=\"tagline\">Team e Compensation &#038; Benefits<\/p>\n                                        <h2 class=\"jpm-banner\">Supporto alle tue strategie di reward<\/h2>\n                    <p>Le persone sono il cuore della tua azienda. Che si tratti di assumere nuovi talenti, fidelizzare personale fondamentale o premiare i top performer, \u00e8 offrire ai dipendenti una reale partecipazione al futuro della tua azienda \u00e8 essenziale. La nostra gestione dei piani azionari \u00e8 studiata su misura per rafforzare l\u2019impegno riducendo al minimo le attivit\u00e0 amministrative.  <\/p>\n                        <div class=\"cta\">\n                            <p><a href=\"\/it\/dimostrazione-aziendale\/\" title=\"INIZIA QUI\" class=\"gs-button-new dark-green\">INIZIA QUI<\/a><\/p>\n                        <\/div> <!-- .cta -->\n                                    <\/div> <!-- .col-1 -->\n                <div class=\"col col-2 gsap-fade-in-right\">\n                    <img loading=\"lazy\" decoding=\"async\" width=\"800\" height=\"916\" src=\"https:\/\/www.jpmorganworkplacesolutions.com\/wp-content\/uploads\/2024\/06\/hr-professionals.jpg\" class=\"attachment-large size-large\" alt=\"hr-professionals\" srcset=\"https:\/\/www.jpmorganworkplacesolutions.com\/wp-content\/uploads\/2024\/06\/hr-professionals.jpg 800w, https:\/\/www.jpmorganworkplacesolutions.com\/wp-content\/uploads\/2024\/06\/hr-professionals-262x300.jpg 262w, https:\/\/www.jpmorganworkplacesolutions.com\/wp-content\/uploads\/2024\/06\/hr-professionals-768x879.jpg 768w\" sizes=\"auto, (max-width: 800px) 100vw, 800px\" \/>                <\/div>\n            <\/div> <!-- .row -->\n        <\/div> <!-- .container -->\n    <\/section> <!-- .jpm-use-cases -->\n\n\n    <section  class=\"jpm-left-full-image jpm-block full-width contained-image marble\">\n        <div class=\"jpm-bg-image gsap-fade-in-left\" style=\"background-image:url(https:\/\/www.jpmorganworkplacesolutions.com\/wp-content\/uploads\/2024\/06\/recruit-reward-retain.jpg);\"><\/div>\n        <div class=\"container\">\n            <div class=\"row\">\n                <div class=\"col col-1 gsap-fade-in-up\">\n                                    <\/div>\n                <div class=\"col col-2 gsap-fade-in-right marble\">\n                    <h2>Assumi, premia, trattieni<\/h2>\n<p>Una valida offerta di incentivi basati su strumenti finanziari pu\u00f2 aiutare la tua azienda a distinguersi in un mercato competitivo.<\/p>\n                <\/div> <!-- .col-2 -->\n            <\/div> <!-- .row -->\n        <\/div> <!-- .container -->\n    <\/section> <!-- .jpm-left-full-image -->\n\n\n    <section  class=\"jpm-features jpm-block mt-6 mobile-mt-4 alternating-images\">\n                                            <div class=\"row\">\n                    <div class=\"col col-1 gsap-fade-in-up\">\n                                                    <p class=\"tagline\">Gestione dei Piani Azionari<\/p>\n                                                <h3>Semplifica l\u2019amministrazione dei piani azionari complessi<\/h3>\n<p>La semplicit\u00e0 \u00e8 tutto. Desideri un\u2019esperienza semplice e intuitiva, sia per i dirigenti che per i dipendenti di livello base. Il nostro sistema pu\u00f2 generare report in tempo reale per supportare l\u2019analisi e il monitoraggio della performance, con la capacit\u00e0 di integrarsi in modo efficiente con una vasta gamma di sistemi esistenti, permettendoti di risparmiare tempo.  <\/p>\n                                                    <div class=\"cta\">\n                                <p><a href=\"\/it\/amministrazione-dei-piani-azionari\/\" title=\"SCOPRI DI PI\u00d9\">SCOPRI DI PI\u00d9<\/a><\/p>\n                            <\/div> <!-- .cta -->\n                                            <\/div> <!-- .col-1 -->\n                    <div class=\"col col-2 gsap-fade-in-up\">\n                        <img loading=\"lazy\" decoding=\"async\" width=\"1009\" height=\"1024\" src=\"https:\/\/www.jpmorganworkplacesolutions.com\/wp-content\/uploads\/2025\/04\/Participant-VIew-1009x1024.jpg\" class=\"attachment-large size-large\" alt=\"\" srcset=\"https:\/\/www.jpmorganworkplacesolutions.com\/wp-content\/uploads\/2025\/04\/Participant-VIew-1009x1024.jpg 1009w, https:\/\/www.jpmorganworkplacesolutions.com\/wp-content\/uploads\/2025\/04\/Participant-VIew-296x300.jpg 296w, https:\/\/www.jpmorganworkplacesolutions.com\/wp-content\/uploads\/2025\/04\/Participant-VIew-768x779.jpg 768w, https:\/\/www.jpmorganworkplacesolutions.com\/wp-content\/uploads\/2025\/04\/Participant-VIew.jpg 1100w\" sizes=\"auto, (max-width: 1009px) 100vw, 1009px\" \/>                    <\/div> <!-- .col-2 -->\n                <\/div> <!-- .row -->\n                            <div class=\"row\">\n                    <div class=\"col col-1 gsap-fade-in-up\">\n                                                    <p class=\"tagline\">Comunicazione e formazione<\/p>\n                                                <h3>Informa. Forma. Ispirara.<\/h3>\n<p>Per avere successo, un piano azionario efficace deve essere supportato da una strategia di comunicazione completa che formi e ispiri. I nostri pacchetti di comunicazione approfonditi possono aiutare i tuoi dipendenti a comprendere il valore di ci\u00f2 che offri, con accesso alle informazioni in diverse lingue. <\/p>\n                                                    <div class=\"cta\">\n                                <p><a href=\"\/it\/comunicazioni\/\" title=\"SCOPRI DI PI\u00d9\">SCOPRI DI PI\u00d9<\/a><\/p>\n                            <\/div> <!-- .cta -->\n                                            <\/div> <!-- .col-1 -->\n                    <div class=\"col col-2 gsap-fade-in-up\">\n                        <img loading=\"lazy\" decoding=\"async\" width=\"1024\" height=\"900\" src=\"https:\/\/www.jpmorganworkplacesolutions.com\/wp-content\/uploads\/2024\/06\/participant-experience-3-1024x900.jpg\" class=\"attachment-large size-large\" alt=\"Participant Portal - RSU explained\" srcset=\"https:\/\/www.jpmorganworkplacesolutions.com\/wp-content\/uploads\/2024\/06\/participant-experience-3-1024x900.jpg 1024w, https:\/\/www.jpmorganworkplacesolutions.com\/wp-content\/uploads\/2024\/06\/participant-experience-3-300x264.jpg 300w, https:\/\/www.jpmorganworkplacesolutions.com\/wp-content\/uploads\/2024\/06\/participant-experience-3-768x675.jpg 768w, https:\/\/www.jpmorganworkplacesolutions.com\/wp-content\/uploads\/2024\/06\/participant-experience-3.jpg 1320w\" sizes=\"auto, (max-width: 1024px) 100vw, 1024px\" \/>                    <\/div> <!-- .col-2 -->\n                <\/div> <!-- .row -->\n                            <div class=\"row\">\n                    <div class=\"col col-1 gsap-fade-in-up\">\n                                                    <p class=\"tagline\">Coinvolgimento dei dipendenti<\/p>\n                                                <h3>Aumenta la partecipazione<\/h3>\n<p>Quando i dipendenti comprendono chiaramente il valore della propria quota azionaria, hanno la possibilit\u00e0 di prendere decisioni informate sul proprio patrimonio e sul futuro finanziario. Attraverso la nostra app mobile dedicata, i tuoi dipendenti possono visualizzare i loro premi, vendere azioni, accettare assegnazioni, esercitare opzioni e persino votare all\u2019assemblea generale dell\u2019azienda, il tutto attraverso un unico portale facile da usare. <\/p>\n                                                    <div class=\"cta\">\n                                <p><a href=\"\/it\/esperienza-dei-partecipanti\/\" title=\"SCOPRI DI PI\u00d9\">SCOPRI DI PI\u00d9<\/a><\/p>\n                            <\/div> <!-- .cta -->\n                                            <\/div> <!-- .col-1 -->\n                    <div class=\"col col-2 gsap-fade-in-up\">\n                        <img loading=\"lazy\" decoding=\"async\" width=\"1009\" height=\"1024\" src=\"https:\/\/www.jpmorganworkplacesolutions.com\/wp-content\/uploads\/2025\/05\/HR-RSU-dashboard-1009x1024.jpg\" class=\"attachment-large size-large\" alt=\"RSU dashboards\" srcset=\"https:\/\/www.jpmorganworkplacesolutions.com\/wp-content\/uploads\/2025\/05\/HR-RSU-dashboard-1009x1024.jpg 1009w, https:\/\/www.jpmorganworkplacesolutions.com\/wp-content\/uploads\/2025\/05\/HR-RSU-dashboard-296x300.jpg 296w, https:\/\/www.jpmorganworkplacesolutions.com\/wp-content\/uploads\/2025\/05\/HR-RSU-dashboard-768x779.jpg 768w, https:\/\/www.jpmorganworkplacesolutions.com\/wp-content\/uploads\/2025\/05\/HR-RSU-dashboard.jpg 1100w\" sizes=\"auto, (max-width: 1009px) 100vw, 1009px\" \/>                    <\/div> <!-- .col-2 -->\n                <\/div> <!-- .row -->\n                        <\/section> <!-- .jpm-features -->\n\n\n    <section  class=\"jpm-three-blocks jpm-block\">\n                    <div class=\"three-blocks-title\">\n                <h2 class=\"jpm-cta-heading gsap-fade-in-up\">Vantaggi<\/h2>\n            <\/div> <!-- .three-blocks-title -->\n                            <ul class=\"benefits-list\">\n                                    <li class=\"benefits-list-item gsap-fade-in-up\">\n                        <img loading=\"lazy\" decoding=\"async\" width=\"150\" height=\"150\" src=\"https:\/\/www.jpmorganworkplacesolutions.com\/wp-content\/uploads\/2024\/06\/enjoy-an-intuitive-experience.svg\" class=\"attachment-thumbnail size-thumbnail\" alt=\"enjoy-an-intuitive-experience\" \/><h4>Migliora la soddisfazione dei dipendenti<\/h4>\n<p>Sono i dipendenti migliori a favorire il successo delle aziende. Offrire un piano di equity compensation non solo pu\u00f2 contribuire ad accrescere il coinvolgimento e la motivazione dei dipendenti, ma pu\u00f2 anche essere determinante per trattenere il personale di alta qualit\u00e0 e costituire un incentivo unico in fase di assunzione. <\/p>\n                    <\/li>\n                                    <li class=\"benefits-list-item gsap-fade-in-up\">\n                        <img loading=\"lazy\" decoding=\"async\" width=\"150\" height=\"150\" src=\"https:\/\/www.jpmorganworkplacesolutions.com\/wp-content\/uploads\/2024\/06\/compliance-and-admin-made-easy.svg\" class=\"attachment-thumbnail size-thumbnail\" alt=\"compliance-and-admin-made-easy\" \/><h4>Semplifica i processi HR<\/h4>\n<p>L\u2019amministrazione dei piani azionari richiede tempo e include diversi elementi damonitorare, come i piani di vesting e le cessazioni. Con un sistema completamente digitalizzato puoi risparmiare tempo e ridurre il rischio di errori manuali, mentre l\u2019interfaccia API consente l\u2019integrazione con altri sistemi. <\/p>\n                    <\/li>\n                                    <li class=\"benefits-list-item gsap-fade-in-up\">\n                        <img loading=\"lazy\" decoding=\"async\" width=\"150\" height=\"150\" src=\"https:\/\/www.jpmorganworkplacesolutions.com\/wp-content\/uploads\/2024\/06\/compliance.svg\" class=\"attachment-thumbnail size-thumbnail\" alt=\"compliance\" \/><h4>Compliance<\/h4>\n<p>Dalla gestione dei requisiti di reporting e fiscali in diverse giurisdizioni alla gestione delle normative locali, sapere di collaborare con un partner di fiducia che pu\u00f2 aiutarti a garantire la conformit\u00e0 dei tuoi piani azionari ovunque operi la tua azienda, equivale a lavorare in tutta tranquillit\u00e0.<\/p>\n                    <\/li>\n                            <\/ul>\n            <\/section> <!-- .jpm-three-blocks -->\n\n\n    <section  class=\"jpm-end-of-page-cta jpm-block mb-6 mobile-mb-4 green\">\n        <div class=\"end-of-page-cta-content\">\n            <h4>Le nostre soluzioni di gestione della compensazione azionaria possono aiutarti a ottenere un vantaggio competitivo nell\u2019acquisizione di talenti.<\/h4>\n<p>Scopri le nostre soluzioni su misura<\/p>\n        <\/div> <!-- .end-of-page-cta-content -->\n                    <div class=\"cta\">\n                <p><a href=\"\/it\/dimostrazione-aziendale\/\" title=\"CONTATTACI\" class=\"gs-button-new dark-green-white\">CONTATTACI<\/a><\/p>\n            <\/div> <!-- .cta -->\n            <\/section> <!-- .jpm-end-of-page-cta -->\n\n\n<section  class=\"posts-loop-section jpm-block\">\n    <div id=\"69fe2378412b3\">\n        <div class=\"heading-section\">\n            <h3 class=\"main-heading\">Articoli correlati<\/h3>\n                    <\/div> <!-- .heading-section -->\n                    <ul class=\"blog-posts grid-six\">\n                                    <li class=\"blog-posts-item gsap-fade-in-up\">\n                        <div class=\"blog-posts-item-inner\">\n                            <div class=\"blog-posts-image\">\n                                <a href=\"https:\/\/www.jpmorganworkplacesolutions.com\/it\/insights\/guida-ai-piani-di-incentivazione-a-lungo-termine-ilt\/\" title=\"Guida ai piani di incentivazione a lungo termine (ILT)\" target=\"_self\">\n                                    <img loading=\"lazy\" decoding=\"async\" width=\"526\" height=\"342\" src=\"https:\/\/www.jpmorganworkplacesolutions.com\/wp-content\/uploads\/2025\/02\/ltip-what-you-need-to-know.jpg\" class=\"filter-image-main\" alt=\"\" srcset=\"https:\/\/www.jpmorganworkplacesolutions.com\/wp-content\/uploads\/2025\/02\/ltip-what-you-need-to-know.jpg 526w, https:\/\/www.jpmorganworkplacesolutions.com\/wp-content\/uploads\/2025\/02\/ltip-what-you-need-to-know-300x195.jpg 300w\" sizes=\"auto, (max-width: 526px) 100vw, 526px\" \/>                                <\/a>\n                            <\/div> <!-- .blog-posts-image -->\n                            <div class=\"blog-posts-card\">\n                                <div>\n                                                                                <div class=\"blog-posts-tags\">\n                                                <p><a href=\"https:\/\/www.jpmorganworkplacesolutions.com\/it\/insights\/tag\/see-all-it\/\">All<\/a>, <a href=\"https:\/\/www.jpmorganworkplacesolutions.com\/it\/insights\/tag\/i-piani-di-incentivazione-equity-passo-a-passo\/\">I piani di incentivazione equity passo a passo<\/a>, <a href=\"https:\/\/www.jpmorganworkplacesolutions.com\/it\/insights\/tag\/piani-ilt\/\">Piani ILT<\/a><\/p>\n                                            <\/div> <!-- .blog-posts-tags -->\n                                                                            <h6 class=\"sub-heading\"><a href=\"https:\/\/www.jpmorganworkplacesolutions.com\/it\/insights\/guida-ai-piani-di-incentivazione-a-lungo-termine-ilt\/\" title=\"Guida ai piani di incentivazione a lungo termine (ILT)\" target=\"_self\">Guida ai piani di incentivazione a lungo termine (ILT)<\/a><\/h6>\n                                    <p class=\"date\">Febbraio 26, 2025<\/p>\n                                <\/div>\n                                <div>\n                                    <p class=\"jpm-read-more\"><a class=\"jpm-read-more-anchor\" href=\"https:\/\/www.jpmorganworkplacesolutions.com\/it\/insights\/guida-ai-piani-di-incentivazione-a-lungo-termine-ilt\/\" title=\"Per saperne di pi\u00f9\">Per saperne di pi\u00f9<\/a><\/p>\n                                <\/div>\n                            <\/div> <!-- .blog-posts-card -->\n                        <\/div> <!-- .blog-posts-item-inner -->\n                    <\/li> <!-- .blog-posts-item -->\n                                    <li class=\"blog-posts-item gsap-fade-in-up\">\n                        <div class=\"blog-posts-item-inner\">\n                            <div class=\"blog-posts-image\">\n                                <a href=\"https:\/\/www.jpmorganworkplacesolutions.com\/it\/insights\/perche-hai-bisogno-di-un-software-per-la-gestione-dei-piani-azionari\/\" title=\"Perch\u00e9 hai bisogno di un software per la gestione dei piani azionari\u00a0\" target=\"_self\">\n                                    <img loading=\"lazy\" decoding=\"async\" width=\"768\" height=\"402\" src=\"https:\/\/www.jpmorganworkplacesolutions.com\/wp-content\/uploads\/2023\/10\/stock-plan-administration-software-e1650619914403-14-768x402.jpg\" class=\"filter-image-main\" alt=\"Illustration of a stock plan administration software interface|\" srcset=\"https:\/\/www.jpmorganworkplacesolutions.com\/wp-content\/uploads\/2023\/10\/stock-plan-administration-software-e1650619914403-14-768x402.jpg 768w, https:\/\/www.jpmorganworkplacesolutions.com\/wp-content\/uploads\/2023\/10\/stock-plan-administration-software-e1650619914403-14-300x157.jpg 300w, https:\/\/www.jpmorganworkplacesolutions.com\/wp-content\/uploads\/2023\/10\/stock-plan-administration-software-e1650619914403-14.jpg 1000w\" sizes=\"auto, (max-width: 768px) 100vw, 768px\" \/>                                <\/a>\n                            <\/div> <!-- .blog-posts-image -->\n                            <div class=\"blog-posts-card\">\n                                <div>\n                                                                                <div class=\"blog-posts-tags\">\n                                                <p><a href=\"https:\/\/www.jpmorganworkplacesolutions.com\/it\/insights\/tag\/administration-it\/\">Administration<\/a>, <a href=\"https:\/\/www.jpmorganworkplacesolutions.com\/it\/insights\/tag\/see-all-it\/\">All<\/a>, <a href=\"https:\/\/www.jpmorganworkplacesolutions.com\/it\/insights\/tag\/software-it\/\">Software<\/a><\/p>\n                                            <\/div> <!-- .blog-posts-tags -->\n                                                                            <h6 class=\"sub-heading\"><a href=\"https:\/\/www.jpmorganworkplacesolutions.com\/it\/insights\/perche-hai-bisogno-di-un-software-per-la-gestione-dei-piani-azionari\/\" title=\"Perch\u00e9 hai bisogno di un software per la gestione dei piani azionari\u00a0\" target=\"_self\">Perch\u00e9 hai bisogno di un software per la gestione dei piani azionari\u00a0<\/a><\/h6>\n                                    <p class=\"date\">Febbraio 20, 2025<\/p>\n                                <\/div>\n                                <div>\n                                    <p class=\"jpm-read-more\"><a class=\"jpm-read-more-anchor\" href=\"https:\/\/www.jpmorganworkplacesolutions.com\/it\/insights\/perche-hai-bisogno-di-un-software-per-la-gestione-dei-piani-azionari\/\" title=\"Per saperne di pi\u00f9\">Per saperne di pi\u00f9<\/a><\/p>\n                                <\/div>\n                            <\/div> <!-- .blog-posts-card -->\n                        <\/div> <!-- .blog-posts-item-inner -->\n                    <\/li> <!-- .blog-posts-item -->\n                                    <li class=\"blog-posts-item gsap-fade-in-up\">\n                        <div class=\"blog-posts-item-inner\">\n                            <div class=\"blog-posts-image\">\n                                <a href=\"https:\/\/www.jpmorganworkplacesolutions.com\/it\/insights\/amministrazione-di-piani-azionari-ambito-metodi-pro-e-contro\/\" title=\"Amministrazione di piani azionari \u2013 Ambito, metodi, pro e contro\" target=\"_self\">\n                                    <img loading=\"lazy\" decoding=\"async\" width=\"526\" height=\"342\" src=\"https:\/\/www.jpmorganworkplacesolutions.com\/wp-content\/uploads\/2024\/06\/equity-admin-plan-test.jpg\" class=\"filter-image-main\" alt=\"equity-admin-plan-test\" srcset=\"https:\/\/www.jpmorganworkplacesolutions.com\/wp-content\/uploads\/2024\/06\/equity-admin-plan-test.jpg 526w, https:\/\/www.jpmorganworkplacesolutions.com\/wp-content\/uploads\/2024\/06\/equity-admin-plan-test-300x195.jpg 300w\" sizes=\"auto, (max-width: 526px) 100vw, 526px\" \/>                                <\/a>\n                            <\/div> <!-- .blog-posts-image -->\n                            <div class=\"blog-posts-card\">\n                                <div>\n                                                                                <div class=\"blog-posts-tags\">\n                                                <p><a href=\"https:\/\/www.jpmorganworkplacesolutions.com\/it\/insights\/tag\/see-all-it\/\">All<\/a>, <a href=\"https:\/\/www.jpmorganworkplacesolutions.com\/it\/insights\/tag\/i-piani-di-incentivazione-equity-passo-a-passo\/\">I piani di incentivazione equity passo a passo<\/a><\/p>\n                                            <\/div> <!-- .blog-posts-tags -->\n                                                                            <h6 class=\"sub-heading\"><a href=\"https:\/\/www.jpmorganworkplacesolutions.com\/it\/insights\/amministrazione-di-piani-azionari-ambito-metodi-pro-e-contro\/\" title=\"Amministrazione di piani azionari \u2013 Ambito, metodi, pro e contro\" target=\"_self\">Amministrazione di piani azionari \u2013 Ambito, metodi, pro e contro<\/a><\/h6>\n                                    <p class=\"date\">Luglio 16, 2024<\/p>\n                                <\/div>\n                                <div>\n                                    <p class=\"jpm-read-more\"><a class=\"jpm-read-more-anchor\" href=\"https:\/\/www.jpmorganworkplacesolutions.com\/it\/insights\/amministrazione-di-piani-azionari-ambito-metodi-pro-e-contro\/\" title=\"Per saperne di pi\u00f9\">Per saperne di pi\u00f9<\/a><\/p>\n                                <\/div>\n                            <\/div> <!-- .blog-posts-card -->\n                        <\/div> <!-- .blog-posts-item-inner -->\n                    <\/li> <!-- .blog-posts-item -->\n                            <\/ul>\n                <div class=\"gs-posts-pagination\">\n                    <\/div> <!-- #gs-posts-pagination -->\n    <\/div>\n    <script>\n        document.addEventListener(\"DOMContentLoaded\", function() {\n            let currentList = document.getElementById('69fe2378412b3');\n            if(currentList){\n                let currentListUl = currentList.querySelector('.blog-posts');\n                if (! currentListUl) {\n                    currentList.parentElement.style.display = 'none';\n                }\n            }\n        });\n    <\/script>\n<\/section> <!-- .posts-loop-section -->\n","protected":false},"excerpt":{"rendered":"","protected":false},"author":3,"featured_media":0,"parent":0,"menu_order":0,"comment_status":"closed","ping_status":"closed","template":"","meta":{"_acf_changed":false,"footnotes":""},"class_list":["post-172147","page","type-page","status-publish","hentry"],"acf":[],"_links":{"self":[{"href":"https:\/\/www.jpmorganworkplacesolutions.com\/it\/wp-json\/wp\/v2\/pages\/172147","targetHints":{"allow":["GET"]}}],"collection":[{"href":"https:\/\/www.jpmorganworkplacesolutions.com\/it\/wp-json\/wp\/v2\/pages"}],"about":[{"href":"https:\/\/www.jpmorganworkplacesolutions.com\/it\/wp-json\/wp\/v2\/types\/page"}],"author":[{"embeddable":true,"href":"https:\/\/www.jpmorganworkplacesolutions.com\/it\/wp-json\/wp\/v2\/users\/3"}],"replies":[{"embeddable":true,"href":"https:\/\/www.jpmorganworkplacesolutions.com\/it\/wp-json\/wp\/v2\/comments?post=172147"}],"version-history":[{"count":0,"href":"https:\/\/www.jpmorganworkplacesolutions.com\/it\/wp-json\/wp\/v2\/pages\/172147\/revisions"}],"wp:attachment":[{"href":"https:\/\/www.jpmorganworkplacesolutions.com\/it\/wp-json\/wp\/v2\/media?parent=172147"}],"curies":[{"name":"wp","href":"https:\/\/api.w.org\/{rel}","templated":true}]}}