{"id":171836,"date":"2024-09-11T12:36:36","date_gmt":"2024-09-11T11:36:36","guid":{"rendered":"https:\/\/globalshares2.wpengine.com\/tipos-de-planes-de-compra-de-acciones\/"},"modified":"2025-11-25T12:03:03","modified_gmt":"2025-11-25T12:03:03","slug":"tipos-de-planes-de-compra-de-acciones","status":"publish","type":"page","link":"https:\/\/www.jpmorganworkplacesolutions.com\/es\/tipos-de-planes-de-compra-de-acciones\/","title":{"rendered":"Tipos de planes de compra de acciones"},"content":{"rendered":"    <style>.jpm-banner-pillar{min-height:10vh;background:#fef8ef;position:relative}.jpm-banner-pillar .row{display:-webkit-box;display:-ms-flexbox;display:flex}.jpm-banner-pillar .row.bg-row{position:absolute;z-index:1;top:0;right:0;bottom:0;left:0}.jpm-banner-pillar .row.bg-row .col.col-2{min-height:700px}.jpm-banner-pillar .row .col{width:50%}.jpm-banner-pillar .row .col .jpm-banner.pillar-page{margin:0 0 1.5rem 0}.jpm-banner-pillar .row .col.col-2{border-radius:0 0 0 16px;overflow:hidden}.jpm-banner-pillar .row .col.col-2 img{display:block;width:100%;height:100%;-o-object-fit:cover;object-fit:cover}.jpm-banner-pillar .container{min-height:700px;position:relative;z-index:2}.jpm-banner-pillar .container .row .col.col-1{padding:7.5rem 4rem 7.5rem 0}.jpm-banner-pillar .container .row .col.col-1 p{font-size:18px;font-weight:200;line-height:138.889%;letter-spacing:.36px}.jpm-banner-pillar .container .row .col.col-1 p.tagline{text-transform:uppercase;font-weight:400;font-size:16px;line-height:100%;letter-spacing:.16px;color:#936846;margin:0 0 1.25rem 0}.jpm-banner-pillar .container .row .col.col-1 p:last-child{margin:0}.jpm-banner-pillar .container .row .col.col-1 .cta{margin-top:3.75rem}.jpm-banner-pillar .container .row .col.col-1 .cta.video-btn{display:-webkit-box;display:-ms-flexbox;display:flex;-webkit-box-align:center;-ms-flex-align:center;align-items:center}.jpm-banner-pillar .container .row .col.col-1 .cta.video-btn button{margin:0 0 1rem 2rem;font-weight:200;line-height:138.889%!important;letter-spacing:.36px;cursor:pointer;background-color:unset;-webkit-transition:all .4s linear;transition:all .4s linear}.jpm-banner-pillar .container .row .col.col-1 .cta.video-btn button:hover{background:#0a5264}.jpm-banner-pillar .container .row .col.col-1 .cta.video-btn p:last-child{margin:0 0 1rem 2rem}.jpm-banner-pillar .container .row .col.col-1 .cta.video-btn p a#jpm-video-button{position:relative;padding-left:calc(2.25rem + 12px)}.jpm-banner-pillar .container .row .col.col-1 .cta.video-btn p a#jpm-video-button:before{content:\"\";display:block;width:24px;height:24px;background-image:url(\"https:\/\/www.jpmorganworkplacesolutions.com\/wp-content\/themes\/global-shares-theme\/images\/icons\/play-icon.svg\");background-size:contain;background-repeat:no-repeat;background-position:center center;position:absolute;top:50%;left:0;-webkit-transform:translate(50%,-50%);transform:translate(50%,-50%)}.jpm-banner-pillar .container .row .col.col-1 .cta.video-btn p a#jpm-video-button:hover:before{background-image:url(\"https:\/\/www.jpmorganworkplacesolutions.com\/wp-content\/themes\/global-shares-theme\/images\/icons\/play-icon-white.svg\")}.jpm-banner-pillar-sp{background:#fef8ef;height:6rem}#jpm-video-container{display:none;position:fixed;top:0;right:0;bottom:0;left:0;background:rgba(0,0,0,.3)}#jpm-video-container #jpm-video{position:absolute;top:50%;left:50%;-webkit-transform:translate(-50%,-50%);transform:translate(-50%,-50%);background:#fff;width:960px;height:540px;border-radius:8px;overflow:hidden}#jpm-video-container #jpm-video video{width:100%;height:auto;-o-object-fit:contain;object-fit:contain}@media screen and (max-width:56.25rem){.jpm-banner-pillar{display:-webkit-box;display:-ms-flexbox;display:flex;-ms-flex-wrap:wrap;flex-wrap:wrap}.jpm-banner-pillar .row.bg-row{width:100%;-webkit-box-ordinal-group:3;-ms-flex-order:2;order:2;position:relative;top:unset;right:unset;bottom:unset;left:unset}.jpm-banner-pillar .row.bg-row .col.col-2{min-height:370px}.jpm-banner-pillar .row .col.col-1{width:5%}.jpm-banner-pillar .row .col.col-2{width:95%;border-radius:16px 0 0 16px}.jpm-banner-pillar .container{min-height:unset;-webkit-box-ordinal-group:2;-ms-flex-order:1;order:1}.jpm-banner-pillar .container .row{-ms-flex-wrap:wrap;flex-wrap:wrap}.jpm-banner-pillar .container .row .col.col-1{width:100%;padding:2.5rem 0 2rem 0}.jpm-banner-pillar .container .row .col.col-1 .jpm-banner{width:88%}.jpm-banner-pillar .container .row .col.col-1 p br{display:none}.jpm-banner-pillar .container .row .col.col-1 p.tagline{margin:0 0 1.75rem 0}.jpm-banner-pillar .container .row .col.col-1 .cta{margin-top:3rem}.jpm-banner-pillar .container .row .col.col-1 .cta.video-btn{-ms-flex-wrap:wrap;flex-wrap:wrap}.jpm-banner-pillar .container .row .col.col-1 .cta.video-btn button{margin:0}.jpm-banner-pillar .container .row .col.col-1 .cta.video-btn p{width:100%}.jpm-banner-pillar .container .row .col.col-1 .cta.video-btn p:last-child{margin:.25rem 0 1rem 0}.jpm-banner-pillar-sp{height:2.5rem}.jpm-banner-pillar{display:-webkit-box;display:-ms-flexbox;display:flex;-ms-flex-wrap:wrap;flex-wrap:wrap}.jpm-banner-pillar .row.bg-row{width:100%;-webkit-box-ordinal-group:3;-ms-flex-order:2;order:2;position:relative;top:unset;right:unset;bottom:unset;left:unset}.jpm-banner-pillar .row.bg-row .col.col-2{min-height:370px}.jpm-banner-pillar .row .col.col-1{width:5%}.jpm-banner-pillar .row .col.col-2{width:95%;border-radius:16px 0 0 16px}.jpm-banner-pillar .container{min-height:unset;-webkit-box-ordinal-group:2;-ms-flex-order:1;order:1}.jpm-banner-pillar .container .row{-ms-flex-wrap:wrap;flex-wrap:wrap}.jpm-banner-pillar .container .row .col.col-1{width:100%;padding:2.5rem 0 2rem 0}.jpm-banner-pillar .container .row .col.col-1 .jpm-banner{width:100%}.jpm-banner-pillar .container .row .col.col-1 p br{display:none}.jpm-banner-pillar .container .row .col.col-1 p.tagline{margin:0 0 1.75rem 0}.jpm-banner-pillar .container .row .col.col-1 .cta{margin-top:3rem}.jpm-banner-pillar .container .row .col.col-1 .cta.video-btn{-ms-flex-wrap:wrap;flex-wrap:wrap}.jpm-banner-pillar .container .row .col.col-1 .cta.video-btn button{margin:0}.jpm-banner-pillar .container .row .col.col-1 .cta.video-btn p{width:100%}.jpm-banner-pillar .container .row .col.col-1 .cta.video-btn p:last-child{margin:.25rem 0 1rem 0}}<\/style>\n    <section  class=\"jpm-banner-pillar jpm-block full-width\">\n        <div class=\"row bg-row\">\n            <div class=\"col col-1\"><\/div>\n            <div class=\"col col-2 gsap-fade-in-right\">\n                                <picture>\n                                        <img alt=\"Employee share schemes\" fetchpriority=\"high\" decoding=\"async\" src=\"https:\/\/www.jpmorganworkplacesolutions.com\/wp-content\/uploads\/2024\/09\/employee-share-schemes-1.jpg\">\n                <\/picture>\n            <\/div> <!-- .col-2 -->\n        <\/div> <!-- .row -->\n        <div class=\"container\">\n            <div class=\"row\">\n                <div class=\"col col-1 gsap-fade-in-left\">\n                                            <p class=\"tagline\">Tipos de planes de compra de acciones<\/p>\n                                        <h2 class=\"jpm-banner pillar-page\">Planes para todo tipo de necesidades empresariales<\/h2>\n                    <p>El plan de acciones que mejor se adapte a su compa\u00f1\u00eda depender\u00e1 de varios factores, incluidos sus objetivos comerciales, ubicaci\u00f3n, tipo de participante objetivo y m\u00e1s. Descubra c\u00f3mo podemos ayudarle. <\/p>\n                        <div class=\"cta\">\n                            <p><a href=\"\/es\/enterprise-demonstration\/\" title=\"Solicitar una demostraci\u00f3n\" class=\"gs-button-new dark-green\">Solicitar una demostraci\u00f3n<\/a><\/p>\n                                                                                <\/div> <!-- .cta -->\n                                    <\/div> <!-- .col-1 -->\n                <div class=\"col col-2\"><\/div>\n            <\/div> <!-- .row -->\n        <\/div> <!-- .container -->\n    <\/section> <!-- .jpm-banner-pillar -->\n    <div class=\"jpm-banner-pillar-sp full-width\"><\/div>\n\n    <div  class=\"jpm-content-over-full-width-image jpm-block full-width mb-6 mobile-mb-4\" style=\"--desktop-bg-img:url('https:\/\/www.jpmorganworkplacesolutions.com\/wp-content\/uploads\/2024\/06\/image-3-web-size.jpg');--mobile-bg-img:url('https:\/\/www.jpmorganworkplacesolutions.com\/wp-content\/uploads\/2024\/06\/image-3-1_web-size.jpg');\">\n        <div class=\"container\">\n            <div class=\"row\">\n                <div class=\"col col-1\"><\/div> <!-- .col-1 -->\n                <div class=\"col col-2\" style=\"--background-color:#f5f7f8\">\n                    <div class=\"gsap-fade-in-up\">\n                                                <h2>Opciones que se adaptan a sus necesidades<\/h2>\n<p>La compensaci\u00f3n en acciones ha demostrado ser un medio eficaz, tanto en empresas cotizadas como empresas no cotizadas, grandes y peque\u00f1as, a la hora de ayudar a impulsar la retenci\u00f3n de empleados y mejorar su motivaci\u00f3n, compromiso y productividad.<\/p>\n                    <\/div>\n                <\/div> <!-- .col-2 -->\n            <\/div> <!-- .row -->\n        <\/div> <!-- .container -->\n    <\/div> <!-- .jpm-content-over-full-width-image -->\n\n\n    <section  class=\"lp-plans-section jpm-block\">\n        <h2 class=\"gsap-fade-in-up\">Planes de acciones para empleados <br>de empresas no cotizadas y cotizadas<\/h2>\n                    <ul class=\"plans-row-one\">\n                                    <li class=\"gsap-fade-in-up\">\n                        <div>\n                            <p class=\"tagline\">Planes de acciones por desempe\u00f1o<\/p>\n                            <h4>PSU<\/h4>\n                            <p>Incentive y motive a los empleados.<\/p>\n                        <\/div>\n                        <div class=\"cta\">\n                            <p><a href=\"\/es\/planes-de-acciones-por-desempeno\/\" title=\"Explorar PSU\" class=\"gs-button-new dark-green\">Explorar PSU<\/a><\/p>\n                        <\/div> <!-- .cta -->\n                    <\/li>\n                                    <li class=\"gsap-fade-in-up\">\n                        <div>\n                            <p class=\"tagline\">Planes de opciones sobre acciones<\/p>\n                            <h4>SOP<\/h4>\n                            <p>Vincule las recompensas de los empleados a su crecimiento.<\/p>\n                        <\/div>\n                        <div class=\"cta\">\n                            <p><a href=\"\/es\/planes-de-opciones\/\" title=\"Explorar SOP\" class=\"gs-button-new dark-green\">Explorar SOP<\/a><\/p>\n                        <\/div> <!-- .cta -->\n                    <\/li>\n                            <\/ul>\n                <div class=\"row row-one\">\n            <div class=\"col col-1\">\n                                    <ul class=\"plans-row-two\">\n                                                    <li class=\"gsap-fade-in-up\">\n                                <div>\n                                    <p class=\"tagline\">Todos los planes de compra de acciones para empleados<\/p>\n                                    <h4>ESPP<\/h4>\n                                    <p>Una forma simple y rentable de incentivar a los empleados y darles una participaci\u00f3n en su compa\u00f1\u00eda.<\/p>\n                                <\/div>\n                                <div class=\"cta\">\n                                    <p><a href=\"\/es\/planes-de-compra-de-acciones-para-empleados\/\" title=\"Explorar ESPP\" class=\"gs-button-new dark-green\">Explorar ESPP<\/a><\/p>\n                                <\/div> <!-- .cta -->\n                            <\/li>\n                                                    <li class=\"gsap-fade-in-up\">\n                                <div>\n                                    <p class=\"tagline\">Programas de incentivos de gesti\u00f3n<\/p>\n                                    <h4>LTIP<\/h4>\n                                    <p>Fomente el comportamiento positivo de los empleados vinculando sus recompensas al desempe\u00f1o de su compa\u00f1\u00eda a largo plazo.<\/p>\n                                <\/div>\n                                <div class=\"cta\">\n                                    <p><a href=\"\/es\/planes-de-incentivos-a-largo-plazo-ltip\/\" title=\"Explorar LTIP\" class=\"gs-button-new dark-green\">Explorar LTIP<\/a><\/p>\n                                <\/div> <!-- .cta -->\n                            <\/li>\n                                            <\/ul>\n                            <\/div> <!-- .col-1 -->\n            <div class=\"col col-2 gsap-fade-in-right\">\n                                                            <img decoding=\"async\" class=\"upper-sub-image\" src=\"https:\/\/www.jpmorganworkplacesolutions.com\/wp-content\/uploads\/2025\/03\/sop-share-plan.jpg\" alt=\"Share Option Plans\" \/>\n                                        <img decoding=\"async\" class=\"main-image\" src=\"https:\/\/www.jpmorganworkplacesolutions.com\/wp-content\/uploads\/2024\/09\/employee-share-plans.jpg\" alt=\"Employee share plans\" \/>\n                                            <img decoding=\"async\" class=\"lower-sub-image\" src=\"https:\/\/www.jpmorganworkplacesolutions.com\/wp-content\/uploads\/2025\/03\/share-play-sop.jpg\" alt=\"SOP\" \/>\n                                                <\/div> <!-- .col-2 -->\n        <\/div> <!-- .row-one -->\n                <div class=\"row row-two\">\n            <div class=\"col col-1 gsap-fade-in-left\">\n                                                            <img decoding=\"async\" class=\"upper-sub-image\" src=\"https:\/\/www.jpmorganworkplacesolutions.com\/wp-content\/uploads\/2024\/08\/cap-table-upper.jpg\" alt=\"\" \/>\n                                        <img decoding=\"async\" class=\"main-image\" src=\"https:\/\/www.jpmorganworkplacesolutions.com\/wp-content\/uploads\/2024\/09\/employee-share-administration-plans.jpg\" alt=\"Employee share plan administration\" \/>\n                                            <img decoding=\"async\" class=\"lower-sub-image\" src=\"https:\/\/www.jpmorganworkplacesolutions.com\/wp-content\/uploads\/2024\/08\/cap-table-lower.jpg\" alt=\"\" \/>\n                                                <\/div> <!-- .col-1 -->\n            <div class=\"col col-2\">\n                                    <ul class=\"plans-row-four\">\n                                                    <li class=\"gsap-fade-in-up\">\n                                <div>\n                                    <p class=\"tagline\">Planes de acciones restringidas<\/p>\n                                    <h4>RSU<\/h4>\n                                    <p>Dise\u00f1ados para aumentar la retenci\u00f3n a medio y largo plazo.<\/p>\n                                <\/div>\n                                <div class=\"cta\">\n                                    <p><a href=\"\/es\/rsu\/\" title=\"Explorar RSU\" class=\"gs-button-new dark-green\">Explorar RSU<\/a><\/p>\n                                <\/div> <!-- .cta -->\n                            <\/li>\n                                            <\/ul>\n                            <\/div> <!-- .col-2 -->\n        <\/div> <!-- .row-two -->\n    <\/section> <!-- .lp-plans-section -->\n\n\n<div  class=\"single-review-block full-width gsap-fade-in-up green\">\n    <div class=\"container\">\n        <div class=\"single-review-inner\">\n            <div id=\"single-review-owl-69fea48f36c88\" class=\"single-review-carousel owl-carousel owl-theme\">\n                                        <div class=\"single-review-slide\" data-index=\"1\">\n                            <div class=\"review\">\n                                <p>\u201cVery comprehensive product \u2013 it delivers everything that is needed for managing share and share option plans. It will help our employees to realise the value of their benefit of being an owner of the company and help me in terms of the administration.\u201d<\/p>\n                            <\/div> <!-- .review -->\n                            <p class=\"person\">Damien G.<\/p>\n                            <p class=\"position\">Jefe Global de Recompensas por desempe\u00f1o en Nortal<\/p>\n                            <p class=\"position testimonial-disclaimer\">Client testimonial may not be representative of other client experiences<\/p>                        <\/div> <!-- .single-review-slide -->\n                                                <\/div> <!-- .single-review-carousel -->\n                    <\/div> <!-- .global-shares-single-review-inner -->\n    <\/div> <!-- .container -->\n    <script>\n        jQuery(document).ready(function(c){c(function(){let e=document.getElementById(\"single-review-owl-69fea48f36c88\");(e=c(e)).addClass(\"testimonials-visible\"),e.owlCarousel({items:1,loop:!1,mouseDrag:!1,touchDrag:!1,autoplay:!1,nav:!1,dots:!1,margin:0,stagePadding:0});var t=e.closest(\".container\").get(0);let i=t.querySelector(\".jpm-r-owl-next\"),a=t.querySelector(\".jpm-r-owl-prev\"),n=t.querySelector(\".jpm-r-slide-total\"),s=t.querySelector(\".jpm-r-slides-counter\");i&&a&&(i.addEventListener(\"click\",function(){this.classList.contains(\"inactive\")||e.trigger(\"next.owl.carousel\")}),a.addEventListener(\"click\",function(){this.classList.contains(\"active\")&&e.trigger(\"prev.owl.carousel\")}),e.on(\"changed.owl.carousel\",function(e){var t=parseInt(n.innerHTML,10),e=c(e.target).find(\".owl-item\").eq(e.item.index).find(\".single-review-slide\").data(\"index\");1===(s.innerHTML=e)?a.classList.remove(\"active\"):a.classList.add(\"active\"),e===t?i.classList.add(\"inactive\"):i.classList.remove(\"inactive\")}),parseInt(n.innerHTML,10)<=1?t.querySelector(\".expanded-nav\").classList.add(\"hidden\"):(a.classList.remove(\"active\"),i.classList.remove(\"inactive\")),c(\".owl-carousel\").each(function(){c(this).find(\".owl-dot\").each(function(e){c(this).attr(\"aria-label\",e+1)})}))})});\n                let section69fea48f380da = document.getElementById('single-review-owl-69fea48f36c88'),\n            sectionParent69fea48f380da = section69fea48f380da.closest('.jpm-single-post-content');\n        if(sectionParent69fea48f380da){\n            let sectionBlock69fea48f380da = section69fea48f380da.closest('.single-review-block');\n            sectionBlock69fea48f380da.classList.remove('full-width');\n            sectionBlock69fea48f380da.classList.add('single-post-review-block');\n        }\n    <\/script>\n<\/div> <!-- .single-review-block -->\n\n\n    <section  class=\"jpm-end-of-page-cta jpm-block mt-4 mobile-mt-2 green\">\n        <div class=\"end-of-page-cta-content\">\n            <h4>Si usted tiene necesidades administrativas, <br \/>nosotros podemos ayudarle ofreciendo las soluciones.<\/h4>\n<p>Automatice los informes manuales de compensaci\u00f3n en acciones.<\/p>\n        <\/div> <!-- .end-of-page-cta-content -->\n                    <div class=\"cta\">\n                <p><a href=\"\/es\/enterprise-demonstration\/\" title=\"Hable con nosotros\" class=\"gs-button-new dark-green-white\">Hable con nosotros<\/a><\/p>\n            <\/div> <!-- .cta -->\n            <\/section> <!-- .jpm-end-of-page-cta -->\n","protected":false},"excerpt":{"rendered":"","protected":false},"author":3,"featured_media":0,"parent":0,"menu_order":0,"comment_status":"closed","ping_status":"closed","template":"","meta":{"_acf_changed":false,"footnotes":""},"class_list":["post-171836","page","type-page","status-publish","hentry"],"acf":[],"_links":{"self":[{"href":"https:\/\/www.jpmorganworkplacesolutions.com\/es\/wp-json\/wp\/v2\/pages\/171836","targetHints":{"allow":["GET"]}}],"collection":[{"href":"https:\/\/www.jpmorganworkplacesolutions.com\/es\/wp-json\/wp\/v2\/pages"}],"about":[{"href":"https:\/\/www.jpmorganworkplacesolutions.com\/es\/wp-json\/wp\/v2\/types\/page"}],"author":[{"embeddable":true,"href":"https:\/\/www.jpmorganworkplacesolutions.com\/es\/wp-json\/wp\/v2\/users\/3"}],"replies":[{"embeddable":true,"href":"https:\/\/www.jpmorganworkplacesolutions.com\/es\/wp-json\/wp\/v2\/comments?post=171836"}],"version-history":[{"count":0,"href":"https:\/\/www.jpmorganworkplacesolutions.com\/es\/wp-json\/wp\/v2\/pages\/171836\/revisions"}],"wp:attachment":[{"href":"https:\/\/www.jpmorganworkplacesolutions.com\/es\/wp-json\/wp\/v2\/media?parent=171836"}],"curies":[{"name":"wp","href":"https:\/\/api.w.org\/{rel}","templated":true}]}}