{"id":171827,"date":"2024-06-14T17:44:22","date_gmt":"2024-06-14T16:44:22","guid":{"rendered":"https:\/\/globalshares2.wpengine.com\/equipos-financieros\/"},"modified":"2025-11-25T10:48:13","modified_gmt":"2025-11-25T10:48:13","slug":"equipos-financieros","status":"publish","type":"page","link":"https:\/\/www.jpmorganworkplacesolutions.com\/es\/equipos-financieros\/","title":{"rendered":"Equipos financieros"},"content":{"rendered":"    <style>.jpm-banner-use-cases{min-height:10vh;background:#fef8ef;position:relative;margin-bottom:6rem}.jpm-banner-use-cases:after{content:\"\";display:block;position:absolute;z-index:1;width:100%;height:12%;background:#fff;bottom:0;left:0}.jpm-banner-use-cases .container .row{display:-webkit-box;display:-ms-flexbox;display:flex;-webkit-box-align:start;-ms-flex-align:start;align-items:flex-start}.jpm-banner-use-cases .container .row .col{width:50%}.jpm-banner-use-cases .container .row .col.col-1{padding:5.78125rem 4rem 7.5rem 0}.jpm-banner-use-cases .container .row .col.col-1 .jpm-banner{margin:0 0 1.75rem 0}.jpm-banner-use-cases .container .row .col.col-1 p{font-size:18px;font-weight:200;line-height:138.889%;letter-spacing:.36px}.jpm-banner-use-cases .container .row .col.col-1 p.tagline{text-transform:uppercase;font-weight:400;font-size:16px;line-height:100%;letter-spacing:.16px;color:#936846;margin:0 0 1.25rem 0}.jpm-banner-use-cases .container .row .col.col-1 p:last-child{margin:0}.jpm-banner-use-cases .container .row .col.col-1 .cta{margin-top:4.75rem}.jpm-banner-use-cases .container .row .col.col-2 img{display:block;width:100%;height:auto;border-radius:0 0 12px 12px}@media screen and (max-width:56.25rem){.jpm-banner-use-cases{margin-bottom:4rem}.jpm-banner-use-cases .container{padding:0}.jpm-banner-use-cases .container .row{-ms-flex-wrap:wrap;flex-wrap:wrap}.jpm-banner-use-cases .container .row .col{width:100%}.jpm-banner-use-cases .container .row .col.col-1{padding:3.5rem 1rem 4rem 1rem}.jpm-banner-use-cases .container .row .col.col-1 .jpm-banner{width:88%}.jpm-banner-use-cases .container .row .col.col-1 p br{display:none}.jpm-banner-use-cases .container .row .col.col-1 p.tagline{margin:0 0 1.75rem 0}.jpm-banner-use-cases .container .row .col.col-1 .cta{margin-top:2.75rem}}.lang-ar .jpm-banner-use-cases .container .row .col.col-1{padding:5.78125rem 0 7.5rem 4rem}@media screen and (max-width:56.25rem){.lang-ar .jpm-banner-use-cases .container .row .col.col-1{padding:3.5rem 1rem 4rem 1rem}}<\/style>\n    <section  class=\"jpm-banner-use-cases jpm-block full-width\">\n        <div class=\"container\">\n            <div class=\"row\">\n                <div class=\"col col-1 gsap-fade-in-left\">\n                                            <p class=\"tagline\">financeFinanzas y Director financiero<\/p>\n                                        <h2 class=\"jpm-banner\">Aqu\u00ed le explicamos por qu\u00e9 nuestra plataforma es adecuada para usted<\/h2>\n                    <p>Independientemente de si est\u00e1 configurando un plan de compensaci\u00f3n en acciones por primera vez o est\u00e1 haciendo la transici\u00f3n desde un proveedor existente, nuestra plataforma puede ayudar a reducir la carga administrativa, adapt\u00e1ndose a las necesidades espec\u00edficas de su compa\u00f1\u00eda en cuanto a informes, impuestos, cumplimiento y mucho m\u00e1s.<\/p>\n                        <div class=\"cta\">\n                            <p><a href=\"\/es\/enterprise-demonstration\/\" title=\"EMPEZAR\" class=\"gs-button-new dark-green\">EMPEZAR<\/a><\/p>\n                        <\/div> <!-- .cta -->\n                                    <\/div> <!-- .col-1 -->\n                <div class=\"col col-2 gsap-fade-in-right\">\n                    <img loading=\"lazy\" decoding=\"async\" width=\"800\" height=\"800\" src=\"https:\/\/www.jpmorganworkplacesolutions.com\/wp-content\/uploads\/2024\/06\/finance-teams.jpg\" class=\"attachment-large size-large\" alt=\"finance-teams\" srcset=\"https:\/\/www.jpmorganworkplacesolutions.com\/wp-content\/uploads\/2024\/06\/finance-teams.jpg 800w, https:\/\/www.jpmorganworkplacesolutions.com\/wp-content\/uploads\/2024\/06\/finance-teams-300x300.jpg 300w, https:\/\/www.jpmorganworkplacesolutions.com\/wp-content\/uploads\/2024\/06\/finance-teams-150x150.jpg 150w, https:\/\/www.jpmorganworkplacesolutions.com\/wp-content\/uploads\/2024\/06\/finance-teams-768x768.jpg 768w\" sizes=\"auto, (max-width: 800px) 100vw, 800px\" \/>                <\/div>\n            <\/div> <!-- .row -->\n        <\/div> <!-- .container -->\n    <\/section> <!-- .jpm-use-cases -->\n\n\n    <section  class=\"jpm-left-full-image jpm-block full-width contained-image marble\">\n        <div class=\"jpm-bg-image gsap-fade-in-left\" style=\"background-image:url(https:\/\/www.jpmorganworkplacesolutions.com\/wp-content\/uploads\/2024\/06\/recruit-reward-retain.jpg);\"><\/div>\n        <div class=\"container\">\n            <div class=\"row\">\n                <div class=\"col col-1 gsap-fade-in-up\">\n                                    <\/div>\n                <div class=\"col col-2 gsap-fade-in-right marble\">\n                    <h2>Simplifique la administraci\u00f3n de planes de compensaciones en acciones<\/h2>\n<p>Una oferta de incentivos financieros atractiva puede ayudar a su compa\u00f1\u00eda a destacar en un mercado competitivo.<\/p>\n                <\/div> <!-- .col-2 -->\n            <\/div> <!-- .row -->\n        <\/div> <!-- .container -->\n    <\/section> <!-- .jpm-left-full-image -->\n\n\n    <section  class=\"jpm-features jpm-block mt-6 mobile-mt-4 alternating-images\">\n                                            <div class=\"row\">\n                    <div class=\"col col-1 gsap-fade-in-up\">\n                                                    <p class=\"tagline\">Creaci\u00f3n de informes<\/p>\n                                                <h3>R\u00e1pida, fiable y clara<\/h3>\n<p>La fiabilidad lo es todo. Mediante la generaci\u00f3n de informes con solo tocar un bot\u00f3n, sus planes estar\u00e1n siempre listos para su inspecci\u00f3n, ya sea por parte de inversores o accionistas o por departamentos de auditor\u00eda y cumplimiento. <\/p>\n                                                    <div class=\"cta\">\n                                <p><a href=\"\/es\/informes-de-inteligencia-empresarial\/\" title=\"EXPLORAR M\u00c1S\">EXPLORAR M\u00c1S<\/a><\/p>\n                            <\/div> <!-- .cta -->\n                                            <\/div> <!-- .col-1 -->\n                    <div class=\"col col-2 gsap-fade-in-up\">\n                        <img loading=\"lazy\" decoding=\"async\" width=\"1009\" height=\"1024\" src=\"https:\/\/www.jpmorganworkplacesolutions.com\/wp-content\/uploads\/2024\/06\/Finance-1-1009x1024.jpg\" class=\"attachment-large size-large\" alt=\"Finance\" srcset=\"https:\/\/www.jpmorganworkplacesolutions.com\/wp-content\/uploads\/2024\/06\/Finance-1-1009x1024.jpg 1009w, https:\/\/www.jpmorganworkplacesolutions.com\/wp-content\/uploads\/2024\/06\/Finance-1-296x300.jpg 296w, https:\/\/www.jpmorganworkplacesolutions.com\/wp-content\/uploads\/2024\/06\/Finance-1-768x779.jpg 768w, https:\/\/www.jpmorganworkplacesolutions.com\/wp-content\/uploads\/2024\/06\/Finance-1.jpg 1100w\" sizes=\"auto, (max-width: 1009px) 100vw, 1009px\" \/>                    <\/div> <!-- .col-2 -->\n                <\/div> <!-- .row -->\n                            <div class=\"row\">\n                    <div class=\"col col-1 gsap-fade-in-up\">\n                                                    <p class=\"tagline\">Escalabilidad<\/p>\n                                                <h3>Pase del sector privado al p\u00fablico trabajando con un solo sistema<\/h3>\n<p>Su compa\u00f1\u00eda no deber\u00eda sufrir restricciones en su ambici\u00f3n: nuestra plataforma le ayuda a pasar del sector privado al p\u00fablico, de una escala local a una global, con un recorrido fluido que transfiere sus datos de forma segura, en caso de que lo necesite.<\/p>\n                                            <\/div> <!-- .col-1 -->\n                    <div class=\"col col-2 gsap-fade-in-up\">\n                        <img loading=\"lazy\" decoding=\"async\" width=\"1009\" height=\"1024\" src=\"https:\/\/www.jpmorganworkplacesolutions.com\/wp-content\/uploads\/2024\/06\/Finance-2-1009x1024.jpg\" class=\"attachment-large size-large\" alt=\"Finance\" srcset=\"https:\/\/www.jpmorganworkplacesolutions.com\/wp-content\/uploads\/2024\/06\/Finance-2-1009x1024.jpg 1009w, https:\/\/www.jpmorganworkplacesolutions.com\/wp-content\/uploads\/2024\/06\/Finance-2-296x300.jpg 296w, https:\/\/www.jpmorganworkplacesolutions.com\/wp-content\/uploads\/2024\/06\/Finance-2-768x779.jpg 768w, https:\/\/www.jpmorganworkplacesolutions.com\/wp-content\/uploads\/2024\/06\/Finance-2.jpg 1100w\" sizes=\"auto, (max-width: 1009px) 100vw, 1009px\" \/>                    <\/div> <!-- .col-2 -->\n                <\/div> <!-- .row -->\n                        <\/section> <!-- .jpm-features -->\n\n\n    <section  class=\"jpm-three-blocks jpm-block\">\n                    <div class=\"three-blocks-title\">\n                <h2 class=\"jpm-cta-heading gsap-fade-in-up\">Beneficios<\/h2>\n            <\/div> <!-- .three-blocks-title -->\n                            <ul class=\"benefits-list\">\n                                    <li class=\"benefits-list-item gsap-fade-in-up\">\n                        <img loading=\"lazy\" decoding=\"async\" width=\"150\" height=\"150\" src=\"https:\/\/www.jpmorganworkplacesolutions.com\/wp-content\/uploads\/2024\/06\/reporting.svg\" class=\"attachment-thumbnail size-thumbnail\" alt=\"reporting\" \/><h4>Informes financieros automatizados<\/h4>\n<p>Reduzca la carga administrativa y ahorre tiempo: con todos los datos de su plan de acciones ubicados en un solo lugar, puede simplificar la presentaci\u00f3n de gastos, las divulgaciones, los impuestos diferidos y los informes beneficio por acci\u00f3n (BPA).<\/p>\n                    <\/li>\n                                    <li class=\"benefits-list-item gsap-fade-in-up\">\n                        <img loading=\"lazy\" decoding=\"async\" width=\"150\" height=\"150\" src=\"https:\/\/www.jpmorganworkplacesolutions.com\/wp-content\/uploads\/2024\/06\/compliance.svg\" class=\"attachment-thumbnail size-thumbnail\" alt=\"compliance\" \/><h4>Asistencia con el cumplimiento<\/h4>\n<p>A la hora de lidiar con requisitos fiscales de diferentes jurisdicciones y abordar las regulaciones a nivel local, el hecho de saber que est\u00e1 trabajando con un proveedor de confianza que puede ayudarle a garantizar que sus planes de acciones cumplan las normativas dondequiera que opere su compa\u00f1\u00eda es sin\u00f3nimo de tranquilidad.<\/p>\n                    <\/li>\n                                    <li class=\"benefits-list-item gsap-fade-in-up\">\n                        <img loading=\"lazy\" decoding=\"async\" width=\"150\" height=\"150\" src=\"https:\/\/www.jpmorganworkplacesolutions.com\/wp-content\/uploads\/2024\/06\/tailored-insights.svg\" class=\"attachment-thumbnail size-thumbnail\" alt=\"tailored-insights\" \/><h4>Datos personalizados<\/h4>\n<p>Los paneles personalizables y las funciones de informes din\u00e1micos le permiten crear, analizar y reformular informes en tiempo real. Obtenga acceso a informaci\u00f3n exhaustiva pero clara para mejorar sus planes. <\/p>\n                    <\/li>\n                            <\/ul>\n            <\/section> <!-- .jpm-three-blocks -->\n\n\n<div  class=\"single-review-block mt-0 full-width gsap-fade-in-up yellow\">\n    <div class=\"container\">\n        <div class=\"single-review-inner\">\n            <div id=\"single-review-owl-69fb04ea96b20\" class=\"single-review-carousel owl-carousel owl-theme\">\n                                        <div class=\"single-review-slide\" data-index=\"1\">\n                            <div class=\"review\">\n                                <p>\u201cUno de los mayores requerimientos para la presentaci\u00f3n ante la SEC es el traslado al pr\u00f3ximo ejercicio de las acciones, el roll forward. Se presenta en nuestro estado de situaci\u00f3n de acciones neto y tambi\u00e9n en nuestras observaciones. Para empezar, es necesario tener un balance inicial y tener claro lo que est\u00e1 pendiente y luego hacer un seguimiento de lo que sucede durante el periodo de notificaci\u00f3n. Utilizamos Workplace Solutions para todo este trabajo\u201d.<\/p>\n                            <\/div> <!-- .review -->\n                            <p class=\"person\">Lily Anne Nueva Espana,<\/p>\n                            <p class=\"position\">Directora de Contabilidad Global, Coupang<\/p>\n                            <p class=\"position testimonial-disclaimer\">Client testimonial may not be representative of other client experiences<\/p>                        <\/div> <!-- .single-review-slide -->\n                                                <\/div> <!-- .single-review-carousel -->\n                    <\/div> <!-- .global-shares-single-review-inner -->\n    <\/div> <!-- .container -->\n    <script>\n        jQuery(document).ready(function(c){c(function(){let e=document.getElementById(\"single-review-owl-69fb04ea96b20\");(e=c(e)).addClass(\"testimonials-visible\"),e.owlCarousel({items:1,loop:!1,mouseDrag:!1,touchDrag:!1,autoplay:!1,nav:!1,dots:!1,margin:0,stagePadding:0});var t=e.closest(\".container\").get(0);let i=t.querySelector(\".jpm-r-owl-next\"),a=t.querySelector(\".jpm-r-owl-prev\"),n=t.querySelector(\".jpm-r-slide-total\"),s=t.querySelector(\".jpm-r-slides-counter\");i&&a&&(i.addEventListener(\"click\",function(){this.classList.contains(\"inactive\")||e.trigger(\"next.owl.carousel\")}),a.addEventListener(\"click\",function(){this.classList.contains(\"active\")&&e.trigger(\"prev.owl.carousel\")}),e.on(\"changed.owl.carousel\",function(e){var t=parseInt(n.innerHTML,10),e=c(e.target).find(\".owl-item\").eq(e.item.index).find(\".single-review-slide\").data(\"index\");1===(s.innerHTML=e)?a.classList.remove(\"active\"):a.classList.add(\"active\"),e===t?i.classList.add(\"inactive\"):i.classList.remove(\"inactive\")}),parseInt(n.innerHTML,10)<=1?t.querySelector(\".expanded-nav\").classList.add(\"hidden\"):(a.classList.remove(\"active\"),i.classList.remove(\"inactive\")),c(\".owl-carousel\").each(function(){c(this).find(\".owl-dot\").each(function(e){c(this).attr(\"aria-label\",e+1)})}))})});\n                let section69fb04ea97aaa = document.getElementById('single-review-owl-69fb04ea96b20'),\n            sectionParent69fb04ea97aaa = section69fb04ea97aaa.closest('.jpm-single-post-content');\n        if(sectionParent69fb04ea97aaa){\n            let sectionBlock69fb04ea97aaa = section69fb04ea97aaa.closest('.single-review-block');\n            sectionBlock69fb04ea97aaa.classList.remove('full-width');\n            sectionBlock69fb04ea97aaa.classList.add('single-post-review-block');\n        }\n    <\/script>\n<\/div> <!-- .single-review-block -->\n\n\n    <section  class=\"jpm-end-of-page-cta jpm-block mb-6 mobile-mb-4 mt-6 mobile-mt-4 green\">\n        <div class=\"end-of-page-cta-content\">\n            <h4>Usted tiene problemas administrativos, nosotros podemos ayudarle con las soluciones.<\/h4>\n<p>Automatice los informes manuales de compensaci\u00f3n en acciones<\/p>\n        <\/div> <!-- .end-of-page-cta-content -->\n                    <div class=\"cta\">\n                <p><a href=\"\/es\/enterprise-demonstration\/\" title=\"Hable con nosotros\" class=\"gs-button-new dark-green-white\">Hable con nosotros<\/a><\/p>\n            <\/div> <!-- .cta -->\n            <\/section> <!-- .jpm-end-of-page-cta -->\n\n\n<section  class=\"posts-loop-section jpm-block\">\n    <div id=\"69fb04ea9a008\">\n        <div class=\"heading-section\">\n            <h3 class=\"main-heading\">ART\u00cdCULOS RELACIONADOS<\/h3>\n                    <\/div> <!-- .heading-section -->\n                    <ul class=\"blog-posts grid-six\">\n                                    <li class=\"blog-posts-item gsap-fade-in-up\">\n                        <div class=\"blog-posts-item-inner\">\n                            <div class=\"blog-posts-image\">\n                                <a href=\"https:\/\/www.jpmorganworkplacesolutions.com\/es\/insights\/software-de-gestion-de-planes-en-acciones\/\" title=\"\u00bfPor qu\u00e9 necesitas un software para gestionar planes de compensaci\u00f3n en acciones?\" target=\"_self\">\n                                    <img loading=\"lazy\" decoding=\"async\" width=\"768\" height=\"402\" src=\"https:\/\/www.jpmorganworkplacesolutions.com\/wp-content\/uploads\/2023\/10\/stock-plan-administration-software-e1650619914403-15-768x402.jpg\" class=\"filter-image-main\" alt=\"Illustration of a stock plan administration software interface|\" srcset=\"https:\/\/www.jpmorganworkplacesolutions.com\/wp-content\/uploads\/2023\/10\/stock-plan-administration-software-e1650619914403-15-768x402.jpg 768w, https:\/\/www.jpmorganworkplacesolutions.com\/wp-content\/uploads\/2023\/10\/stock-plan-administration-software-e1650619914403-15-300x157.jpg 300w, https:\/\/www.jpmorganworkplacesolutions.com\/wp-content\/uploads\/2023\/10\/stock-plan-administration-software-e1650619914403-15.jpg 1000w\" sizes=\"auto, (max-width: 768px) 100vw, 768px\" \/>                                <\/a>\n                            <\/div> <!-- .blog-posts-image -->\n                            <div class=\"blog-posts-card\">\n                                <div>\n                                                                                <div class=\"blog-posts-tags\">\n                                                <p><a href=\"https:\/\/www.jpmorganworkplacesolutions.com\/es\/insights\/tag\/software-es\/\">Software<\/a>, <a href=\"https:\/\/www.jpmorganworkplacesolutions.com\/es\/insights\/tag\/ver-todo-es\/\">Todo<\/a><\/p>\n                                            <\/div> <!-- .blog-posts-tags -->\n                                                                            <h6 class=\"sub-heading\"><a href=\"https:\/\/www.jpmorganworkplacesolutions.com\/es\/insights\/software-de-gestion-de-planes-en-acciones\/\" title=\"\u00bfPor qu\u00e9 necesitas un software para gestionar planes de compensaci\u00f3n en acciones?\" target=\"_self\">\u00bfPor qu\u00e9 necesitas un software para gestionar planes de compensaci\u00f3n en acciones?<\/a><\/h6>\n                                    <p class=\"date\">febrero 20, 2025<\/p>\n                                <\/div>\n                                <div>\n                                    <p class=\"jpm-read-more\"><a class=\"jpm-read-more-anchor\" href=\"https:\/\/www.jpmorganworkplacesolutions.com\/es\/insights\/software-de-gestion-de-planes-en-acciones\/\" title=\"Leer m\u00e1s\">Leer m\u00e1s<\/a><\/p>\n                                <\/div>\n                            <\/div> <!-- .blog-posts-card -->\n                        <\/div> <!-- .blog-posts-item-inner -->\n                    <\/li> <!-- .blog-posts-item -->\n                                    <li class=\"blog-posts-item gsap-fade-in-up\">\n                        <div class=\"blog-posts-item-inner\">\n                            <div class=\"blog-posts-image\">\n                                <a href=\"https:\/\/www.jpmorganworkplacesolutions.com\/es\/insights\/necesitas-un-software-de-gestion-para-tus-planes-en-acciones\/\" title=\"\u00bfNecesitas un software de gesti\u00f3n para tus planes en acciones?\" target=\"_self\">\n                                    <img loading=\"lazy\" decoding=\"async\" width=\"768\" height=\"401\" src=\"https:\/\/www.jpmorganworkplacesolutions.com\/wp-content\/uploads\/2023\/11\/equity-management-software-for-your-stock-plan-768x401.jpg\" class=\"filter-image-main\" alt=\"equity management software for your stock plan\" srcset=\"https:\/\/www.jpmorganworkplacesolutions.com\/wp-content\/uploads\/2023\/11\/equity-management-software-for-your-stock-plan-768x401.jpg 768w, https:\/\/www.jpmorganworkplacesolutions.com\/wp-content\/uploads\/2023\/11\/equity-management-software-for-your-stock-plan-300x157.jpg 300w, https:\/\/www.jpmorganworkplacesolutions.com\/wp-content\/uploads\/2023\/11\/equity-management-software-for-your-stock-plan-1024x535.jpg 1024w, https:\/\/www.jpmorganworkplacesolutions.com\/wp-content\/uploads\/2023\/11\/equity-management-software-for-your-stock-plan-1536x803.jpg 1536w, https:\/\/www.jpmorganworkplacesolutions.com\/wp-content\/uploads\/2023\/11\/equity-management-software-for-your-stock-plan.jpg 2000w\" sizes=\"auto, (max-width: 768px) 100vw, 768px\" \/>                                <\/a>\n                            <\/div> <!-- .blog-posts-image -->\n                            <div class=\"blog-posts-card\">\n                                <div>\n                                                                                <div class=\"blog-posts-tags\">\n                                                <p><a href=\"https:\/\/www.jpmorganworkplacesolutions.com\/es\/insights\/tag\/software-es\/\">Software<\/a><\/p>\n                                            <\/div> <!-- .blog-posts-tags -->\n                                                                            <h6 class=\"sub-heading\"><a href=\"https:\/\/www.jpmorganworkplacesolutions.com\/es\/insights\/necesitas-un-software-de-gestion-para-tus-planes-en-acciones\/\" title=\"\u00bfNecesitas un software de gesti\u00f3n para tus planes en acciones?\" target=\"_self\">\u00bfNecesitas un software de gesti\u00f3n para tus planes en acciones?<\/a><\/h6>\n                                    <p class=\"date\">junio 24, 2024<\/p>\n                                <\/div>\n                                <div>\n                                    <p class=\"jpm-read-more\"><a class=\"jpm-read-more-anchor\" href=\"https:\/\/www.jpmorganworkplacesolutions.com\/es\/insights\/necesitas-un-software-de-gestion-para-tus-planes-en-acciones\/\" title=\"Leer m\u00e1s\">Leer m\u00e1s<\/a><\/p>\n                                <\/div>\n                            <\/div> <!-- .blog-posts-card -->\n                        <\/div> <!-- .blog-posts-item-inner -->\n                    <\/li> <!-- .blog-posts-item -->\n                                    <li class=\"blog-posts-item gsap-fade-in-up\">\n                        <div class=\"blog-posts-item-inner\">\n                            <div class=\"blog-posts-image\">\n                                <a href=\"https:\/\/www.jpmorganworkplacesolutions.com\/es\/insights\/software-de-gestion-de-patrimonio-para-empresas-publicas\/\" title=\"Software de gesti\u00f3n de patrimonio para empresas p\u00fablicas\" target=\"_self\">\n                                    <img loading=\"lazy\" decoding=\"async\" width=\"526\" height=\"342\" src=\"https:\/\/www.jpmorganworkplacesolutions.com\/wp-content\/uploads\/2024\/06\/equity-management-solutions-public-companies.jpg\" class=\"filter-image-main\" alt=\"equity-management-solutions-public-companies\" srcset=\"https:\/\/www.jpmorganworkplacesolutions.com\/wp-content\/uploads\/2024\/06\/equity-management-solutions-public-companies.jpg 526w, https:\/\/www.jpmorganworkplacesolutions.com\/wp-content\/uploads\/2024\/06\/equity-management-solutions-public-companies-300x195.jpg 300w\" sizes=\"auto, (max-width: 526px) 100vw, 526px\" \/>                                <\/a>\n                            <\/div> <!-- .blog-posts-image -->\n                            <div class=\"blog-posts-card\">\n                                <div>\n                                                                                <div class=\"blog-posts-tags\">\n                                                <p><a href=\"https:\/\/www.jpmorganworkplacesolutions.com\/es\/insights\/tag\/compensacion-en-acciones\/\">Compensaci\u00f3n en acciones<\/a>, <a href=\"https:\/\/www.jpmorganworkplacesolutions.com\/es\/insights\/tag\/software-es\/\">Software<\/a><\/p>\n                                            <\/div> <!-- .blog-posts-tags -->\n                                                                            <h6 class=\"sub-heading\"><a href=\"https:\/\/www.jpmorganworkplacesolutions.com\/es\/insights\/software-de-gestion-de-patrimonio-para-empresas-publicas\/\" title=\"Software de gesti\u00f3n de patrimonio para empresas p\u00fablicas\" target=\"_self\">Software de gesti\u00f3n de patrimonio para empresas p\u00fablicas<\/a><\/h6>\n                                    <p class=\"date\">junio 4, 2024<\/p>\n                                <\/div>\n                                <div>\n                                    <p class=\"jpm-read-more\"><a class=\"jpm-read-more-anchor\" href=\"https:\/\/www.jpmorganworkplacesolutions.com\/es\/insights\/software-de-gestion-de-patrimonio-para-empresas-publicas\/\" title=\"Leer m\u00e1s\">Leer m\u00e1s<\/a><\/p>\n                                <\/div>\n                            <\/div> <!-- .blog-posts-card -->\n                        <\/div> <!-- .blog-posts-item-inner -->\n                    <\/li> <!-- .blog-posts-item -->\n                            <\/ul>\n                <div class=\"gs-posts-pagination\">\n                    <\/div> <!-- #gs-posts-pagination -->\n    <\/div>\n    <script>\n        document.addEventListener(\"DOMContentLoaded\", function() {\n            let currentList = document.getElementById('69fb04ea9a008');\n            if(currentList){\n                let currentListUl = currentList.querySelector('.blog-posts');\n                if (! currentListUl) {\n                    currentList.parentElement.style.display = 'none';\n                }\n            }\n        });\n    <\/script>\n<\/section> <!-- .posts-loop-section -->\n","protected":false},"excerpt":{"rendered":"","protected":false},"author":3,"featured_media":0,"parent":0,"menu_order":0,"comment_status":"closed","ping_status":"closed","template":"","meta":{"_acf_changed":false,"footnotes":""},"class_list":["post-171827","page","type-page","status-publish","hentry"],"acf":[],"_links":{"self":[{"href":"https:\/\/www.jpmorganworkplacesolutions.com\/es\/wp-json\/wp\/v2\/pages\/171827","targetHints":{"allow":["GET"]}}],"collection":[{"href":"https:\/\/www.jpmorganworkplacesolutions.com\/es\/wp-json\/wp\/v2\/pages"}],"about":[{"href":"https:\/\/www.jpmorganworkplacesolutions.com\/es\/wp-json\/wp\/v2\/types\/page"}],"author":[{"embeddable":true,"href":"https:\/\/www.jpmorganworkplacesolutions.com\/es\/wp-json\/wp\/v2\/users\/3"}],"replies":[{"embeddable":true,"href":"https:\/\/www.jpmorganworkplacesolutions.com\/es\/wp-json\/wp\/v2\/comments?post=171827"}],"version-history":[{"count":0,"href":"https:\/\/www.jpmorganworkplacesolutions.com\/es\/wp-json\/wp\/v2\/pages\/171827\/revisions"}],"wp:attachment":[{"href":"https:\/\/www.jpmorganworkplacesolutions.com\/es\/wp-json\/wp\/v2\/media?parent=171827"}],"curies":[{"name":"wp","href":"https:\/\/api.w.org\/{rel}","templated":true}]}}