{"id":171824,"date":"2023-08-24T11:00:55","date_gmt":"2023-08-24T10:00:55","guid":{"rendered":"https:\/\/globalshares2.wpengine.com\/comunicacion\/"},"modified":"2025-11-25T10:30:50","modified_gmt":"2025-11-25T10:30:50","slug":"comunicacion","status":"publish","type":"page","link":"https:\/\/www.jpmorganworkplacesolutions.com\/es\/comunicacion\/","title":{"rendered":"Comunicaci\u00f3n"},"content":{"rendered":"    <section  class=\"jpm-banner-solution jpm-block\" style=\"--bg-img:url('https:\/\/www.jpmorganworkplacesolutions.com\/wp-content\/uploads\/2025\/03\/communications.jpg');\">\n        <div class=\"row\">\n            <div class=\"col col-1 gsap-fade-in-up\">\n                                    <p class=\"tagline\">Comunicaci\u00f3n<\/p>\n                                <h2>Informar. Formar. Inspirar.  <\/h2>\n<p>El compromiso lo es todo. Si sus empleados no entienden su compensaci\u00f3n en acciones, ser\u00e1 menos probable que las valoren. La comunicaci\u00f3n y la formaci\u00f3n son fundamentales para lograr que sus empleados aprecien el valor de ser accionistas de su organizaci\u00f3n.  <\/p>\n<p>Descubra c\u00f3mo podemos informar, formar e inspirar a sus participantes.<\/p>\n                    <div class=\"cta\">\n                        <p><a href=\"\/es\/enterprise-demonstration\/\" title=\"EMPEZAR AHORA\" class=\"gs-button-new dark-green-white-clear\">EMPEZAR AHORA<\/a><\/p>\n                    <\/div> <!-- .cta -->\n                            <\/div> <!-- .col-1 -->\n            <div class=\"col col-2\"><\/div> <!-- .col-2 -->\n        <\/div> <!-- .row -->\n    <\/section> <!-- .jpm-banner-solution -->\n\n\n    <section  class=\"jpm-left-image-outside-container full-width jpm-block yellow\">\n        <div class=\"container\">\n            <div class=\"row\">\n                <div class=\"col col-1\" id=\"bg-content-title-69f868cf072ea\" style=\"background-image:url(https:\/\/www.jpmorganworkplacesolutions.com\/wp-content\/uploads\/2024\/11\/equity-plan-comms-free-model.jpg);\"><\/div> <!-- .col-1 -->\n                <div class=\"col col-2\">\n                    <div class=\"gsap-fade-in-right\">\n                        <h2>Ofrecer momentos que importan<\/h2>\n<p>En J.P. Morgan Workplace Solutions, nuestro enfoque se centra en involucrar a los participantes en cada paso de su experiencia con sus acciones. Usamos correos electr\u00f3nicos, art\u00edculos, videos animados, infograf\u00edas, recorridos guiados, webinars y sesiones de preguntas y respuestas, dise\u00f1ados para todos los estilos y necesidades de aprendizaje. <\/p>\n                    <\/div>\n                <\/div> <!-- .col-2 -->\n            <\/div> <!-- .row -->\n        <\/div> <!-- .container -->\n    <\/section> <!-- .jpm-left-image-outside-container -->\n\n\n    <section  class=\"jpm-features jpm-block\">\n                    <div class=\"section-title\">\n                <h2 class=\"jpm-cta-heading gsap-fade-in-up\">Lo que ofrecemos<\/h2>\n            <\/div> <!-- .section-title -->\n                                            <div class=\"row\">\n                    <div class=\"col col-1 gsap-fade-in-up\">\n                                                    <p class=\"tagline\">Claridad<\/p>\n                                                <h3>Informaci\u00f3n compleja, simplificada<\/h3>\n<p>Si sus empleados no entienden el valor de sus acciones, es poco probable que las aprecien. Nuestro equipo de especialistas en comunicaci\u00f3n puede simplificar informaci\u00f3n compleja sobre concesiones y transformarla en contenido formativo que ayude a involucrar a sus empleados, usando los formatos y medios m\u00e1s adecuados para satisfacer sus necesidades. <\/p>\n                                            <\/div> <!-- .col-1 -->\n                    <div class=\"col col-2 gsap-fade-in-up\">\n                        <img loading=\"lazy\" decoding=\"async\" width=\"1024\" height=\"900\" src=\"https:\/\/www.jpmorganworkplacesolutions.com\/wp-content\/uploads\/2025\/03\/complex-information-simplified-1024x900.jpg\" class=\"attachment-large size-large\" alt=\"Complex information simplified\" srcset=\"https:\/\/www.jpmorganworkplacesolutions.com\/wp-content\/uploads\/2025\/03\/complex-information-simplified-1024x900.jpg 1024w, https:\/\/www.jpmorganworkplacesolutions.com\/wp-content\/uploads\/2025\/03\/complex-information-simplified-300x264.jpg 300w, https:\/\/www.jpmorganworkplacesolutions.com\/wp-content\/uploads\/2025\/03\/complex-information-simplified-768x675.jpg 768w, https:\/\/www.jpmorganworkplacesolutions.com\/wp-content\/uploads\/2025\/03\/complex-information-simplified.jpg 1320w\" sizes=\"auto, (max-width: 1024px) 100vw, 1024px\" \/>                    <\/div> <!-- .col-2 -->\n                <\/div> <!-- .row -->\n                            <div class=\"row\">\n                    <div class=\"col col-1 gsap-fade-in-up\">\n                                                    <p class=\"tagline\">Compromiso<\/p>\n                                                <h3>Dar vida a los premios<\/h3>\n<p>El compromiso empieza antes del lanzamiento, pero no termina all\u00ed: debe mantener a sus empleados informados durante todo el ciclo de vida de su plan, desde el otorgamiento hasta la asignaci\u00f3n e incluso despu\u00e9s. Un plan de comunicaci\u00f3n s\u00f3lido puede ayudarles a entender correctamente el valor que sus concesiones pueden aportar a su vida financiera en general. <\/p>\n                                            <\/div> <!-- .col-1 -->\n                    <div class=\"col col-2 gsap-fade-in-up\">\n                        <img loading=\"lazy\" decoding=\"async\" width=\"1024\" height=\"900\" src=\"https:\/\/www.jpmorganworkplacesolutions.com\/wp-content\/uploads\/2025\/03\/bring-awards-to-life-1024x900.jpg\" class=\"attachment-large size-large\" alt=\"Bring awards to life\" srcset=\"https:\/\/www.jpmorganworkplacesolutions.com\/wp-content\/uploads\/2025\/03\/bring-awards-to-life-1024x900.jpg 1024w, https:\/\/www.jpmorganworkplacesolutions.com\/wp-content\/uploads\/2025\/03\/bring-awards-to-life-300x264.jpg 300w, https:\/\/www.jpmorganworkplacesolutions.com\/wp-content\/uploads\/2025\/03\/bring-awards-to-life-768x675.jpg 768w, https:\/\/www.jpmorganworkplacesolutions.com\/wp-content\/uploads\/2025\/03\/bring-awards-to-life.jpg 1320w\" sizes=\"auto, (max-width: 1024px) 100vw, 1024px\" \/>                    <\/div> <!-- .col-2 -->\n                <\/div> <!-- .row -->\n                            <div class=\"row\">\n                    <div class=\"col col-1 gsap-fade-in-up\">\n                                                    <p class=\"tagline\">Formaci\u00f3n<\/p>\n                                                <h3>Empodere a los empleados<\/h3>\n<p>Cuando los empleados entienden el valor de sus acciones, est\u00e1n mejor posicionados para tomar decisiones informadas sobre c\u00f3mo esas acciones pueden ayudarles a alcanzar sus objetivos.<\/p>\n                                            <\/div> <!-- .col-1 -->\n                    <div class=\"col col-2 gsap-fade-in-up\">\n                        <img loading=\"lazy\" decoding=\"async\" width=\"1024\" height=\"900\" src=\"https:\/\/www.jpmorganworkplacesolutions.com\/wp-content\/uploads\/2025\/03\/empower-employees-1024x900.jpg\" class=\"attachment-large size-large\" alt=\"Empower employees\" srcset=\"https:\/\/www.jpmorganworkplacesolutions.com\/wp-content\/uploads\/2025\/03\/empower-employees-1024x900.jpg 1024w, https:\/\/www.jpmorganworkplacesolutions.com\/wp-content\/uploads\/2025\/03\/empower-employees-300x264.jpg 300w, https:\/\/www.jpmorganworkplacesolutions.com\/wp-content\/uploads\/2025\/03\/empower-employees-768x675.jpg 768w, https:\/\/www.jpmorganworkplacesolutions.com\/wp-content\/uploads\/2025\/03\/empower-employees.jpg 1320w\" sizes=\"auto, (max-width: 1024px) 100vw, 1024px\" \/>                    <\/div> <!-- .col-2 -->\n                <\/div> <!-- .row -->\n                            <div class=\"row\">\n                    <div class=\"col col-1 gsap-fade-in-up\">\n                                                    <p class=\"tagline\">Comodidad<\/p>\n                                                <h3>Reduzca la carga de trabajo<\/h3>\n<p>Nuestros paquetes de comunicaci\u00f3n y formaci\u00f3n pueden reducir la necesidad de apoyo individualizado y ayudar a reducir las consultas de los empleados, ahorrando as\u00ed tiempo y recursos a sus equipos de compensaci\u00f3n en acciones, RR. HH. y beneficios.<\/p>\n                                            <\/div> <!-- .col-1 -->\n                    <div class=\"col col-2 gsap-fade-in-up\">\n                        <img loading=\"lazy\" decoding=\"async\" width=\"1024\" height=\"900\" src=\"https:\/\/www.jpmorganworkplacesolutions.com\/wp-content\/uploads\/2025\/03\/lighten-your-load-1024x900.jpg\" class=\"attachment-large size-large\" alt=\"Lighten your load\" srcset=\"https:\/\/www.jpmorganworkplacesolutions.com\/wp-content\/uploads\/2025\/03\/lighten-your-load-1024x900.jpg 1024w, https:\/\/www.jpmorganworkplacesolutions.com\/wp-content\/uploads\/2025\/03\/lighten-your-load-300x264.jpg 300w, https:\/\/www.jpmorganworkplacesolutions.com\/wp-content\/uploads\/2025\/03\/lighten-your-load-768x675.jpg 768w, https:\/\/www.jpmorganworkplacesolutions.com\/wp-content\/uploads\/2025\/03\/lighten-your-load.jpg 1320w\" sizes=\"auto, (max-width: 1024px) 100vw, 1024px\" \/>                    <\/div> <!-- .col-2 -->\n                <\/div> <!-- .row -->\n                            <div class=\"row\">\n                    <div class=\"col col-1 gsap-fade-in-up\">\n                                                    <p class=\"tagline\">Colaboraci\u00f3n<\/p>\n                                                <h3>Fomente una cultura positiva<\/h3>\n<p>Cuando le otorga a los empleados una participaci\u00f3n en su compa\u00f1\u00eda, les motiva a comportarse como propietarios de la misma: cuando el negocio tenga \u00e9xito, tambi\u00e9n lo tendr\u00e1n ellos. Nuestra planificaci\u00f3n estrat\u00e9gica puede ayudar a expresar este mensaje para que los objetivos de sus empleados se alineen con sus objetivos comerciales en general. <\/p>\n                                            <\/div> <!-- .col-1 -->\n                    <div class=\"col col-2 gsap-fade-in-up\">\n                        <img loading=\"lazy\" decoding=\"async\" width=\"1024\" height=\"900\" src=\"https:\/\/www.jpmorganworkplacesolutions.com\/wp-content\/uploads\/2025\/03\/foster-a-positive-culture-1024x900.jpg\" class=\"attachment-large size-large\" alt=\"Foster a positive culture\" srcset=\"https:\/\/www.jpmorganworkplacesolutions.com\/wp-content\/uploads\/2025\/03\/foster-a-positive-culture-1024x900.jpg 1024w, https:\/\/www.jpmorganworkplacesolutions.com\/wp-content\/uploads\/2025\/03\/foster-a-positive-culture-300x264.jpg 300w, https:\/\/www.jpmorganworkplacesolutions.com\/wp-content\/uploads\/2025\/03\/foster-a-positive-culture-768x675.jpg 768w, https:\/\/www.jpmorganworkplacesolutions.com\/wp-content\/uploads\/2025\/03\/foster-a-positive-culture.jpg 1320w\" sizes=\"auto, (max-width: 1024px) 100vw, 1024px\" \/>                    <\/div> <!-- .col-2 -->\n                <\/div> <!-- .row -->\n                            <div class=\"row\">\n                    <div class=\"col col-1 gsap-fade-in-up\">\n                                                <h3>Interacci\u00f3n con las comunicaciones de los empleados<\/h3>\n<p>Nuestras ofertas se han dise\u00f1ado para adaptarse a cada empleado, independientemente de su ubicaci\u00f3n demogr\u00e1fica y geogr\u00e1fica. Elija entre una amplia gama de campa\u00f1as de comunicaci\u00f3n, incluidos correos electr\u00f3nicos, carteles, infograf\u00edas, recorridos guiados, v\u00eddeos animados e incluso webinars con preguntas y respuestas moderadas. Todos nuestros paquetes se crear\u00e1n pensando en su compa\u00f1\u00eda y su tipo de plan, con la pericia de nuestro equipo de especialistas.<\/p>\n                                            <\/div> <!-- .col-1 -->\n                    <div class=\"col col-2 gsap-fade-in-up\">\n                        <img loading=\"lazy\" decoding=\"async\" width=\"1024\" height=\"900\" src=\"https:\/\/www.jpmorganworkplacesolutions.com\/wp-content\/uploads\/2025\/03\/unique-to-your-workforce-1024x900.jpg\" class=\"attachment-large size-large\" alt=\"Unique to your workforce\" srcset=\"https:\/\/www.jpmorganworkplacesolutions.com\/wp-content\/uploads\/2025\/03\/unique-to-your-workforce-1024x900.jpg 1024w, https:\/\/www.jpmorganworkplacesolutions.com\/wp-content\/uploads\/2025\/03\/unique-to-your-workforce-300x264.jpg 300w, https:\/\/www.jpmorganworkplacesolutions.com\/wp-content\/uploads\/2025\/03\/unique-to-your-workforce-768x675.jpg 768w, https:\/\/www.jpmorganworkplacesolutions.com\/wp-content\/uploads\/2025\/03\/unique-to-your-workforce.jpg 1320w\" sizes=\"auto, (max-width: 1024px) 100vw, 1024px\" \/>                    <\/div> <!-- .col-2 -->\n                <\/div> <!-- .row -->\n                        <\/section> <!-- .jpm-features -->\n\n\n    <section  class=\"jpm-three-blocks jpm-block\">\n                    <div class=\"three-blocks-title\">\n                <h2 class=\"jpm-cta-heading gsap-fade-in-up\">Beneficios<\/h2>\n            <\/div> <!-- .three-blocks-title -->\n                            <ul class=\"benefits-list\">\n                                    <li class=\"benefits-list-item gsap-fade-in-up\">\n                        <img loading=\"lazy\" decoding=\"async\" width=\"150\" height=\"150\" src=\"https:\/\/www.jpmorganworkplacesolutions.com\/wp-content\/uploads\/2024\/06\/Education-that-inspires.svg\" class=\"attachment-thumbnail size-thumbnail\" alt=\"Communications - Education that inspires\" \/><h4>Formaci\u00f3n que inspira<\/h4>\n<p>Nuestros materiales explican su plan de manera que sus empleados puedan entenderlo f\u00e1cilmente. Desglosamos los puntos y principios clave utilizando un lenguaje sencillo y comprensible, con im\u00e1genes claras y atractivas. <\/p>\n                    <\/li>\n                                    <li class=\"benefits-list-item gsap-fade-in-up\">\n                        <img loading=\"lazy\" decoding=\"async\" width=\"150\" height=\"150\" src=\"https:\/\/www.jpmorganworkplacesolutions.com\/wp-content\/uploads\/2024\/06\/compliance-and-admin-made-easy.svg\" class=\"attachment-thumbnail size-thumbnail\" alt=\"compliance-and-admin-made-easy\" \/><h4>Opciones hechas a medida<\/h4>\n<p>Un paquete de comunicaciones destinado a ofrecerle un enfoque coordinado y multicanal  que se adapte mejor a las necesidades \u00fanicas de sus empleados. Trabajamos con usted para fomentar un compromiso de mayor calidad y m\u00e1s duradero.<\/p>\n                    <\/li>\n                                    <li class=\"benefits-list-item gsap-fade-in-up\">\n                        <img loading=\"lazy\" decoding=\"async\" width=\"150\" height=\"150\" src=\"https:\/\/www.jpmorganworkplacesolutions.com\/wp-content\/uploads\/2024\/06\/Tailored-to-your-needs.svg\" class=\"attachment-thumbnail size-thumbnail\" alt=\"Communications - Education that inspires\" \/><h4>Campa\u00f1as \u00fanicas para sus necesidades<\/h4>\n<p>Dise\u00f1adas por un equipo creativo dedicado, nuestras campa\u00f1as le permiten dar vida a sus concesiones.<\/p>\n                    <\/li>\n                            <\/ul>\n            <\/section> <!-- .jpm-three-blocks -->\n\n\n    <section  class=\"jpm-end-of-page-cta jpm-block mt-4 mobile-mt-2 green\">\n        <div class=\"end-of-page-cta-content\">\n            <h3>\u00bfNecesita ayuda para involucrar a los empleados con los planes de compra de acciones?<\/h3>\n<p>Conecte con nosotros<\/p>\n        <\/div> <!-- .end-of-page-cta-content -->\n                    <div class=\"cta\">\n                <p><a href=\"\/es\/enterprise-demonstration\/\" title=\"Programar una llamada\" class=\"gs-button-new dark-green-white\">Programar una llamada<\/a><\/p>\n            <\/div> <!-- .cta -->\n            <\/section> <!-- .jpm-end-of-page-cta -->\n\n\n<section  class=\"posts-loop-section mt-6 mobile-mt-4 jpm-block\">\n    <div id=\"69f868cf1400e\">\n        <div class=\"heading-section\">\n            <h3 class=\"main-heading\">ART\u00cdCULOS RELACIONADOS<\/h3>\n                    <\/div> <!-- .heading-section -->\n                    <ul class=\"blog-posts grid-six\">\n                                    <li class=\"blog-posts-item gsap-fade-in-up\">\n                        <div class=\"blog-posts-item-inner\">\n                            <div class=\"blog-posts-image\">\n                                <a href=\"https:\/\/www.jpmorganworkplacesolutions.com\/es\/insights\/compensacion-en-acciones-como-una-plataforma-global-puede-mejorar-el-compromiso-de-los-empleados\/\" title=\"Compensaci\u00f3n en acciones: c\u00f3mo una plataforma global puede mejorar el compromiso de los empleados\" target=\"_self\">\n                                    <img loading=\"lazy\" decoding=\"async\" width=\"768\" height=\"401\" src=\"https:\/\/www.jpmorganworkplacesolutions.com\/wp-content\/uploads\/2023\/10\/growth-platform-for-all-employees-21-768x401.jpeg\" class=\"filter-image-main\" alt=\"|employee-portal\" srcset=\"https:\/\/www.jpmorganworkplacesolutions.com\/wp-content\/uploads\/2023\/10\/growth-platform-for-all-employees-21-768x401.jpeg 768w, https:\/\/www.jpmorganworkplacesolutions.com\/wp-content\/uploads\/2023\/10\/growth-platform-for-all-employees-21-300x157.jpeg 300w, https:\/\/www.jpmorganworkplacesolutions.com\/wp-content\/uploads\/2023\/10\/growth-platform-for-all-employees-21-1024x535.jpeg 1024w, https:\/\/www.jpmorganworkplacesolutions.com\/wp-content\/uploads\/2023\/10\/growth-platform-for-all-employees-21-1536x803.jpeg 1536w, https:\/\/www.jpmorganworkplacesolutions.com\/wp-content\/uploads\/2023\/10\/growth-platform-for-all-employees-21.jpeg 2000w\" sizes=\"auto, (max-width: 768px) 100vw, 768px\" \/>                                <\/a>\n                            <\/div> <!-- .blog-posts-image -->\n                            <div class=\"blog-posts-card\">\n                                <div>\n                                                                                <div class=\"blog-posts-tags\">\n                                                <p><a href=\"https:\/\/www.jpmorganworkplacesolutions.com\/es\/insights\/tag\/esop-es\/\">ESOP<\/a>, <a href=\"https:\/\/www.jpmorganworkplacesolutions.com\/es\/insights\/tag\/espp-es\/\">ESPP<\/a>, <a href=\"https:\/\/www.jpmorganworkplacesolutions.com\/es\/insights\/tag\/ver-todo-es\/\">Todo<\/a><\/p>\n                                            <\/div> <!-- .blog-posts-tags -->\n                                                                            <h6 class=\"sub-heading\"><a href=\"https:\/\/www.jpmorganworkplacesolutions.com\/es\/insights\/compensacion-en-acciones-como-una-plataforma-global-puede-mejorar-el-compromiso-de-los-empleados\/\" title=\"Compensaci\u00f3n en acciones: c\u00f3mo una plataforma global puede mejorar el compromiso de los empleados\" target=\"_self\">Compensaci\u00f3n en acciones: c\u00f3mo una plataforma global puede mejorar el compromiso de los empleados<\/a><\/h6>\n                                    <p class=\"date\">junio 1, 2023<\/p>\n                                <\/div>\n                                <div>\n                                    <p class=\"jpm-read-more\"><a class=\"jpm-read-more-anchor\" href=\"https:\/\/www.jpmorganworkplacesolutions.com\/es\/insights\/compensacion-en-acciones-como-una-plataforma-global-puede-mejorar-el-compromiso-de-los-empleados\/\" title=\"Leer m\u00e1s\">Leer m\u00e1s<\/a><\/p>\n                                <\/div>\n                            <\/div> <!-- .blog-posts-card -->\n                        <\/div> <!-- .blog-posts-item-inner -->\n                    <\/li> <!-- .blog-posts-item -->\n                                    <li class=\"blog-posts-item gsap-fade-in-up\">\n                        <div class=\"blog-posts-item-inner\">\n                            <div class=\"blog-posts-image\">\n                                <a href=\"https:\/\/www.jpmorganworkplacesolutions.com\/es\/insights\/la-mejor-manera-de-gestionar-los-planes-de-incentivos-en-acciones\/\" title=\"La mejor manera de gestionar los planes de incentivos en acciones, R\" target=\"_self\">\n                                    <img loading=\"lazy\" decoding=\"async\" width=\"768\" height=\"401\" src=\"https:\/\/www.jpmorganworkplacesolutions.com\/wp-content\/uploads\/2023\/10\/equity-plans-22-768x401.jpeg\" class=\"filter-image-main\" alt=\"\" srcset=\"https:\/\/www.jpmorganworkplacesolutions.com\/wp-content\/uploads\/2023\/10\/equity-plans-22-768x401.jpeg 768w, https:\/\/www.jpmorganworkplacesolutions.com\/wp-content\/uploads\/2023\/10\/equity-plans-22-300x157.jpeg 300w, https:\/\/www.jpmorganworkplacesolutions.com\/wp-content\/uploads\/2023\/10\/equity-plans-22-1024x535.jpeg 1024w, https:\/\/www.jpmorganworkplacesolutions.com\/wp-content\/uploads\/2023\/10\/equity-plans-22-1536x803.jpeg 1536w, https:\/\/www.jpmorganworkplacesolutions.com\/wp-content\/uploads\/2023\/10\/equity-plans-22.jpeg 2000w\" sizes=\"auto, (max-width: 768px) 100vw, 768px\" \/>                                <\/a>\n                            <\/div> <!-- .blog-posts-image -->\n                            <div class=\"blog-posts-card\">\n                                <div>\n                                                                                <div class=\"blog-posts-tags\">\n                                                <p><a href=\"https:\/\/www.jpmorganworkplacesolutions.com\/es\/insights\/tag\/ver-todo-es\/\">Todo<\/a><\/p>\n                                            <\/div> <!-- .blog-posts-tags -->\n                                                                            <h6 class=\"sub-heading\"><a href=\"https:\/\/www.jpmorganworkplacesolutions.com\/es\/insights\/la-mejor-manera-de-gestionar-los-planes-de-incentivos-en-acciones\/\" title=\"La mejor manera de gestionar los planes de incentivos en acciones, R\" target=\"_self\">La mejor manera de gestionar los planes de incentivos en acciones, R<\/a><\/h6>\n                                    <p class=\"date\">julio 6, 2022<\/p>\n                                <\/div>\n                                <div>\n                                    <p class=\"jpm-read-more\"><a class=\"jpm-read-more-anchor\" href=\"https:\/\/www.jpmorganworkplacesolutions.com\/es\/insights\/la-mejor-manera-de-gestionar-los-planes-de-incentivos-en-acciones\/\" title=\"Leer m\u00e1s\">Leer m\u00e1s<\/a><\/p>\n                                <\/div>\n                            <\/div> <!-- .blog-posts-card -->\n                        <\/div> <!-- .blog-posts-item-inner -->\n                    <\/li> <!-- .blog-posts-item -->\n                                    <li class=\"blog-posts-item gsap-fade-in-up\">\n                        <div class=\"blog-posts-item-inner\">\n                            <div class=\"blog-posts-image\">\n                                <a href=\"https:\/\/www.jpmorganworkplacesolutions.com\/es\/insights\/comunicar-un-plan-en-acciones\/\" title=\"C\u00f3mo comunicar un plan en acciones a los empleados\" target=\"_self\">\n                                    <img loading=\"lazy\" decoding=\"async\" width=\"768\" height=\"401\" src=\"https:\/\/www.jpmorganworkplacesolutions.com\/wp-content\/uploads\/2023\/10\/How-and-why-equity-16-768x401.jpeg\" class=\"filter-image-main\" alt=\"\" srcset=\"https:\/\/www.jpmorganworkplacesolutions.com\/wp-content\/uploads\/2023\/10\/How-and-why-equity-16-768x401.jpeg 768w, https:\/\/www.jpmorganworkplacesolutions.com\/wp-content\/uploads\/2023\/10\/How-and-why-equity-16-300x157.jpeg 300w, https:\/\/www.jpmorganworkplacesolutions.com\/wp-content\/uploads\/2023\/10\/How-and-why-equity-16-1024x535.jpeg 1024w, https:\/\/www.jpmorganworkplacesolutions.com\/wp-content\/uploads\/2023\/10\/How-and-why-equity-16-1536x803.jpeg 1536w, https:\/\/www.jpmorganworkplacesolutions.com\/wp-content\/uploads\/2023\/10\/How-and-why-equity-16.jpeg 2000w\" sizes=\"auto, (max-width: 768px) 100vw, 768px\" \/>                                <\/a>\n                            <\/div> <!-- .blog-posts-image -->\n                            <div class=\"blog-posts-card\">\n                                <div>\n                                                                                <div class=\"blog-posts-tags\">\n                                                <p><a href=\"https:\/\/www.jpmorganworkplacesolutions.com\/es\/insights\/tag\/esop-es\/\">ESOP<\/a>, <a href=\"https:\/\/www.jpmorganworkplacesolutions.com\/es\/insights\/tag\/espp-es\/\">ESPP<\/a>, <a href=\"https:\/\/www.jpmorganworkplacesolutions.com\/es\/insights\/tag\/ver-todo-es\/\">Todo<\/a><\/p>\n                                            <\/div> <!-- .blog-posts-tags -->\n                                                                            <h6 class=\"sub-heading\"><a href=\"https:\/\/www.jpmorganworkplacesolutions.com\/es\/insights\/comunicar-un-plan-en-acciones\/\" title=\"C\u00f3mo comunicar un plan en acciones a los empleados\" target=\"_self\">C\u00f3mo comunicar un plan en acciones a los empleados<\/a><\/h6>\n                                    <p class=\"date\">junio 26, 2022<\/p>\n                                <\/div>\n                                <div>\n                                    <p class=\"jpm-read-more\"><a class=\"jpm-read-more-anchor\" href=\"https:\/\/www.jpmorganworkplacesolutions.com\/es\/insights\/comunicar-un-plan-en-acciones\/\" title=\"Leer m\u00e1s\">Leer m\u00e1s<\/a><\/p>\n                                <\/div>\n                            <\/div> <!-- .blog-posts-card -->\n                        <\/div> <!-- .blog-posts-item-inner -->\n                    <\/li> <!-- .blog-posts-item -->\n                            <\/ul>\n                <div class=\"gs-posts-pagination\">\n                    <\/div> <!-- #gs-posts-pagination -->\n    <\/div>\n    <script>\n        document.addEventListener(\"DOMContentLoaded\", function() {\n            let currentList = document.getElementById('69f868cf1400e');\n            if(currentList){\n                let currentListUl = currentList.querySelector('.blog-posts');\n                if (! currentListUl) {\n                    currentList.parentElement.style.display = 'none';\n                }\n            }\n        });\n    <\/script>\n<\/section> <!-- .posts-loop-section -->\n","protected":false},"excerpt":{"rendered":"","protected":false},"author":3,"featured_media":0,"parent":0,"menu_order":0,"comment_status":"closed","ping_status":"closed","template":"","meta":{"_acf_changed":false,"footnotes":""},"class_list":["post-171824","page","type-page","status-publish","hentry"],"acf":[],"_links":{"self":[{"href":"https:\/\/www.jpmorganworkplacesolutions.com\/es\/wp-json\/wp\/v2\/pages\/171824","targetHints":{"allow":["GET"]}}],"collection":[{"href":"https:\/\/www.jpmorganworkplacesolutions.com\/es\/wp-json\/wp\/v2\/pages"}],"about":[{"href":"https:\/\/www.jpmorganworkplacesolutions.com\/es\/wp-json\/wp\/v2\/types\/page"}],"author":[{"embeddable":true,"href":"https:\/\/www.jpmorganworkplacesolutions.com\/es\/wp-json\/wp\/v2\/users\/3"}],"replies":[{"embeddable":true,"href":"https:\/\/www.jpmorganworkplacesolutions.com\/es\/wp-json\/wp\/v2\/comments?post=171824"}],"version-history":[{"count":0,"href":"https:\/\/www.jpmorganworkplacesolutions.com\/es\/wp-json\/wp\/v2\/pages\/171824\/revisions"}],"wp:attachment":[{"href":"https:\/\/www.jpmorganworkplacesolutions.com\/es\/wp-json\/wp\/v2\/media?parent=171824"}],"curies":[{"name":"wp","href":"https:\/\/api.w.org\/{rel}","templated":true}]}}