{"id":171819,"date":"2023-08-22T13:43:39","date_gmt":"2023-08-22T12:43:39","guid":{"rendered":"https:\/\/globalshares2.wpengine.com\/pongase-en-contacto-con-nosotros\/"},"modified":"2025-11-25T09:15:37","modified_gmt":"2025-11-25T09:15:37","slug":"pongase-en-contacto-con-nosotros","status":"publish","type":"page","link":"https:\/\/www.jpmorganworkplacesolutions.com\/es\/pongase-en-contacto-con-nosotros\/","title":{"rendered":"P\u00f3ngase en contacto con nosotros"},"content":{"rendered":"    <section  class=\"jpm-banner-contact jpm-block full-width\" style=\"background-image:url(https:\/\/www.jpmorganworkplacesolutions.com\/wp-content\/uploads\/2024\/06\/contact-us.jpg);\">\n        <div class=\"container\">\n            <div class=\"row\">\n                <div class=\"col col-1 gsap-fade-in-left\">\n                    <h2>P\u00f3ngase en contacto con nosotros<\/h2>\n<p>\u00bfTiene alguna consulta y desea que le ayudemos a resolverla?<br \/>Ponerse en contacto con nosotros.<\/p>\n                <\/div> <!-- .col-1 -->\n                <div class=\"col col-2\"><\/div> <!-- .col-2 -->\n            <\/div> <!-- .row -->\n        <\/div> <!-- .container -->\n    <\/section> <!-- .jpm-banner-contact -->\n\n\n    <section  class=\"jpm-slider-blocks full-width jpm-block\">\n                            <div class=\"slider-blocks-title\">\n                <h2 class=\"jpm-cta-heading gsap-fade-in-up small-heading\">Seleccione la opci\u00f3n que m\u00e1s le convenga a continuaci\u00f3n para conectar con nosotros:<\/h2>\n            <\/div> <!-- .slider-blocks-title -->\n                                    <div id=\"slider-owl-69f8c5e10d91c\" class=\"slider-blocks-owl owl-carousel owl-theme marble\">\n                                    <div class=\"block-slide\" data-index=\"1\">\n                        <div>\n                                                    <img loading=\"lazy\" decoding=\"async\" width=\"150\" height=\"150\" src=\"https:\/\/www.jpmorganworkplacesolutions.com\/wp-content\/uploads\/2024\/06\/demo.svg\" class=\"attachment-thumbnail size-thumbnail\" alt=\"demo\" \/>                                                <h2>Demostraci\u00f3n personalizada<\/h2>\n<p>\u00bfLe interesan nuestros productos o servicios? Nuestro equipo de profesionales est\u00e1 listo para explicarle todas nuestras ofertas y ayudarle con cualquier consulta que pueda tener. <\/p>\n                        <\/div>\n                                                    <div class=\"cta\">\n                                <p><a href=\"\/es\/enterprise-demonstration\/\" title=\"Solicitar una demostraci\u00f3n\" class=\"gs-button-new dark-green\">Solicitar una demostraci\u00f3n<\/a><\/p>\n                            <\/div> <!-- .cta -->\n                                            <\/div> <!-- .block-slide -->\n                                    <div class=\"block-slide\" data-index=\"2\">\n                        <div>\n                                                    <img loading=\"lazy\" decoding=\"async\" width=\"150\" height=\"150\" src=\"https:\/\/www.jpmorganworkplacesolutions.com\/wp-content\/uploads\/2024\/06\/professional_support.svg\" class=\"attachment-thumbnail size-thumbnail\" alt=\"professional_support\" \/>                                                <h2>Centro de ayuda<\/h2>\n<p>\u00bfTiene alguna pregunta o necesita ayuda con su cuenta? Aqu\u00ed encontrar\u00e1 las respuestas a muchas consultas habituales. Tambi\u00e9n puede usar el formulario de solicitud para obtener una asistencia m\u00e1s personalizada. <\/p>\n                        <\/div>\n                                                    <div class=\"cta\">\n                                <p><a href=\"\/es\/centro-de-ayuda\/\" title=\"Obtener ayuda\" class=\"gs-button-new dark-green\">Obtener ayuda<\/a><\/p>\n                            <\/div> <!-- .cta -->\n                                            <\/div> <!-- .block-slide -->\n                                    <div class=\"block-slide\" data-index=\"3\">\n                        <div>\n                                                    <img loading=\"lazy\" decoding=\"async\" width=\"150\" height=\"150\" src=\"https:\/\/www.jpmorganworkplacesolutions.com\/wp-content\/uploads\/2024\/06\/patnerships.svg\" class=\"attachment-thumbnail size-thumbnail\" alt=\"patnerships\" \/>                                                <h2>Convi\u00e9rtase en partner<\/h2>\n<p>Nos sentimos orgullosos de trabajar con los mejores profesionales, empresas y personas afines de todo el mundo para ofrecer a nuestros clientes el m\u00e1s alto nivel de servicio y soporte.<\/p>\n                        <\/div>\n                                                    <div class=\"cta\">\n                                <p><a href=\"\/es\/asociaciones\/\" title=\"Presentar solicitud ahora\" class=\"gs-button-new dark-green\">Presentar solicitud ahora<\/a><\/p>\n                            <\/div> <!-- .cta -->\n                                            <\/div> <!-- .block-slide -->\n                                    <div class=\"block-slide\" data-index=\"4\">\n                        <div>\n                                                    <img loading=\"lazy\" decoding=\"async\" width=\"145\" height=\"150\" src=\"https:\/\/www.jpmorganworkplacesolutions.com\/wp-content\/uploads\/2024\/06\/create-communications-that-inspire.svg\" class=\"attachment-thumbnail size-thumbnail\" alt=\"create-communications-that-inspire\" \/>                                                <h2>Medios<\/h2>\n<p>Para consultas de medios o colaboraciones, nuestro equipo estar\u00e1 encantado de ayudar con comunicados de prensa, entrevistas y m\u00e1s.<\/p>\n                        <\/div>\n                                                    <div class=\"cta\">\n                                <p><a href=\"\/es\/enterprise-demonstration\/\" title=\"Ponerse en contacto con nosotros\" class=\"gs-button-new dark-green\">Ponerse en contacto con nosotros<\/a><\/p>\n                            <\/div> <!-- .cta -->\n                                            <\/div> <!-- .block-slide -->\n                            <\/div> <!-- .slider-blocks-owl -->\n            <div id=\"slider-owl-69f8c5e10d91c-cta\" class=\"container\">\n                <div class=\"row\">\n                    <div class=\"col col-1\">\n                        <div id=\"expanded-nav-slider-owl-69f8c5e10d91c\" class=\"expanded-nav\">\n                            <div id=\"owl-prev-slider-owl-69f8c5e10d91c\" class=\"nav-btn sb-owl-prev\"><\/div>\n                            <p><span id=\"sb-slides-counter-slider-owl-69f8c5e10d91c\">1<\/span>\/<span id=\"sb-slide-total-slider-owl-69f8c5e10d91c\">4<\/span><\/p>\n                            <div id=\"owl-next-slider-owl-69f8c5e10d91c\" class=\"nav-btn sb-owl-next\"><\/div>\n                        <\/div> <!-- .expanded-nav -->\n                    <\/div> <!-- .col-1 -->\n                                    <\/div> <!-- .row -->\n            <\/div> <!-- .container -->\n                        <script>\n            jQuery(document).ready(function($) {\n                function blockSliderBgImg(){\n                    let main = document.getElementById('main'),\n                        pageContainerWidth = main.querySelector('.container').offsetWidth,\n                        pageWidth = document.getElementById('page').offsetWidth,\n                        paddingWidth = (pageWidth - pageContainerWidth) \/ 2,\n                        parentElement = document.getElementById('slider-owl-69f8c5e10d91c').parentNode;\n                    if (document.documentElement.lang === 'ar') {\n                        parentElement.style.marginRight = paddingWidth + 'px';\n                        let extraPadding = paddingWidth * 2;\n                        document.getElementById('slider-owl-69f8c5e10d91c').style.transform = `translateX(${extraPadding}px)`;\n                    }else {\n                        parentElement.style.marginLeft = paddingWidth + 'px';\n                    }\n                    let ctaBtn = document.getElementById('slider-owl-69f8c5e10d91c-cta');\n                    if(ctaBtn){\n                        if (document.documentElement.lang === 'ar') {\n                            ctaBtn.style.transform = `translateX(${paddingWidth}px)`;\n                        }else{\n                            ctaBtn.style.transform = `translateX(-${paddingWidth}px)`;\n                        }\n                    }\n                    let background = document.getElementById('slider-owl-69f8c5e10d91c-bg');\n                    if(background){\n                        background.style.transform = `scaleX(-1) translateX(${paddingWidth}px)`;\n                    }\n                    let bgImage = document.getElementById('jpm-bg-img-slider-owl-69f8c5e10d91c');\n                    if(bgImage){\n                        if (document.documentElement.lang === 'ar') {\n                            bgImage.style.left = paddingWidth + 'px';\n                        }else{\n                            bgImage.style.right = paddingWidth + 'px';\n                        }\n\n                        let desiredHeight = document.querySelector('.jpm-slider-blocks').offsetHeight;\n                        bgImage.style.height = desiredHeight + 'px';\n                    }\n                }\n                window.addEventListener('resize', blockSliderBgImg);\n                $(function(){\n                    let sliderBlocksOwl = document.getElementById('slider-owl-69f8c5e10d91c');\n                    if(sliderBlocksOwl){\n                        let owl = $(sliderBlocksOwl);\n                        owl.owlCarousel({\n                            autoplay:false,\n                            nav:false,\n                            dots:false,\n                            responsiveClass:true,\n                            responsive:{\n                                0:{\n                                    items:1,\n                                    margin:20,\n                                    stagePadding:25,\n                                    mouseDrag:true,\n                                    touchDrag:true,\n                                    loop:false\n                                },\n                                900:{\n                                    items:4,\n                                    margin:52,\n                                    mouseDrag:false,\n                                    touchDrag:false,\n                                    loop:true\n                                }\n                            }\n                        });\n                        let myOwlNext = document.getElementById('owl-next-slider-owl-69f8c5e10d91c'),\n                            myOwlPrev = document.getElementById('owl-prev-slider-owl-69f8c5e10d91c');\n                        myOwlNext.addEventListener('click', function(){\n                            if(! this.classList.contains('inactive')){\n                                owl.trigger('next.owl.carousel');\n                            }\n                        });\n                        myOwlPrev.addEventListener('click', function(){\n                            if(this.classList.contains('active')){\n                                owl.trigger('prev.owl.carousel');\n                            }\n                        });\n                        owl.on('changed.owl.carousel', function(event) {\n                            let slideTotal = document.getElementById('sb-slide-total-slider-owl-69f8c5e10d91c').innerHTML,\n                                currentItem = $(event.target).find('.owl-item').eq(event.item.index),\n                                dataIndex = currentItem.find('.block-slide').data('index');\n                            slideTotal = Number(slideTotal);\n                            document.getElementById('sb-slides-counter-slider-owl-69f8c5e10d91c').innerHTML = dataIndex;\n                            if(!myOwlPrev.classList.contains('active')){\n                                myOwlPrev.classList.add('active');\n                            }\n                            if(dataIndex < 2){\n                                myOwlPrev.classList.toggle('active');\n                            }\n                            if(dataIndex === slideTotal){\n                                myOwlNext.classList.add('inactive');\n                            }\n                            if (dataIndex < slideTotal){\n                                if(myOwlNext.classList.contains('inactive')){\n                                    myOwlNext.classList.remove('inactive');\n                                }\n                            }\n                        });\n                        let slideTotal = document.getElementById('sb-slide-total-slider-owl-69f8c5e10d91c').innerHTML;\n                        if(slideTotal < 4){\n                            document.getElementById('expanded-nav-slider-owl-69f8c5e10d91c').classList.add('hidden');\n                        }\n                        blockSliderBgImg();\n                        $('.owl-carousel').each(function() {\n                            $(this).find('.owl-dot').each(function(index) {\n                                $(this).attr('aria-label', index + 1);\n                            });\n                        });\n                    }\n                });\n            });\n        <\/script>\n    <\/section> <!-- .jpm-slider-blocks -->\n","protected":false},"excerpt":{"rendered":"","protected":false},"author":3,"featured_media":0,"parent":0,"menu_order":0,"comment_status":"closed","ping_status":"closed","template":"","meta":{"_acf_changed":false,"footnotes":""},"class_list":["post-171819","page","type-page","status-publish","hentry"],"acf":[],"_links":{"self":[{"href":"https:\/\/www.jpmorganworkplacesolutions.com\/es\/wp-json\/wp\/v2\/pages\/171819","targetHints":{"allow":["GET"]}}],"collection":[{"href":"https:\/\/www.jpmorganworkplacesolutions.com\/es\/wp-json\/wp\/v2\/pages"}],"about":[{"href":"https:\/\/www.jpmorganworkplacesolutions.com\/es\/wp-json\/wp\/v2\/types\/page"}],"author":[{"embeddable":true,"href":"https:\/\/www.jpmorganworkplacesolutions.com\/es\/wp-json\/wp\/v2\/users\/3"}],"replies":[{"embeddable":true,"href":"https:\/\/www.jpmorganworkplacesolutions.com\/es\/wp-json\/wp\/v2\/comments?post=171819"}],"version-history":[{"count":0,"href":"https:\/\/www.jpmorganworkplacesolutions.com\/es\/wp-json\/wp\/v2\/pages\/171819\/revisions"}],"wp:attachment":[{"href":"https:\/\/www.jpmorganworkplacesolutions.com\/es\/wp-json\/wp\/v2\/media?parent=171819"}],"curies":[{"name":"wp","href":"https:\/\/api.w.org\/{rel}","templated":true}]}}