{"id":171816,"date":"2024-06-14T18:03:09","date_gmt":"2024-06-14T17:03:09","guid":{"rendered":"https:\/\/globalshares2.wpengine.com\/equipo-directivo\/"},"modified":"2025-11-26T11:42:06","modified_gmt":"2025-11-26T11:42:06","slug":"equipo-directivo","status":"publish","type":"page","link":"https:\/\/www.jpmorganworkplacesolutions.com\/es\/equipo-directivo\/","title":{"rendered":"Equipo directivo"},"content":{"rendered":"    <style>.jpm-banner-use-cases{min-height:10vh;background:#fef8ef;position:relative;margin-bottom:6rem}.jpm-banner-use-cases:after{content:\"\";display:block;position:absolute;z-index:1;width:100%;height:12%;background:#fff;bottom:0;left:0}.jpm-banner-use-cases .container .row{display:-webkit-box;display:-ms-flexbox;display:flex;-webkit-box-align:start;-ms-flex-align:start;align-items:flex-start}.jpm-banner-use-cases .container .row .col{width:50%}.jpm-banner-use-cases .container .row .col.col-1{padding:5.78125rem 4rem 7.5rem 0}.jpm-banner-use-cases .container .row .col.col-1 .jpm-banner{margin:0 0 1.75rem 0}.jpm-banner-use-cases .container .row .col.col-1 p{font-size:18px;font-weight:200;line-height:138.889%;letter-spacing:.36px}.jpm-banner-use-cases .container .row .col.col-1 p.tagline{text-transform:uppercase;font-weight:400;font-size:16px;line-height:100%;letter-spacing:.16px;color:#936846;margin:0 0 1.25rem 0}.jpm-banner-use-cases .container .row .col.col-1 p:last-child{margin:0}.jpm-banner-use-cases .container .row .col.col-1 .cta{margin-top:4.75rem}.jpm-banner-use-cases .container .row .col.col-2 img{display:block;width:100%;height:auto;border-radius:0 0 12px 12px}@media screen and (max-width:56.25rem){.jpm-banner-use-cases{margin-bottom:4rem}.jpm-banner-use-cases .container{padding:0}.jpm-banner-use-cases .container .row{-ms-flex-wrap:wrap;flex-wrap:wrap}.jpm-banner-use-cases .container .row .col{width:100%}.jpm-banner-use-cases .container .row .col.col-1{padding:3.5rem 1rem 4rem 1rem}.jpm-banner-use-cases .container .row .col.col-1 .jpm-banner{width:88%}.jpm-banner-use-cases .container .row .col.col-1 p br{display:none}.jpm-banner-use-cases .container .row .col.col-1 p.tagline{margin:0 0 1.75rem 0}.jpm-banner-use-cases .container .row .col.col-1 .cta{margin-top:2.75rem}}.lang-ar .jpm-banner-use-cases .container .row .col.col-1{padding:5.78125rem 0 7.5rem 4rem}@media screen and (max-width:56.25rem){.lang-ar .jpm-banner-use-cases .container .row .col.col-1{padding:3.5rem 1rem 4rem 1rem}}<\/style>\n    <section  class=\"jpm-banner-use-cases jpm-block full-width\">\n        <div class=\"container\">\n            <div class=\"row\">\n                <div class=\"col col-1 gsap-fade-in-left\">\n                                            <p class=\"tagline\">Equipo directivo<\/p>\n                                        <h2 class=\"jpm-banner\">Apoyo a l\u00edderes<\/h2>\n                    <p>Ya sea fundador, consejero delegado, director financiero o director de operaciones, su tiempo es oro. Trabajar con un proveedor de administraci\u00f3n de planes de compensaciones en acciones de confianza puede ayudarle a centrarse en el importante negocio de hacer crecer su negocio. <\/p>\n                        <div class=\"cta\">\n                            <p><a href=\"\/es\/enterprise-demonstration\/\" title=\"P\u00f3ngase en contacto con nuestro equipo\" class=\"gs-button-new dark-green\">P\u00f3ngase en contacto con nuestro equipo<\/a><\/p>\n                        <\/div> <!-- .cta -->\n                                    <\/div> <!-- .col-1 -->\n                <div class=\"col col-2 gsap-fade-in-right\">\n                    <img loading=\"lazy\" decoding=\"async\" width=\"808\" height=\"810\" src=\"https:\/\/www.jpmorganworkplacesolutions.com\/wp-content\/uploads\/2024\/06\/c-suite.jpg\" class=\"attachment-large size-large\" alt=\"c-suite\" srcset=\"https:\/\/www.jpmorganworkplacesolutions.com\/wp-content\/uploads\/2024\/06\/c-suite.jpg 808w, https:\/\/www.jpmorganworkplacesolutions.com\/wp-content\/uploads\/2024\/06\/c-suite-300x300.jpg 300w, https:\/\/www.jpmorganworkplacesolutions.com\/wp-content\/uploads\/2024\/06\/c-suite-150x150.jpg 150w, https:\/\/www.jpmorganworkplacesolutions.com\/wp-content\/uploads\/2024\/06\/c-suite-768x770.jpg 768w\" sizes=\"auto, (max-width: 808px) 100vw, 808px\" \/>                <\/div>\n            <\/div> <!-- .row -->\n        <\/div> <!-- .container -->\n    <\/section> <!-- .jpm-use-cases -->\n\n\n    <section  class=\"jpm-left-full-image jpm-block full-width contained-image marble\">\n        <div class=\"jpm-bg-image gsap-fade-in-left\" style=\"background-image:url(https:\/\/www.jpmorganworkplacesolutions.com\/wp-content\/uploads\/2024\/06\/recruit-reward-retain.jpg);\"><\/div>\n        <div class=\"container\">\n            <div class=\"row\">\n                <div class=\"col col-1 gsap-fade-in-up\">\n                                    <\/div>\n                <div class=\"col col-2 gsap-fade-in-right marble\">\n                    <h2>Empodere y retenga <br \/>al mejor talento<\/h2>\n<p>Una oferta de incentivo en acciones atractiva puede ayudar a su compa\u00f1\u00eda a destacar en un mercado competitivo.<\/p>\n                <\/div> <!-- .col-2 -->\n            <\/div> <!-- .row -->\n        <\/div> <!-- .container -->\n    <\/section> <!-- .jpm-left-full-image -->\n\n\n    <section  class=\"jpm-features jpm-block mt-6 mobile-mt-4 alternating-images\">\n                                            <div class=\"row\">\n                    <div class=\"col col-1 gsap-fade-in-up\">\n                                                    <p class=\"tagline\">Ahorre tiempo<\/p>\n                                                <h2>Simplifique la administraci\u00f3n<\/h2>\n<p>La administraci\u00f3n de su plan de compra de acciones deber\u00eda ser una cosa menos de la que preocuparse. Nuestro sistema puede encargarse de todo, desde una soluci\u00f3n de tabla de capitalizaci\u00f3n simple hasta la gesti\u00f3n de planes de compra de acciones multinacionales. <\/p>\n                                            <\/div> <!-- .col-1 -->\n                    <div class=\"col col-2 gsap-fade-in-up\">\n                        <img loading=\"lazy\" decoding=\"async\" width=\"1024\" height=\"900\" src=\"https:\/\/www.jpmorganworkplacesolutions.com\/wp-content\/uploads\/2024\/06\/Cap-Table-1-1024x900.jpg\" class=\"attachment-large size-large\" alt=\"Cap Table Dashboard\" srcset=\"https:\/\/www.jpmorganworkplacesolutions.com\/wp-content\/uploads\/2024\/06\/Cap-Table-1-1024x900.jpg 1024w, https:\/\/www.jpmorganworkplacesolutions.com\/wp-content\/uploads\/2024\/06\/Cap-Table-1-300x264.jpg 300w, https:\/\/www.jpmorganworkplacesolutions.com\/wp-content\/uploads\/2024\/06\/Cap-Table-1-768x675.jpg 768w, https:\/\/www.jpmorganworkplacesolutions.com\/wp-content\/uploads\/2024\/06\/Cap-Table-1.jpg 1320w\" sizes=\"auto, (max-width: 1024px) 100vw, 1024px\" \/>                    <\/div> <!-- .col-2 -->\n                <\/div> <!-- .row -->\n                            <div class=\"row\">\n                    <div class=\"col col-1 gsap-fade-in-up\">\n                                                    <p class=\"tagline\">Integridad de los datos<\/p>\n                                                <h2>Precisi\u00f3n<\/h2>\n<p>El seguimiento de los cambios en los beneficiarios, los capitalistas de riesgo y los inversores debe ser preciso, pues pasar por alto una sola entrada puede tener consecuencias potencialmente desastrosas para usted y sus empleados. Nuestro software automatizado lo mantiene todo actualizado. <\/p>\n                                            <\/div> <!-- .col-1 -->\n                    <div class=\"col col-2 gsap-fade-in-up\">\n                        <img loading=\"lazy\" decoding=\"async\" width=\"1024\" height=\"900\" src=\"https:\/\/www.jpmorganworkplacesolutions.com\/wp-content\/uploads\/2025\/04\/data-integrity-dashboard-1024x900.jpg\" class=\"attachment-large size-large\" alt=\"Data Integrity - Accuracy\" srcset=\"https:\/\/www.jpmorganworkplacesolutions.com\/wp-content\/uploads\/2025\/04\/data-integrity-dashboard-1024x900.jpg 1024w, https:\/\/www.jpmorganworkplacesolutions.com\/wp-content\/uploads\/2025\/04\/data-integrity-dashboard-300x264.jpg 300w, https:\/\/www.jpmorganworkplacesolutions.com\/wp-content\/uploads\/2025\/04\/data-integrity-dashboard-768x675.jpg 768w, https:\/\/www.jpmorganworkplacesolutions.com\/wp-content\/uploads\/2025\/04\/data-integrity-dashboard.jpg 1320w\" sizes=\"auto, (max-width: 1024px) 100vw, 1024px\" \/>                    <\/div> <!-- .col-2 -->\n                <\/div> <!-- .row -->\n                            <div class=\"row\">\n                    <div class=\"col col-1 gsap-fade-in-up\">\n                                                    <p class=\"tagline\">Escalabilidad<\/p>\n                                                <h2>Pase del sector privado al p\u00fablico trabajando con un solo sistema<\/h2>\n<p>No le interesa poner restricciones a la ambici\u00f3n de su compa\u00f1\u00eda: nuestra plataforma le ayuda a pasar del sector privado al p\u00fablico, de una escala local a una global, con un recorrido fluido que transfiere sus datos de forma segura, en caso de que lo necesite.<\/p>\n                                            <\/div> <!-- .col-1 -->\n                    <div class=\"col col-2 gsap-fade-in-up\">\n                        <img loading=\"lazy\" decoding=\"async\" width=\"1024\" height=\"900\" src=\"https:\/\/www.jpmorganworkplacesolutions.com\/wp-content\/uploads\/2025\/11\/Equity-Overview-1024x900.jpg\" class=\"attachment-large size-large\" alt=\"Equity overview\" srcset=\"https:\/\/www.jpmorganworkplacesolutions.com\/wp-content\/uploads\/2025\/11\/Equity-Overview-1024x900.jpg 1024w, https:\/\/www.jpmorganworkplacesolutions.com\/wp-content\/uploads\/2025\/11\/Equity-Overview-300x264.jpg 300w, https:\/\/www.jpmorganworkplacesolutions.com\/wp-content\/uploads\/2025\/11\/Equity-Overview-768x675.jpg 768w, https:\/\/www.jpmorganworkplacesolutions.com\/wp-content\/uploads\/2025\/11\/Equity-Overview.jpg 1320w\" sizes=\"auto, (max-width: 1024px) 100vw, 1024px\" \/>                    <\/div> <!-- .col-2 -->\n                <\/div> <!-- .row -->\n                        <\/section> <!-- .jpm-features -->\n\n\n    <section  class=\"jpm-three-blocks jpm-block\">\n                    <div class=\"three-blocks-title\">\n                <h2 class=\"jpm-cta-heading gsap-fade-in-up\">Beneficios<\/h2>\n            <\/div> <!-- .three-blocks-title -->\n                            <ul class=\"benefits-list\">\n                                    <li class=\"benefits-list-item gsap-fade-in-up\">\n                        <img loading=\"lazy\" decoding=\"async\" width=\"150\" height=\"150\" src=\"https:\/\/www.jpmorganworkplacesolutions.com\/wp-content\/uploads\/2024\/06\/tailored-insights.svg\" class=\"attachment-thumbnail size-thumbnail\" alt=\"tailored-insights\" \/><h3>Datos personalizados<\/h3>\n<p>Los paneles personalizables y las funciones de informes din\u00e1micos le permiten crear, analizar y reformular informes en tiempo real. Obtenga acceso a informaci\u00f3n exhaustiva pero clara para mejorar sus planes y haga crecer su negocio. <\/p>\n                    <\/li>\n                                    <li class=\"benefits-list-item gsap-fade-in-up\">\n                        <img loading=\"lazy\" decoding=\"async\" width=\"150\" height=\"150\" src=\"https:\/\/www.jpmorganworkplacesolutions.com\/wp-content\/uploads\/2024\/06\/access-world-class-support.svg\" class=\"attachment-thumbnail size-thumbnail\" alt=\"access-world-class-support\" \/><h3>Comunicaci\u00f3n y formaci\u00f3n<\/h3>\n<p>Cuando sus empleados entienden el valor de sus acciones, est\u00e1n m\u00e1s capacitados para trabajar a favor de los objetivos de su compa\u00f1\u00eda. Nuestro equipo de especialistas en comunicaciones simplifica la informaci\u00f3n de los complejos planes de acciones y la convierte en contenido formativo que inspira. <\/p>\n                    <\/li>\n                                    <li class=\"benefits-list-item gsap-fade-in-up\">\n                        <img loading=\"lazy\" decoding=\"async\" width=\"150\" height=\"150\" src=\"https:\/\/www.jpmorganworkplacesolutions.com\/wp-content\/uploads\/2024\/06\/enjoy-an-intuitive-experience.svg\" class=\"attachment-thumbnail size-thumbnail\" alt=\"enjoy-an-intuitive-experience\" \/><h3>Mejore la satisfacci\u00f3n de los empleados<\/h3>\n<p>Los grandes empleados son los que ayudan a las compa\u00f1\u00edas a tener \u00e9xito. Ofrecer un plan de compra de acciones no solo puede ayudar a impulsar el compromiso y la motivaci\u00f3n de los empleados, sino que tambi\u00e9n puede ser fundamental a la hora de retener empleados de mayor calidad y servir como un incentivo \u00fanico en el proceso de contrataci\u00f3n. <\/p>\n                    <\/li>\n                            <\/ul>\n            <\/section> <!-- .jpm-three-blocks -->\n\n\n    <section  class=\"jpm-end-of-page-cta jpm-block mb-6 mobile-mb-4 green\">\n        <div class=\"end-of-page-cta-content\">\n            <h3>\u00bfListo para obtener m\u00e1s informaci\u00f3n sobre c\u00f3mo la compensaci\u00f3n en acciones podr\u00eda ayudar a apoyar a sus l\u00edderes?<\/h3>\n<p>Veamos c\u00f3mo<\/p>\n        <\/div> <!-- .end-of-page-cta-content -->\n                    <div class=\"cta\">\n                <p><a href=\"\/es\/enterprise-demonstration\/\" title=\"Programe una llamada\" class=\"gs-button-new dark-green-white\">Programe una llamada<\/a><\/p>\n            <\/div> <!-- .cta -->\n            <\/section> <!-- .jpm-end-of-page-cta -->\n\n\n<section  class=\"posts-loop-section jpm-block\">\n    <div id=\"69f28112f1d49\">\n        <div class=\"heading-section\">\n            <h3 class=\"main-heading\">Conocimientos relacionados<\/h3>\n                    <\/div> <!-- .heading-section -->\n                    <ul class=\"blog-posts grid-six\">\n                                    <li class=\"blog-posts-item gsap-fade-in-up\">\n                        <div class=\"blog-posts-item-inner\">\n                            <div class=\"blog-posts-image\">\n                                <a href=\"https:\/\/www.jpmorganworkplacesolutions.com\/es\/insights\/software-de-gestion-de-planes-en-acciones\/\" title=\"\u00bfPor qu\u00e9 necesitas un software para gestionar planes de compensaci\u00f3n en acciones?\" target=\"_self\">\n                                    <img loading=\"lazy\" decoding=\"async\" width=\"768\" height=\"402\" src=\"https:\/\/www.jpmorganworkplacesolutions.com\/wp-content\/uploads\/2023\/10\/stock-plan-administration-software-e1650619914403-15-768x402.jpg\" class=\"filter-image-main\" alt=\"Illustration of a stock plan administration software interface|\" srcset=\"https:\/\/www.jpmorganworkplacesolutions.com\/wp-content\/uploads\/2023\/10\/stock-plan-administration-software-e1650619914403-15-768x402.jpg 768w, https:\/\/www.jpmorganworkplacesolutions.com\/wp-content\/uploads\/2023\/10\/stock-plan-administration-software-e1650619914403-15-300x157.jpg 300w, https:\/\/www.jpmorganworkplacesolutions.com\/wp-content\/uploads\/2023\/10\/stock-plan-administration-software-e1650619914403-15.jpg 1000w\" sizes=\"auto, (max-width: 768px) 100vw, 768px\" \/>                                <\/a>\n                            <\/div> <!-- .blog-posts-image -->\n                            <div class=\"blog-posts-card\">\n                                <div>\n                                                                                <div class=\"blog-posts-tags\">\n                                                <p><a href=\"https:\/\/www.jpmorganworkplacesolutions.com\/es\/insights\/tag\/software-es\/\">Software<\/a>, <a href=\"https:\/\/www.jpmorganworkplacesolutions.com\/es\/insights\/tag\/ver-todo-es\/\">Todo<\/a><\/p>\n                                            <\/div> <!-- .blog-posts-tags -->\n                                                                            <h6 class=\"sub-heading\"><a href=\"https:\/\/www.jpmorganworkplacesolutions.com\/es\/insights\/software-de-gestion-de-planes-en-acciones\/\" title=\"\u00bfPor qu\u00e9 necesitas un software para gestionar planes de compensaci\u00f3n en acciones?\" target=\"_self\">\u00bfPor qu\u00e9 necesitas un software para gestionar planes de compensaci\u00f3n en acciones?<\/a><\/h6>\n                                    <p class=\"date\">febrero 20, 2025<\/p>\n                                <\/div>\n                                <div>\n                                    <p class=\"jpm-read-more\"><a class=\"jpm-read-more-anchor\" href=\"https:\/\/www.jpmorganworkplacesolutions.com\/es\/insights\/software-de-gestion-de-planes-en-acciones\/\" title=\"Leer m\u00e1s\">Leer m\u00e1s<\/a><\/p>\n                                <\/div>\n                            <\/div> <!-- .blog-posts-card -->\n                        <\/div> <!-- .blog-posts-item-inner -->\n                    <\/li> <!-- .blog-posts-item -->\n                                    <li class=\"blog-posts-item gsap-fade-in-up\">\n                        <div class=\"blog-posts-item-inner\">\n                            <div class=\"blog-posts-image\">\n                                <a href=\"https:\/\/www.jpmorganworkplacesolutions.com\/es\/insights\/la-gestion-de-planes-en-acciones-alcance-metodo-pros-y-contras\/\" title=\"Gesti\u00f3n de compensaci\u00f3n en acciones: alcance, m\u00e9todo, pros y contras\" target=\"_self\">\n                                    <img loading=\"lazy\" decoding=\"async\" width=\"526\" height=\"342\" src=\"https:\/\/www.jpmorganworkplacesolutions.com\/wp-content\/uploads\/2024\/06\/equity-admin-plan-test.jpg\" class=\"filter-image-main\" alt=\"equity-admin-plan-test\" srcset=\"https:\/\/www.jpmorganworkplacesolutions.com\/wp-content\/uploads\/2024\/06\/equity-admin-plan-test.jpg 526w, https:\/\/www.jpmorganworkplacesolutions.com\/wp-content\/uploads\/2024\/06\/equity-admin-plan-test-300x195.jpg 300w\" sizes=\"auto, (max-width: 526px) 100vw, 526px\" \/>                                <\/a>\n                            <\/div> <!-- .blog-posts-image -->\n                            <div class=\"blog-posts-card\">\n                                <div>\n                                                                                <div class=\"blog-posts-tags\">\n                                                <p><a href=\"https:\/\/www.jpmorganworkplacesolutions.com\/es\/insights\/tag\/la-compensacion-en-acciones-explicada\/\">La compensaci\u00f3n en acciones explicada<\/a>, <a href=\"https:\/\/www.jpmorganworkplacesolutions.com\/es\/insights\/tag\/ver-todo-es\/\">Todo<\/a><\/p>\n                                            <\/div> <!-- .blog-posts-tags -->\n                                                                            <h6 class=\"sub-heading\"><a href=\"https:\/\/www.jpmorganworkplacesolutions.com\/es\/insights\/la-gestion-de-planes-en-acciones-alcance-metodo-pros-y-contras\/\" title=\"Gesti\u00f3n de compensaci\u00f3n en acciones: alcance, m\u00e9todo, pros y contras\" target=\"_self\">Gesti\u00f3n de compensaci\u00f3n en acciones: alcance, m\u00e9todo, pros y contras<\/a><\/h6>\n                                    <p class=\"date\">julio 16, 2024<\/p>\n                                <\/div>\n                                <div>\n                                    <p class=\"jpm-read-more\"><a class=\"jpm-read-more-anchor\" href=\"https:\/\/www.jpmorganworkplacesolutions.com\/es\/insights\/la-gestion-de-planes-en-acciones-alcance-metodo-pros-y-contras\/\" title=\"Leer m\u00e1s\">Leer m\u00e1s<\/a><\/p>\n                                <\/div>\n                            <\/div> <!-- .blog-posts-card -->\n                        <\/div> <!-- .blog-posts-item-inner -->\n                    <\/li> <!-- .blog-posts-item -->\n                                    <li class=\"blog-posts-item gsap-fade-in-up\">\n                        <div class=\"blog-posts-item-inner\">\n                            <div class=\"blog-posts-image\">\n                                <a href=\"https:\/\/www.jpmorganworkplacesolutions.com\/es\/insights\/compensacion-en-acciones\/\" title=\"\u00bfQu\u00e9 es la compensaci\u00f3n en acciones?\" target=\"_self\">\n                                    <img loading=\"lazy\" decoding=\"async\" width=\"768\" height=\"401\" src=\"https:\/\/www.jpmorganworkplacesolutions.com\/wp-content\/uploads\/2023\/10\/what-is-equity-compensation-16-768x401.jpeg\" class=\"filter-image-main\" alt=\"What is Equity Compensation?\" srcset=\"https:\/\/www.jpmorganworkplacesolutions.com\/wp-content\/uploads\/2023\/10\/what-is-equity-compensation-16-768x401.jpeg 768w, https:\/\/www.jpmorganworkplacesolutions.com\/wp-content\/uploads\/2023\/10\/what-is-equity-compensation-16-300x157.jpeg 300w, https:\/\/www.jpmorganworkplacesolutions.com\/wp-content\/uploads\/2023\/10\/what-is-equity-compensation-16-1024x535.jpeg 1024w, https:\/\/www.jpmorganworkplacesolutions.com\/wp-content\/uploads\/2023\/10\/what-is-equity-compensation-16-1536x803.jpeg 1536w, https:\/\/www.jpmorganworkplacesolutions.com\/wp-content\/uploads\/2023\/10\/what-is-equity-compensation-16.jpeg 2000w\" sizes=\"auto, (max-width: 768px) 100vw, 768px\" \/>                                <\/a>\n                            <\/div> <!-- .blog-posts-image -->\n                            <div class=\"blog-posts-card\">\n                                <div>\n                                                                                <div class=\"blog-posts-tags\">\n                                                <p><a href=\"https:\/\/www.jpmorganworkplacesolutions.com\/es\/insights\/tag\/compensacion-en-acciones\/\">Compensaci\u00f3n en acciones<\/a>, <a href=\"https:\/\/www.jpmorganworkplacesolutions.com\/es\/insights\/tag\/la-compensacion-en-acciones-explicada\/\">La compensaci\u00f3n en acciones explicada<\/a>, <a href=\"https:\/\/www.jpmorganworkplacesolutions.com\/es\/insights\/tag\/ver-todo-es\/\">Todo<\/a><\/p>\n                                            <\/div> <!-- .blog-posts-tags -->\n                                                                            <h6 class=\"sub-heading\"><a href=\"https:\/\/www.jpmorganworkplacesolutions.com\/es\/insights\/compensacion-en-acciones\/\" title=\"\u00bfQu\u00e9 es la compensaci\u00f3n en acciones?\" target=\"_self\">\u00bfQu\u00e9 es la compensaci\u00f3n en acciones?<\/a><\/h6>\n                                    <p class=\"date\">octubre 3, 2023<\/p>\n                                <\/div>\n                                <div>\n                                    <p class=\"jpm-read-more\"><a class=\"jpm-read-more-anchor\" href=\"https:\/\/www.jpmorganworkplacesolutions.com\/es\/insights\/compensacion-en-acciones\/\" title=\"Leer m\u00e1s\">Leer m\u00e1s<\/a><\/p>\n                                <\/div>\n                            <\/div> <!-- .blog-posts-card -->\n                        <\/div> <!-- .blog-posts-item-inner -->\n                    <\/li> <!-- .blog-posts-item -->\n                            <\/ul>\n                <div class=\"gs-posts-pagination\">\n                    <\/div> <!-- #gs-posts-pagination -->\n    <\/div>\n    <script>\n        document.addEventListener(\"DOMContentLoaded\", function() {\n            let currentList = document.getElementById('69f28112f1d49');\n            if(currentList){\n                let currentListUl = currentList.querySelector('.blog-posts');\n                if (! currentListUl) {\n                    currentList.parentElement.style.display = 'none';\n                }\n            }\n        });\n    <\/script>\n<\/section> <!-- .posts-loop-section -->\n","protected":false},"excerpt":{"rendered":"","protected":false},"author":3,"featured_media":0,"parent":0,"menu_order":0,"comment_status":"closed","ping_status":"closed","template":"","meta":{"_acf_changed":false,"footnotes":""},"class_list":["post-171816","page","type-page","status-publish","hentry"],"acf":[],"_links":{"self":[{"href":"https:\/\/www.jpmorganworkplacesolutions.com\/es\/wp-json\/wp\/v2\/pages\/171816","targetHints":{"allow":["GET"]}}],"collection":[{"href":"https:\/\/www.jpmorganworkplacesolutions.com\/es\/wp-json\/wp\/v2\/pages"}],"about":[{"href":"https:\/\/www.jpmorganworkplacesolutions.com\/es\/wp-json\/wp\/v2\/types\/page"}],"author":[{"embeddable":true,"href":"https:\/\/www.jpmorganworkplacesolutions.com\/es\/wp-json\/wp\/v2\/users\/3"}],"replies":[{"embeddable":true,"href":"https:\/\/www.jpmorganworkplacesolutions.com\/es\/wp-json\/wp\/v2\/comments?post=171816"}],"version-history":[{"count":0,"href":"https:\/\/www.jpmorganworkplacesolutions.com\/es\/wp-json\/wp\/v2\/pages\/171816\/revisions"}],"wp:attachment":[{"href":"https:\/\/www.jpmorganworkplacesolutions.com\/es\/wp-json\/wp\/v2\/media?parent=171816"}],"curies":[{"name":"wp","href":"https:\/\/api.w.org\/{rel}","templated":true}]}}