{"id":166497,"date":"2024-06-19T10:30:39","date_gmt":"2024-06-19T09:30:39","guid":{"rendered":"https:\/\/globalshares2.wpengine.com\/become-a-partner-thank-you\/"},"modified":"2025-11-26T15:08:59","modified_gmt":"2025-11-26T15:08:59","slug":"become-a-partner-thank-you","status":"publish","type":"page","link":"https:\/\/www.jpmorganworkplacesolutions.com\/de\/become-a-partner-thank-you\/","title":{"rendered":"Become a Partner Thank You"},"content":{"rendered":"    <section   class=\"jpm-banner-single-col-text jpm-block full-width\">\n        <div class=\"container\">\n            <h2>Vielen Dank<\/h2>\n<p>Wir melden uns bald bei Ihnen, um einen Termin f\u00fcr eine kostenlose Demo zu vereinbaren.<\/p>\n        <\/div> <!--- .container -->\n        <script>\n            jQuery(document).ready(function(e){e(function(){var e=document.querySelector(\".jpm-banner-single-col-text\");if(e){let n=e.getAttribute(\"data-type\");n&&e.querySelectorAll(\"p\").forEach(e=>{\"Please check your inbox and download your document anytime you need.\"===e.innerHTML&&(e.innerHTML=\"Please check your inbox and download your \"+n+\" anytime you need.\")})}})});\n        <\/script>\n    <\/section> <!-- .jpm-banner-single-col-text -->\n\n\n<section  class=\"posts-loop-section mt-6 mobile-mt-4 jpm-block\">\n    <div id=\"69f5e55ef2e10\">\n        <div class=\"heading-section\">\n            <h3 class=\"main-heading\">Erhalten Sie aktuelle Einblicke<\/h3>\n                    <\/div> <!-- .heading-section -->\n                    <ul class=\"blog-posts grid-six\">\n                                    <li class=\"blog-posts-item gsap-fade-in-up\">\n                        <div class=\"blog-posts-item-inner\">\n                            <div class=\"blog-posts-image\">\n                                <a href=\"https:\/\/www.jpmorganworkplacesolutions.com\/de\/insights\/leitfaden-fuer-einen-langfristigen-anreizplan-ltip\/\" title=\"Leitfaden f\u00fcr einen langfristigen Anreizplan (LTIP)\" target=\"_self\">\n                                    <img loading=\"lazy\" decoding=\"async\" width=\"526\" height=\"342\" src=\"https:\/\/www.jpmorganworkplacesolutions.com\/wp-content\/uploads\/2025\/02\/ltip-what-you-need-to-know.jpg\" class=\"filter-image-main\" alt=\"\" srcset=\"https:\/\/www.jpmorganworkplacesolutions.com\/wp-content\/uploads\/2025\/02\/ltip-what-you-need-to-know.jpg 526w, https:\/\/www.jpmorganworkplacesolutions.com\/wp-content\/uploads\/2025\/02\/ltip-what-you-need-to-know-300x195.jpg 300w\" sizes=\"auto, (max-width: 526px) 100vw, 526px\" \/>                                <\/a>\n                            <\/div> <!-- .blog-posts-image -->\n                            <div class=\"blog-posts-card\">\n                                <div>\n                                                                                <div class=\"blog-posts-tags\">\n                                                <p><a href=\"https:\/\/www.jpmorganworkplacesolutions.com\/de\/insights\/tag\/see-all-de\/\">All<\/a>, <a href=\"https:\/\/www.jpmorganworkplacesolutions.com\/de\/insights\/tag\/equity-eigenkapital-von-unternehmen-erklaert\/\">Equity (Eigenkapital von Unternehmen) erkl\u00e4rt<\/a>, <a href=\"https:\/\/www.jpmorganworkplacesolutions.com\/de\/insights\/tag\/ltip-de\/\">LTIP<\/a><\/p>\n                                            <\/div> <!-- .blog-posts-tags -->\n                                                                            <h6 class=\"sub-heading\"><a href=\"https:\/\/www.jpmorganworkplacesolutions.com\/de\/insights\/leitfaden-fuer-einen-langfristigen-anreizplan-ltip\/\" title=\"Leitfaden f\u00fcr einen langfristigen Anreizplan (LTIP)\" target=\"_self\">Leitfaden f\u00fcr einen langfristigen Anreizplan (LTIP)<\/a><\/h6>\n                                    <p class=\"date\">Februar 26, 2025<\/p>\n                                <\/div>\n                                <div>\n                                    <p class=\"jpm-read-more\"><a class=\"jpm-read-more-anchor\" href=\"https:\/\/www.jpmorganworkplacesolutions.com\/de\/insights\/leitfaden-fuer-einen-langfristigen-anreizplan-ltip\/\" title=\"Mehr lesen\">Mehr lesen<\/a><\/p>\n                                <\/div>\n                            <\/div> <!-- .blog-posts-card -->\n                        <\/div> <!-- .blog-posts-item-inner -->\n                    <\/li> <!-- .blog-posts-item -->\n                                    <li class=\"blog-posts-item gsap-fade-in-up\">\n                        <div class=\"blog-posts-item-inner\">\n                            <div class=\"blog-posts-image\">\n                                <a href=\"https:\/\/www.jpmorganworkplacesolutions.com\/de\/insights\/warum-sie-eine-software-fuer-die-verwaltung-von-aktienbasierter-verguetung-benoetigen\/\" title=\"Warum Sie eine Software f\u00fcr die Verwaltung von aktienbasierter Verg\u00fctung ben\u00f6tigen\u00a0\" target=\"_self\">\n                                    <img loading=\"lazy\" decoding=\"async\" width=\"768\" height=\"402\" src=\"https:\/\/www.jpmorganworkplacesolutions.com\/wp-content\/uploads\/2023\/10\/stock-plan-administration-software-e1650619914403-11-768x402.jpg\" class=\"filter-image-main\" alt=\"Illustration of a stock plan administration software interface\" srcset=\"https:\/\/www.jpmorganworkplacesolutions.com\/wp-content\/uploads\/2023\/10\/stock-plan-administration-software-e1650619914403-11-768x402.jpg 768w, https:\/\/www.jpmorganworkplacesolutions.com\/wp-content\/uploads\/2023\/10\/stock-plan-administration-software-e1650619914403-11-300x157.jpg 300w, https:\/\/www.jpmorganworkplacesolutions.com\/wp-content\/uploads\/2023\/10\/stock-plan-administration-software-e1650619914403-11.jpg 1000w\" sizes=\"auto, (max-width: 768px) 100vw, 768px\" \/>                                <\/a>\n                            <\/div> <!-- .blog-posts-image -->\n                            <div class=\"blog-posts-card\">\n                                <div>\n                                                                                <div class=\"blog-posts-tags\">\n                                                <p><a href=\"https:\/\/www.jpmorganworkplacesolutions.com\/de\/insights\/tag\/see-all-de\/\">All<\/a>, <a href=\"https:\/\/www.jpmorganworkplacesolutions.com\/de\/insights\/tag\/software-de\/\">Software<\/a><\/p>\n                                            <\/div> <!-- .blog-posts-tags -->\n                                                                            <h6 class=\"sub-heading\"><a href=\"https:\/\/www.jpmorganworkplacesolutions.com\/de\/insights\/warum-sie-eine-software-fuer-die-verwaltung-von-aktienbasierter-verguetung-benoetigen\/\" title=\"Warum Sie eine Software f\u00fcr die Verwaltung von aktienbasierter Verg\u00fctung ben\u00f6tigen\u00a0\" target=\"_self\">Warum Sie eine Software f\u00fcr die Verwaltung von aktienbasierter Verg\u00fctung ben\u00f6tigen\u00a0<\/a><\/h6>\n                                    <p class=\"date\">Februar 20, 2025<\/p>\n                                <\/div>\n                                <div>\n                                    <p class=\"jpm-read-more\"><a class=\"jpm-read-more-anchor\" href=\"https:\/\/www.jpmorganworkplacesolutions.com\/de\/insights\/warum-sie-eine-software-fuer-die-verwaltung-von-aktienbasierter-verguetung-benoetigen\/\" title=\"Mehr lesen\">Mehr lesen<\/a><\/p>\n                                <\/div>\n                            <\/div> <!-- .blog-posts-card -->\n                        <\/div> <!-- .blog-posts-item-inner -->\n                    <\/li> <!-- .blog-posts-item -->\n                                    <li class=\"blog-posts-item gsap-fade-in-up\">\n                        <div class=\"blog-posts-item-inner\">\n                            <div class=\"blog-posts-image\">\n                                <a href=\"https:\/\/www.jpmorganworkplacesolutions.com\/de\/insights\/durchfuehrung-eines-aktienbeteiligungsprogramms-in-mehreren-laendern\/\" title=\"Durchf\u00fchrung eines Aktienbeteiligungsprogramms in mehreren L\u00e4ndern\" target=\"_self\">\n                                    <img loading=\"lazy\" decoding=\"async\" width=\"768\" height=\"401\" src=\"https:\/\/www.jpmorganworkplacesolutions.com\/wp-content\/uploads\/2023\/10\/global-stock-plan-design-operate1-16-768x401.jpg\" class=\"filter-image-main\" alt=\"||global-stock-plan\" srcset=\"https:\/\/www.jpmorganworkplacesolutions.com\/wp-content\/uploads\/2023\/10\/global-stock-plan-design-operate1-16-768x401.jpg 768w, https:\/\/www.jpmorganworkplacesolutions.com\/wp-content\/uploads\/2023\/10\/global-stock-plan-design-operate1-16-300x157.jpg 300w, https:\/\/www.jpmorganworkplacesolutions.com\/wp-content\/uploads\/2023\/10\/global-stock-plan-design-operate1-16-1024x535.jpg 1024w, https:\/\/www.jpmorganworkplacesolutions.com\/wp-content\/uploads\/2023\/10\/global-stock-plan-design-operate1-16-1536x803.jpg 1536w, https:\/\/www.jpmorganworkplacesolutions.com\/wp-content\/uploads\/2023\/10\/global-stock-plan-design-operate1-16.jpg 2000w\" sizes=\"auto, (max-width: 768px) 100vw, 768px\" \/>                                <\/a>\n                            <\/div> <!-- .blog-posts-image -->\n                            <div class=\"blog-posts-card\">\n                                <div>\n                                                                                <div class=\"blog-posts-tags\">\n                                                <p><a href=\"https:\/\/www.jpmorganworkplacesolutions.com\/de\/insights\/tag\/see-all-de\/\">All<\/a>, <a href=\"https:\/\/www.jpmorganworkplacesolutions.com\/de\/insights\/tag\/cap-tabelle\/\">CAP-Tabelle<\/a>, <a href=\"https:\/\/www.jpmorganworkplacesolutions.com\/insights\/tag\/employee-portal\/\">Employee Portal<\/a>, <a href=\"https:\/\/www.jpmorganworkplacesolutions.com\/uk\/insights\/tag\/employee-portal-uk\/\">Employee Portal<\/a>, <a href=\"https:\/\/www.jpmorganworkplacesolutions.com\/de\/insights\/tag\/mitarbeiterportal\/\">Mitarbeiterportal<\/a><\/p>\n                                            <\/div> <!-- .blog-posts-tags -->\n                                                                            <h6 class=\"sub-heading\"><a href=\"https:\/\/www.jpmorganworkplacesolutions.com\/de\/insights\/durchfuehrung-eines-aktienbeteiligungsprogramms-in-mehreren-laendern\/\" title=\"Durchf\u00fchrung eines Aktienbeteiligungsprogramms in mehreren L\u00e4ndern\" target=\"_self\">Durchf\u00fchrung eines Aktienbeteiligungsprogramms in mehreren L\u00e4ndern<\/a><\/h6>\n                                    <p class=\"date\">November 19, 2024<\/p>\n                                <\/div>\n                                <div>\n                                    <p class=\"jpm-read-more\"><a class=\"jpm-read-more-anchor\" href=\"https:\/\/www.jpmorganworkplacesolutions.com\/de\/insights\/durchfuehrung-eines-aktienbeteiligungsprogramms-in-mehreren-laendern\/\" title=\"Mehr lesen\">Mehr lesen<\/a><\/p>\n                                <\/div>\n                            <\/div> <!-- .blog-posts-card -->\n                        <\/div> <!-- .blog-posts-item-inner -->\n                    <\/li> <!-- .blog-posts-item -->\n                            <\/ul>\n                <div class=\"gs-posts-pagination\">\n                                <button class=\"active\" data-posts=\"3\" data-value=\"0\" data-cats=\"\" data-outcats=\"\" data-outposts=\"\" data-tags=\"\" data-outtags=\"\" data-lang=\"de\">1<\/button>\n                                        <button class=\"\" data-posts=\"3\" data-value=\"1\" data-cats=\"\" data-outcats=\"\" data-outposts=\"\" data-tags=\"\" data-outtags=\"\" data-lang=\"de\">2<\/button>\n                                        <button class=\"\" data-posts=\"3\" data-value=\"2\" data-cats=\"\" data-outcats=\"\" data-outposts=\"\" data-tags=\"\" data-outtags=\"\" data-lang=\"de\">3<\/button>\n                                        <button class=\"\" data-posts=\"3\" data-value=\"3\" data-cats=\"\" data-outcats=\"\" data-outposts=\"\" data-tags=\"\" data-outtags=\"\" data-lang=\"de\">4<\/button>\n                                        <button class=\"\" data-posts=\"3\" data-value=\"4\" data-cats=\"\" data-outcats=\"\" data-outposts=\"\" data-tags=\"\" data-outtags=\"\" data-lang=\"de\">5<\/button>\n                                        <button class=\"\" data-posts=\"3\" data-value=\"5\" data-cats=\"\" data-outcats=\"\" data-outposts=\"\" data-tags=\"\" data-outtags=\"\" data-lang=\"de\">6<\/button>\n                            <\/div> <!-- #gs-posts-pagination -->\n    <\/div>\n    <script>\n        document.addEventListener(\"DOMContentLoaded\", function() {\n            let currentList = document.getElementById('69f5e55ef2e10');\n            if(currentList){\n                let currentListUl = currentList.querySelector('.blog-posts');\n                if (! currentListUl) {\n                    currentList.parentElement.style.display = 'none';\n                }\n            }\n        });\n    <\/script>\n<\/section> <!-- .posts-loop-section -->\n","protected":false},"excerpt":{"rendered":"","protected":false},"author":3,"featured_media":0,"parent":0,"menu_order":0,"comment_status":"closed","ping_status":"closed","template":"","meta":{"_acf_changed":false,"footnotes":""},"class_list":["post-166497","page","type-page","status-publish","hentry"],"acf":[],"_links":{"self":[{"href":"https:\/\/www.jpmorganworkplacesolutions.com\/de\/wp-json\/wp\/v2\/pages\/166497","targetHints":{"allow":["GET"]}}],"collection":[{"href":"https:\/\/www.jpmorganworkplacesolutions.com\/de\/wp-json\/wp\/v2\/pages"}],"about":[{"href":"https:\/\/www.jpmorganworkplacesolutions.com\/de\/wp-json\/wp\/v2\/types\/page"}],"author":[{"embeddable":true,"href":"https:\/\/www.jpmorganworkplacesolutions.com\/de\/wp-json\/wp\/v2\/users\/3"}],"replies":[{"embeddable":true,"href":"https:\/\/www.jpmorganworkplacesolutions.com\/de\/wp-json\/wp\/v2\/comments?post=166497"}],"version-history":[{"count":0,"href":"https:\/\/www.jpmorganworkplacesolutions.com\/de\/wp-json\/wp\/v2\/pages\/166497\/revisions"}],"wp:attachment":[{"href":"https:\/\/www.jpmorganworkplacesolutions.com\/de\/wp-json\/wp\/v2\/media?parent=166497"}],"curies":[{"name":"wp","href":"https:\/\/api.w.org\/{rel}","templated":true}]}}