{"id":166414,"date":"2023-08-22T13:43:39","date_gmt":"2023-08-22T12:43:39","guid":{"rendered":"https:\/\/globalshares2.wpengine.com\/kontaktieren-sie-uns\/"},"modified":"2025-04-22T14:58:27","modified_gmt":"2025-04-22T13:58:27","slug":"kontaktieren-sie-uns","status":"publish","type":"page","link":"https:\/\/www.jpmorganworkplacesolutions.com\/de\/kontaktieren-sie-uns\/","title":{"rendered":"kontaktieren Sie uns"},"content":{"rendered":"    <section  class=\"jpm-banner-contact jpm-block full-width\" style=\"background-image:url(https:\/\/www.jpmorganworkplacesolutions.com\/wp-content\/uploads\/2024\/06\/contact-us.jpg);\">\n        <div class=\"container\">\n            <div class=\"row\">\n                <div class=\"col col-1 gsap-fade-in-left\">\n                    <h2>Kontakt aufnehmen<\/h2>\n<p>Haben Sie eine Frage? Nehmen Sie Kontakt auf.<\/p>\n                <\/div> <!-- .col-1 -->\n                <div class=\"col col-2\"><\/div> <!-- .col-2 -->\n            <\/div> <!-- .row -->\n        <\/div> <!-- .container -->\n    <\/section> <!-- .jpm-banner-contact -->\n\n\n    <section  class=\"jpm-slider-blocks full-width jpm-block\">\n                            <div class=\"slider-blocks-title\">\n                <h2 class=\"jpm-cta-heading gsap-fade-in-up small-heading\">W\u00e4hlen Sie die gew\u00fcnschte<br>Kontaktm\u00f6glichkeit:<\/h2>\n            <\/div> <!-- .slider-blocks-title -->\n                                    <div id=\"slider-owl-69fafcc7c189e\" class=\"slider-blocks-owl owl-carousel owl-theme marble\">\n                                    <div class=\"block-slide\" data-index=\"1\">\n                        <div>\n                                                    <img loading=\"lazy\" decoding=\"async\" width=\"150\" height=\"150\" src=\"https:\/\/www.jpmorganworkplacesolutions.com\/wp-content\/uploads\/2024\/06\/demo.svg\" class=\"attachment-thumbnail size-thumbnail\" alt=\"demo\" \/>                                                <h2>1:1-Demo<\/h2>\n<p>Interessieren Sie sich f\u00fcr unsere Produkte oder Dienstleistungen? Unser Expertenteam f\u00fchrt Sie gerne durch unser Angebot und beantwortet Ihre Fragen. <\/p>\n                        <\/div>\n                                                    <div class=\"cta\">\n                                <p><a href=\"\/de\/enterprise-demonstration\/\" title=\"Demo anfordern\" class=\"gs-button-new dark-green\">Demo anfordern<\/a><\/p>\n                            <\/div> <!-- .cta -->\n                                            <\/div> <!-- .block-slide -->\n                                    <div class=\"block-slide\" data-index=\"2\">\n                        <div>\n                                                    <img loading=\"lazy\" decoding=\"async\" width=\"150\" height=\"150\" src=\"https:\/\/www.jpmorganworkplacesolutions.com\/wp-content\/uploads\/2024\/06\/professional_support.svg\" class=\"attachment-thumbnail size-thumbnail\" alt=\"professional_support\" \/>                                                <h2>Help Center<\/h2>\n<p>Haben Sie eine Frage oder ben\u00f6tigen Sie Hilfe bei Ihrem Konto? Hier finden Sie Antworten auf h\u00e4ufig gestellte Fragen. Wenn Sie weitere Hilfe ben\u00f6tigen, verwenden Sie bitte unser Anfrageformular. <\/p>\n                        <\/div>\n                                                    <div class=\"cta\">\n                                <p><a href=\"\/de\/help-center\/\" title=\"Support erhalten\" class=\"gs-button-new dark-green\">Support erhalten<\/a><\/p>\n                            <\/div> <!-- .cta -->\n                                            <\/div> <!-- .block-slide -->\n                                    <div class=\"block-slide\" data-index=\"3\">\n                        <div>\n                                                    <img loading=\"lazy\" decoding=\"async\" width=\"150\" height=\"150\" src=\"https:\/\/www.jpmorganworkplacesolutions.com\/wp-content\/uploads\/2024\/06\/patnerships.svg\" class=\"attachment-thumbnail size-thumbnail\" alt=\"patnerships\" \/>                                                <h2>Partner werden<\/h2>\n<p>Wir sind stolz darauf, weltweit mit den besten Experten, Unternehmen und Fachkr\u00e4ften zusammenzuarbeiten, um unseren Kunden erstklassigen Service und Support zu bieten.<\/p>\n                        <\/div>\n                                                    <div class=\"cta\">\n                                <p><a href=\"\/de\/partnership\/\" title=\"Jetzt bewerben\" class=\"gs-button-new dark-green\">Jetzt bewerben<\/a><\/p>\n                            <\/div> <!-- .cta -->\n                                            <\/div> <!-- .block-slide -->\n                                    <div class=\"block-slide\" data-index=\"4\">\n                        <div>\n                                                    <img loading=\"lazy\" decoding=\"async\" width=\"145\" height=\"150\" src=\"https:\/\/www.jpmorganworkplacesolutions.com\/wp-content\/uploads\/2024\/06\/create-communications-that-inspire.svg\" class=\"attachment-thumbnail size-thumbnail\" alt=\"create-communications-that-inspire\" \/>                                                <h2>Medien<\/h2>\n<p>Unser Team unterst\u00fctzt Sie gern bei Medien- oder Kooperationsanfragen im Zusammenhang mit Pressemitteilungen, Interviews und vielem mehr.<\/p>\n                        <\/div>\n                                                    <div class=\"cta\">\n                                <p><a href=\"\/de\/enterprise-demonstration\/\" title=\"Kontakt aufnehmen\" class=\"gs-button-new dark-green\">Kontakt aufnehmen<\/a><\/p>\n                            <\/div> <!-- .cta -->\n                                            <\/div> <!-- .block-slide -->\n                            <\/div> <!-- .slider-blocks-owl -->\n            <div id=\"slider-owl-69fafcc7c189e-cta\" class=\"container\">\n                <div class=\"row\">\n                    <div class=\"col col-1\">\n                        <div id=\"expanded-nav-slider-owl-69fafcc7c189e\" class=\"expanded-nav\">\n                            <div id=\"owl-prev-slider-owl-69fafcc7c189e\" class=\"nav-btn sb-owl-prev\"><\/div>\n                            <p><span id=\"sb-slides-counter-slider-owl-69fafcc7c189e\">1<\/span>\/<span id=\"sb-slide-total-slider-owl-69fafcc7c189e\">4<\/span><\/p>\n                            <div id=\"owl-next-slider-owl-69fafcc7c189e\" class=\"nav-btn sb-owl-next\"><\/div>\n                        <\/div> <!-- .expanded-nav -->\n                    <\/div> <!-- .col-1 -->\n                                    <\/div> <!-- .row -->\n            <\/div> <!-- .container -->\n                        <script>\n            jQuery(document).ready(function($) {\n                function blockSliderBgImg(){\n                    let main = document.getElementById('main'),\n                        pageContainerWidth = main.querySelector('.container').offsetWidth,\n                        pageWidth = document.getElementById('page').offsetWidth,\n                        paddingWidth = (pageWidth - pageContainerWidth) \/ 2,\n                        parentElement = document.getElementById('slider-owl-69fafcc7c189e').parentNode;\n                    if (document.documentElement.lang === 'ar') {\n                        parentElement.style.marginRight = paddingWidth + 'px';\n                        let extraPadding = paddingWidth * 2;\n                        document.getElementById('slider-owl-69fafcc7c189e').style.transform = `translateX(${extraPadding}px)`;\n                    }else {\n                        parentElement.style.marginLeft = paddingWidth + 'px';\n                    }\n                    let ctaBtn = document.getElementById('slider-owl-69fafcc7c189e-cta');\n                    if(ctaBtn){\n                        if (document.documentElement.lang === 'ar') {\n                            ctaBtn.style.transform = `translateX(${paddingWidth}px)`;\n                        }else{\n                            ctaBtn.style.transform = `translateX(-${paddingWidth}px)`;\n                        }\n                    }\n                    let background = document.getElementById('slider-owl-69fafcc7c189e-bg');\n                    if(background){\n                        background.style.transform = `scaleX(-1) translateX(${paddingWidth}px)`;\n                    }\n                    let bgImage = document.getElementById('jpm-bg-img-slider-owl-69fafcc7c189e');\n                    if(bgImage){\n                        if (document.documentElement.lang === 'ar') {\n                            bgImage.style.left = paddingWidth + 'px';\n                        }else{\n                            bgImage.style.right = paddingWidth + 'px';\n                        }\n\n                        let desiredHeight = document.querySelector('.jpm-slider-blocks').offsetHeight;\n                        bgImage.style.height = desiredHeight + 'px';\n                    }\n                }\n                window.addEventListener('resize', blockSliderBgImg);\n                $(function(){\n                    let sliderBlocksOwl = document.getElementById('slider-owl-69fafcc7c189e');\n                    if(sliderBlocksOwl){\n                        let owl = $(sliderBlocksOwl);\n                        owl.owlCarousel({\n                            autoplay:false,\n                            nav:false,\n                            dots:false,\n                            responsiveClass:true,\n                            responsive:{\n                                0:{\n                                    items:1,\n                                    margin:20,\n                                    stagePadding:25,\n                                    mouseDrag:true,\n                                    touchDrag:true,\n                                    loop:false\n                                },\n                                900:{\n                                    items:4,\n                                    margin:52,\n                                    mouseDrag:false,\n                                    touchDrag:false,\n                                    loop:true\n                                }\n                            }\n                        });\n                        let myOwlNext = document.getElementById('owl-next-slider-owl-69fafcc7c189e'),\n                            myOwlPrev = document.getElementById('owl-prev-slider-owl-69fafcc7c189e');\n                        myOwlNext.addEventListener('click', function(){\n                            if(! this.classList.contains('inactive')){\n                                owl.trigger('next.owl.carousel');\n                            }\n                        });\n                        myOwlPrev.addEventListener('click', function(){\n                            if(this.classList.contains('active')){\n                                owl.trigger('prev.owl.carousel');\n                            }\n                        });\n                        owl.on('changed.owl.carousel', function(event) {\n                            let slideTotal = document.getElementById('sb-slide-total-slider-owl-69fafcc7c189e').innerHTML,\n                                currentItem = $(event.target).find('.owl-item').eq(event.item.index),\n                                dataIndex = currentItem.find('.block-slide').data('index');\n                            slideTotal = Number(slideTotal);\n                            document.getElementById('sb-slides-counter-slider-owl-69fafcc7c189e').innerHTML = dataIndex;\n                            if(!myOwlPrev.classList.contains('active')){\n                                myOwlPrev.classList.add('active');\n                            }\n                            if(dataIndex < 2){\n                                myOwlPrev.classList.toggle('active');\n                            }\n                            if(dataIndex === slideTotal){\n                                myOwlNext.classList.add('inactive');\n                            }\n                            if (dataIndex < slideTotal){\n                                if(myOwlNext.classList.contains('inactive')){\n                                    myOwlNext.classList.remove('inactive');\n                                }\n                            }\n                        });\n                        let slideTotal = document.getElementById('sb-slide-total-slider-owl-69fafcc7c189e').innerHTML;\n                        if(slideTotal < 4){\n                            document.getElementById('expanded-nav-slider-owl-69fafcc7c189e').classList.add('hidden');\n                        }\n                        blockSliderBgImg();\n                        $('.owl-carousel').each(function() {\n                            $(this).find('.owl-dot').each(function(index) {\n                                $(this).attr('aria-label', index + 1);\n                            });\n                        });\n                    }\n                });\n            });\n        <\/script>\n    <\/section> <!-- .jpm-slider-blocks -->\n","protected":false},"excerpt":{"rendered":"","protected":false},"author":3,"featured_media":0,"parent":0,"menu_order":0,"comment_status":"closed","ping_status":"closed","template":"","meta":{"_acf_changed":false,"footnotes":""},"class_list":["post-166414","page","type-page","status-publish","hentry"],"acf":[],"_links":{"self":[{"href":"https:\/\/www.jpmorganworkplacesolutions.com\/de\/wp-json\/wp\/v2\/pages\/166414","targetHints":{"allow":["GET"]}}],"collection":[{"href":"https:\/\/www.jpmorganworkplacesolutions.com\/de\/wp-json\/wp\/v2\/pages"}],"about":[{"href":"https:\/\/www.jpmorganworkplacesolutions.com\/de\/wp-json\/wp\/v2\/types\/page"}],"author":[{"embeddable":true,"href":"https:\/\/www.jpmorganworkplacesolutions.com\/de\/wp-json\/wp\/v2\/users\/3"}],"replies":[{"embeddable":true,"href":"https:\/\/www.jpmorganworkplacesolutions.com\/de\/wp-json\/wp\/v2\/comments?post=166414"}],"version-history":[{"count":0,"href":"https:\/\/www.jpmorganworkplacesolutions.com\/de\/wp-json\/wp\/v2\/pages\/166414\/revisions"}],"wp:attachment":[{"href":"https:\/\/www.jpmorganworkplacesolutions.com\/de\/wp-json\/wp\/v2\/media?parent=166414"}],"curies":[{"name":"wp","href":"https:\/\/api.w.org\/{rel}","templated":true}]}}