{"id":165244,"date":"2024-06-14T17:53:12","date_gmt":"2024-06-14T16:53:12","guid":{"rendered":"https:\/\/globalshares2.wpengine.com\/legal-and-compliance\/"},"modified":"2025-03-20T14:58:29","modified_gmt":"2025-03-20T14:58:29","slug":"rechtsabteilungen","status":"publish","type":"page","link":"https:\/\/www.jpmorganworkplacesolutions.com\/de\/rechtsabteilungen\/","title":{"rendered":"Legal Teams"},"content":{"rendered":"    <style>.jpm-banner-use-cases{min-height:10vh;background:#fef8ef;position:relative;margin-bottom:6rem}.jpm-banner-use-cases:after{content:\"\";display:block;position:absolute;z-index:1;width:100%;height:12%;background:#fff;bottom:0;left:0}.jpm-banner-use-cases .container .row{display:-webkit-box;display:-ms-flexbox;display:flex;-webkit-box-align:start;-ms-flex-align:start;align-items:flex-start}.jpm-banner-use-cases .container .row .col{width:50%}.jpm-banner-use-cases .container .row .col.col-1{padding:5.78125rem 4rem 7.5rem 0}.jpm-banner-use-cases .container .row .col.col-1 .jpm-banner{margin:0 0 1.75rem 0}.jpm-banner-use-cases .container .row .col.col-1 p{font-size:18px;font-weight:200;line-height:138.889%;letter-spacing:.36px}.jpm-banner-use-cases .container .row .col.col-1 p.tagline{text-transform:uppercase;font-weight:400;font-size:16px;line-height:100%;letter-spacing:.16px;color:#936846;margin:0 0 1.25rem 0}.jpm-banner-use-cases .container .row .col.col-1 p:last-child{margin:0}.jpm-banner-use-cases .container .row .col.col-1 .cta{margin-top:4.75rem}.jpm-banner-use-cases .container .row .col.col-2 img{display:block;width:100%;height:auto;border-radius:0 0 12px 12px}@media screen and (max-width:56.25rem){.jpm-banner-use-cases{margin-bottom:4rem}.jpm-banner-use-cases .container{padding:0}.jpm-banner-use-cases .container .row{-ms-flex-wrap:wrap;flex-wrap:wrap}.jpm-banner-use-cases .container .row .col{width:100%}.jpm-banner-use-cases .container .row .col.col-1{padding:3.5rem 1rem 4rem 1rem}.jpm-banner-use-cases .container .row .col.col-1 .jpm-banner{width:88%}.jpm-banner-use-cases .container .row .col.col-1 p br{display:none}.jpm-banner-use-cases .container .row .col.col-1 p.tagline{margin:0 0 1.75rem 0}.jpm-banner-use-cases .container .row .col.col-1 .cta{margin-top:2.75rem}}.lang-ar .jpm-banner-use-cases .container .row .col.col-1{padding:5.78125rem 0 7.5rem 4rem}@media screen and (max-width:56.25rem){.lang-ar .jpm-banner-use-cases .container .row .col.col-1{padding:3.5rem 1rem 4rem 1rem}}<\/style>\n    <section  class=\"jpm-banner-use-cases jpm-block full-width\">\n        <div class=\"container\">\n            <div class=\"row\">\n                <div class=\"col col-1 gsap-fade-in-left\">\n                                            <p class=\"tagline\">Legal and Compliance<\/p>\n                                        <h2 class=\"jpm-banner\">Darum ist unsere Plattform die richtige f\u00fcr Sie<\/h2>\n                    <p>Ganz gleich, ob es um globale Vorschriften, die Personalgewinnung in unterschiedlichen L\u00e4ndern oder die Verwaltung steuerlicher Belange in unterschiedlichen Zust\u00e4ndigkeitsbereichen geht: Unsere sichere Managementplattform f\u00fcr Kapitalbeteiligungen hilft Ihnen dabei, rechtskonforme strategische Entscheidungen zu treffen.<\/p>\n                        <div class=\"cta\">\n                            <p><a href=\"\/de\/enterprise-demonstration\/\" title=\"Sprechen Sie mit uns\" class=\"gs-button-new dark-green\">Sprechen Sie mit uns<\/a><\/p>\n                        <\/div> <!-- .cta -->\n                                    <\/div> <!-- .col-1 -->\n                <div class=\"col col-2 gsap-fade-in-right\">\n                    <img loading=\"lazy\" decoding=\"async\" width=\"923\" height=\"1024\" src=\"https:\/\/www.jpmorganworkplacesolutions.com\/wp-content\/uploads\/2025\/01\/legal-teams-923x1024.jpg\" class=\"attachment-large size-large\" alt=\"Legal Teams\" srcset=\"https:\/\/www.jpmorganworkplacesolutions.com\/wp-content\/uploads\/2025\/01\/legal-teams-923x1024.jpg 923w, https:\/\/www.jpmorganworkplacesolutions.com\/wp-content\/uploads\/2025\/01\/legal-teams-270x300.jpg 270w, https:\/\/www.jpmorganworkplacesolutions.com\/wp-content\/uploads\/2025\/01\/legal-teams-768x852.jpg 768w, https:\/\/www.jpmorganworkplacesolutions.com\/wp-content\/uploads\/2025\/01\/legal-teams.jpg 1152w\" sizes=\"auto, (max-width: 923px) 100vw, 923px\" \/>                <\/div>\n            <\/div> <!-- .row -->\n        <\/div> <!-- .container -->\n    <\/section> <!-- .jpm-use-cases -->\n\n\n    <section  class=\"jpm-left-full-image jpm-block full-width contained-image marble\">\n        <div class=\"jpm-bg-image gsap-fade-in-left\" style=\"background-image:url(https:\/\/www.jpmorganworkplacesolutions.com\/wp-content\/uploads\/2024\/06\/recruit-reward-retain.jpg);\"><\/div>\n        <div class=\"container\">\n            <div class=\"row\">\n                <div class=\"col col-1 gsap-fade-in-up\">\n                                    <\/div>\n                <div class=\"col col-2 gsap-fade-in-right marble\">\n                    <h2>Sicherheit und Compliance<\/h2>\n<p>Sorgenfreiheit ist bei unseren wettbewerbsf\u00e4higen,<br \/>\nrechtskonformen Kapitalbeteiligungsstrategien ein Standard.<\/p>\n                <\/div> <!-- .col-2 -->\n            <\/div> <!-- .row -->\n        <\/div> <!-- .container -->\n    <\/section> <!-- .jpm-left-full-image -->\n\n\n    <section  class=\"jpm-features jpm-block mt-6 mobile-mt-4 alternating-images\">\n                                            <div class=\"row\">\n                    <div class=\"col col-1 gsap-fade-in-up\">\n                                                    <p class=\"tagline\">Equity Intelligence<\/p>\n                                                <h2>Rechts- und Steuerinformationen<\/h2>\n<p>Vom Navigieren durch Sicherheits- und Arbeitsrecht bis hin zum verbesserten Verst\u00e4ndnis von Steuerverrechnungen und Verpflichtungen bei der Berichterstattung: Wir bieten einen umfassenden globalen \u00dcberblick \u00fcber die Vorschriften, damit Sie informierte Entscheidungen treffen k\u00f6nnen.<\/p>\n                                                    <div class=\"cta\">\n                                <p><a href=\"\/de\/equity-intelligence\/\" title=\"MEHR ERFAHREN\">MEHR ERFAHREN<\/a><\/p>\n                            <\/div> <!-- .cta -->\n                                            <\/div> <!-- .col-1 -->\n                    <div class=\"col col-2 gsap-fade-in-up\">\n                        <img loading=\"lazy\" decoding=\"async\" width=\"1009\" height=\"1024\" src=\"https:\/\/www.jpmorganworkplacesolutions.com\/wp-content\/uploads\/2025\/01\/legal-and-tax-information-1009x1024.jpg\" class=\"attachment-large size-large\" alt=\"\" srcset=\"https:\/\/www.jpmorganworkplacesolutions.com\/wp-content\/uploads\/2025\/01\/legal-and-tax-information-1009x1024.jpg 1009w, https:\/\/www.jpmorganworkplacesolutions.com\/wp-content\/uploads\/2025\/01\/legal-and-tax-information-296x300.jpg 296w, https:\/\/www.jpmorganworkplacesolutions.com\/wp-content\/uploads\/2025\/01\/legal-and-tax-information-768x779.jpg 768w, https:\/\/www.jpmorganworkplacesolutions.com\/wp-content\/uploads\/2025\/01\/legal-and-tax-information.jpg 1100w\" sizes=\"auto, (max-width: 1009px) 100vw, 1009px\" \/>                    <\/div> <!-- .col-2 -->\n                <\/div> <!-- .row -->\n                            <div class=\"row\">\n                    <div class=\"col col-1 gsap-fade-in-up\">\n                                                    <p class=\"tagline\">Datenintegrit\u00e4t<\/p>\n                                                <h2>Genauigkeit<\/h2>\n<p>Alle \u00c4nderungen bei Vesting, Neuzug\u00e4ngen, Abg\u00e4ngen und sonstigen Vorg\u00e4ngen m\u00fcssen genau verfolgt und protokolliert werden. Unsere automatisierte Plattform \u00fcbernimmt die Details, unterst\u00fctzt Sie bei der Compliance und hilft Ihnen, Fallstricke zu vermeiden. <\/p>\n                                            <\/div> <!-- .col-1 -->\n                    <div class=\"col col-2 gsap-fade-in-up\">\n                        <img loading=\"lazy\" decoding=\"async\" width=\"1024\" height=\"900\" src=\"https:\/\/www.jpmorganworkplacesolutions.com\/wp-content\/uploads\/2024\/06\/Legal-3-1024x900.jpg\" class=\"attachment-large size-large\" alt=\"Legal\" srcset=\"https:\/\/www.jpmorganworkplacesolutions.com\/wp-content\/uploads\/2024\/06\/Legal-3-1024x900.jpg 1024w, https:\/\/www.jpmorganworkplacesolutions.com\/wp-content\/uploads\/2024\/06\/Legal-3-300x264.jpg 300w, https:\/\/www.jpmorganworkplacesolutions.com\/wp-content\/uploads\/2024\/06\/Legal-3-768x675.jpg 768w, https:\/\/www.jpmorganworkplacesolutions.com\/wp-content\/uploads\/2024\/06\/Legal-3.jpg 1320w\" sizes=\"auto, (max-width: 1024px) 100vw, 1024px\" \/>                    <\/div> <!-- .col-2 -->\n                <\/div> <!-- .row -->\n                        <\/section> <!-- .jpm-features -->\n\n\n    <section  class=\"jpm-three-blocks jpm-block\">\n                    <div class=\"three-blocks-title\">\n                <h2 class=\"jpm-cta-heading gsap-fade-in-up\">Vorteile<\/h2>\n            <\/div> <!-- .three-blocks-title -->\n                            <ul class=\"benefits-list\">\n                                    <li class=\"benefits-list-item gsap-fade-in-up\">\n                        <img loading=\"lazy\" decoding=\"async\" width=\"150\" height=\"150\" src=\"https:\/\/www.jpmorganworkplacesolutions.com\/wp-content\/uploads\/2024\/06\/reporting.svg\" class=\"attachment-thumbnail size-thumbnail\" alt=\"reporting\" \/><h3>Automatisierte Finanzberichterstattung<\/h3>\n<p>Reduzieren Sie den Verwaltungsaufwand und sparen Sie Zeit. Da sich alle Daten Ihrer Beteiligungspl\u00e4ne an einem Ort befinden, vereinfachen sich die Kostenabgabe, Offenlegungen, Steuerlatenz und ESP-Berichterstellung. <\/p>\n                    <\/li>\n                                    <li class=\"benefits-list-item gsap-fade-in-up\">\n                        <img loading=\"lazy\" decoding=\"async\" width=\"150\" height=\"150\" src=\"https:\/\/www.jpmorganworkplacesolutions.com\/wp-content\/uploads\/2024\/06\/scalable.svg\" class=\"attachment-thumbnail size-thumbnail\" alt=\"scalable\" \/><h3>Skalierbarkeit<\/h3>\n<p>Von privat zu b\u00f6rsennotiert mit einem System Bei den Ambitionen Ihres Unternehmens sollte es keine Einschr\u00e4nkungen geben: Unsere Plattform hilft Ihnen dabei, sich vom privaten zum b\u00f6rsennotierten, vom lokalen zum globalen Unternehmen zu entwickeln \u2013 mithilfe einer nahtlosen Unterst\u00fctzung, die Ihre Daten ganz nach Ihrem Bedarf sicher umwandelt. <\/p>\n                    <\/li>\n                                    <li class=\"benefits-list-item gsap-fade-in-up\">\n                        <img loading=\"lazy\" decoding=\"async\" width=\"150\" height=\"150\" src=\"https:\/\/www.jpmorganworkplacesolutions.com\/wp-content\/uploads\/2024\/06\/flexible-software.svg\" class=\"attachment-thumbnail size-thumbnail\" alt=\"flexible-software\" \/><h3>Flexible software<\/h3>\n<p>Unsere Plattform l\u00e4sst sich an Ihre Bed\u00fcrfnisse anpassen. Stimmen Sie Ihre Einblicke auf lokale Steuer- und Rechtsvorschriften ab, w\u00e4hrend unsere API-Schnittstelle die Integration in verschiedene andere Systeme erm\u00f6glicht. <\/p>\n                    <\/li>\n                            <\/ul>\n            <\/section> <!-- .jpm-three-blocks -->\n\n\n    <section  class=\"jpm-end-of-page-cta jpm-block mb-6 mobile-mb-4 green\">\n        <div class=\"end-of-page-cta-content\">\n            <h2>W\u00fcrden Sie gerne mehr<br \/>erfahren?<\/h2>\n        <\/div> <!-- .end-of-page-cta-content -->\n                    <div class=\"cta\">\n                <p><a href=\"\/de\/enterprise-demonstration\/\" title=\"Demo anfordern\" class=\"gs-button-new dark-green-white\">Demo anfordern<\/a><\/p>\n            <\/div> <!-- .cta -->\n            <\/section> <!-- .jpm-end-of-page-cta -->\n\n\n<section  class=\"posts-loop-section jpm-block\">\n    <div id=\"69db5ba31eddf\">\n        <div class=\"heading-section\">\n            <h3 class=\"main-heading\">VERWANDTE ARTIKEL<\/h3>\n                    <\/div> <!-- .heading-section -->\n                    <ul class=\"blog-posts grid-six\">\n                                    <li class=\"blog-posts-item gsap-fade-in-up\">\n                        <div class=\"blog-posts-item-inner\">\n                            <div class=\"blog-posts-image\">\n                                <a href=\"https:\/\/www.jpmorganworkplacesolutions.com\/de\/insights\/leitfaden-fuer-einen-langfristigen-anreizplan-ltip\/\" title=\"Leitfaden f\u00fcr einen langfristigen Anreizplan (LTIP)\" target=\"_self\">\n                                    <img loading=\"lazy\" decoding=\"async\" width=\"526\" height=\"342\" src=\"https:\/\/www.jpmorganworkplacesolutions.com\/wp-content\/uploads\/2025\/02\/ltip-what-you-need-to-know.jpg\" class=\"filter-image-main\" alt=\"\" srcset=\"https:\/\/www.jpmorganworkplacesolutions.com\/wp-content\/uploads\/2025\/02\/ltip-what-you-need-to-know.jpg 526w, https:\/\/www.jpmorganworkplacesolutions.com\/wp-content\/uploads\/2025\/02\/ltip-what-you-need-to-know-300x195.jpg 300w\" sizes=\"auto, (max-width: 526px) 100vw, 526px\" \/>                                <\/a>\n                            <\/div> <!-- .blog-posts-image -->\n                            <div class=\"blog-posts-card\">\n                                <div>\n                                                                                <div class=\"blog-posts-tags\">\n                                                <p><a href=\"https:\/\/www.jpmorganworkplacesolutions.com\/de\/insights\/tag\/see-all-de\/\">All<\/a>, <a href=\"https:\/\/www.jpmorganworkplacesolutions.com\/de\/insights\/tag\/equity-eigenkapital-von-unternehmen-erklaert\/\">Equity (Eigenkapital von Unternehmen) erkl\u00e4rt<\/a>, <a href=\"https:\/\/www.jpmorganworkplacesolutions.com\/de\/insights\/tag\/ltip-de\/\">LTIP<\/a><\/p>\n                                            <\/div> <!-- .blog-posts-tags -->\n                                                                            <h6 class=\"sub-heading\"><a href=\"https:\/\/www.jpmorganworkplacesolutions.com\/de\/insights\/leitfaden-fuer-einen-langfristigen-anreizplan-ltip\/\" title=\"Leitfaden f\u00fcr einen langfristigen Anreizplan (LTIP)\" target=\"_self\">Leitfaden f\u00fcr einen langfristigen Anreizplan (LTIP)<\/a><\/h6>\n                                    <p class=\"date\">Februar 26, 2025<\/p>\n                                <\/div>\n                                <div>\n                                    <p class=\"jpm-read-more\"><a class=\"jpm-read-more-anchor\" href=\"https:\/\/www.jpmorganworkplacesolutions.com\/de\/insights\/leitfaden-fuer-einen-langfristigen-anreizplan-ltip\/\" title=\"Mehr lesen\">Mehr lesen<\/a><\/p>\n                                <\/div>\n                            <\/div> <!-- .blog-posts-card -->\n                        <\/div> <!-- .blog-posts-item-inner -->\n                    <\/li> <!-- .blog-posts-item -->\n                                    <li class=\"blog-posts-item gsap-fade-in-up\">\n                        <div class=\"blog-posts-item-inner\">\n                            <div class=\"blog-posts-image\">\n                                <a href=\"https:\/\/www.jpmorganworkplacesolutions.com\/de\/insights\/warum-sie-eine-software-fuer-die-verwaltung-von-aktienbasierter-verguetung-benoetigen\/\" title=\"Warum Sie eine Software f\u00fcr die Verwaltung von aktienbasierter Verg\u00fctung ben\u00f6tigen\u00a0\" target=\"_self\">\n                                    <img loading=\"lazy\" decoding=\"async\" width=\"768\" height=\"402\" src=\"https:\/\/www.jpmorganworkplacesolutions.com\/wp-content\/uploads\/2023\/10\/stock-plan-administration-software-e1650619914403-11-768x402.jpg\" class=\"filter-image-main\" alt=\"Illustration of a stock plan administration software interface\" srcset=\"https:\/\/www.jpmorganworkplacesolutions.com\/wp-content\/uploads\/2023\/10\/stock-plan-administration-software-e1650619914403-11-768x402.jpg 768w, https:\/\/www.jpmorganworkplacesolutions.com\/wp-content\/uploads\/2023\/10\/stock-plan-administration-software-e1650619914403-11-300x157.jpg 300w, https:\/\/www.jpmorganworkplacesolutions.com\/wp-content\/uploads\/2023\/10\/stock-plan-administration-software-e1650619914403-11.jpg 1000w\" sizes=\"auto, (max-width: 768px) 100vw, 768px\" \/>                                <\/a>\n                            <\/div> <!-- .blog-posts-image -->\n                            <div class=\"blog-posts-card\">\n                                <div>\n                                                                                <div class=\"blog-posts-tags\">\n                                                <p><a href=\"https:\/\/www.jpmorganworkplacesolutions.com\/de\/insights\/tag\/see-all-de\/\">All<\/a>, <a href=\"https:\/\/www.jpmorganworkplacesolutions.com\/de\/insights\/tag\/software-de\/\">Software<\/a><\/p>\n                                            <\/div> <!-- .blog-posts-tags -->\n                                                                            <h6 class=\"sub-heading\"><a href=\"https:\/\/www.jpmorganworkplacesolutions.com\/de\/insights\/warum-sie-eine-software-fuer-die-verwaltung-von-aktienbasierter-verguetung-benoetigen\/\" title=\"Warum Sie eine Software f\u00fcr die Verwaltung von aktienbasierter Verg\u00fctung ben\u00f6tigen\u00a0\" target=\"_self\">Warum Sie eine Software f\u00fcr die Verwaltung von aktienbasierter Verg\u00fctung ben\u00f6tigen\u00a0<\/a><\/h6>\n                                    <p class=\"date\">Februar 20, 2025<\/p>\n                                <\/div>\n                                <div>\n                                    <p class=\"jpm-read-more\"><a class=\"jpm-read-more-anchor\" href=\"https:\/\/www.jpmorganworkplacesolutions.com\/de\/insights\/warum-sie-eine-software-fuer-die-verwaltung-von-aktienbasierter-verguetung-benoetigen\/\" title=\"Mehr lesen\">Mehr lesen<\/a><\/p>\n                                <\/div>\n                            <\/div> <!-- .blog-posts-card -->\n                        <\/div> <!-- .blog-posts-item-inner -->\n                    <\/li> <!-- .blog-posts-item -->\n                                    <li class=\"blog-posts-item gsap-fade-in-up\">\n                        <div class=\"blog-posts-item-inner\">\n                            <div class=\"blog-posts-image\">\n                                <a href=\"https:\/\/www.jpmorganworkplacesolutions.com\/de\/insights\/durchfuehrung-eines-aktienbeteiligungsprogramms-in-mehreren-laendern\/\" title=\"Durchf\u00fchrung eines Aktienbeteiligungsprogramms in mehreren L\u00e4ndern\" target=\"_self\">\n                                    <img loading=\"lazy\" decoding=\"async\" width=\"768\" height=\"401\" src=\"https:\/\/www.jpmorganworkplacesolutions.com\/wp-content\/uploads\/2023\/10\/global-stock-plan-design-operate1-16-768x401.jpg\" class=\"filter-image-main\" alt=\"||global-stock-plan\" srcset=\"https:\/\/www.jpmorganworkplacesolutions.com\/wp-content\/uploads\/2023\/10\/global-stock-plan-design-operate1-16-768x401.jpg 768w, https:\/\/www.jpmorganworkplacesolutions.com\/wp-content\/uploads\/2023\/10\/global-stock-plan-design-operate1-16-300x157.jpg 300w, https:\/\/www.jpmorganworkplacesolutions.com\/wp-content\/uploads\/2023\/10\/global-stock-plan-design-operate1-16-1024x535.jpg 1024w, https:\/\/www.jpmorganworkplacesolutions.com\/wp-content\/uploads\/2023\/10\/global-stock-plan-design-operate1-16-1536x803.jpg 1536w, https:\/\/www.jpmorganworkplacesolutions.com\/wp-content\/uploads\/2023\/10\/global-stock-plan-design-operate1-16.jpg 2000w\" sizes=\"auto, (max-width: 768px) 100vw, 768px\" \/>                                <\/a>\n                            <\/div> <!-- .blog-posts-image -->\n                            <div class=\"blog-posts-card\">\n                                <div>\n                                                                                <div class=\"blog-posts-tags\">\n                                                <p><a href=\"https:\/\/www.jpmorganworkplacesolutions.com\/de\/insights\/tag\/see-all-de\/\">All<\/a>, <a href=\"https:\/\/www.jpmorganworkplacesolutions.com\/de\/insights\/tag\/cap-tabelle\/\">CAP-Tabelle<\/a>, <a href=\"https:\/\/www.jpmorganworkplacesolutions.com\/insights\/tag\/employee-portal\/\">Employee Portal<\/a>, <a href=\"https:\/\/www.jpmorganworkplacesolutions.com\/uk\/insights\/tag\/employee-portal-uk\/\">Employee Portal<\/a>, <a href=\"https:\/\/www.jpmorganworkplacesolutions.com\/de\/insights\/tag\/mitarbeiterportal\/\">Mitarbeiterportal<\/a><\/p>\n                                            <\/div> <!-- .blog-posts-tags -->\n                                                                            <h6 class=\"sub-heading\"><a href=\"https:\/\/www.jpmorganworkplacesolutions.com\/de\/insights\/durchfuehrung-eines-aktienbeteiligungsprogramms-in-mehreren-laendern\/\" title=\"Durchf\u00fchrung eines Aktienbeteiligungsprogramms in mehreren L\u00e4ndern\" target=\"_self\">Durchf\u00fchrung eines Aktienbeteiligungsprogramms in mehreren L\u00e4ndern<\/a><\/h6>\n                                    <p class=\"date\">November 19, 2024<\/p>\n                                <\/div>\n                                <div>\n                                    <p class=\"jpm-read-more\"><a class=\"jpm-read-more-anchor\" href=\"https:\/\/www.jpmorganworkplacesolutions.com\/de\/insights\/durchfuehrung-eines-aktienbeteiligungsprogramms-in-mehreren-laendern\/\" title=\"Mehr lesen\">Mehr lesen<\/a><\/p>\n                                <\/div>\n                            <\/div> <!-- .blog-posts-card -->\n                        <\/div> <!-- .blog-posts-item-inner -->\n                    <\/li> <!-- .blog-posts-item -->\n                            <\/ul>\n                <div class=\"gs-posts-pagination\">\n                                <button class=\"active\" data-posts=\"3\" data-value=\"0\" data-cats=\"\" data-outcats=\"\" data-outposts=\"\" data-tags=\"\" data-outtags=\"\" data-lang=\"de\">1<\/button>\n                                        <button class=\"\" data-posts=\"3\" data-value=\"1\" data-cats=\"\" data-outcats=\"\" data-outposts=\"\" data-tags=\"\" data-outtags=\"\" data-lang=\"de\">2<\/button>\n                                        <button class=\"\" data-posts=\"3\" data-value=\"2\" data-cats=\"\" data-outcats=\"\" data-outposts=\"\" data-tags=\"\" data-outtags=\"\" data-lang=\"de\">3<\/button>\n                                        <button class=\"\" data-posts=\"3\" data-value=\"3\" data-cats=\"\" data-outcats=\"\" data-outposts=\"\" data-tags=\"\" data-outtags=\"\" data-lang=\"de\">4<\/button>\n                                        <button class=\"\" data-posts=\"3\" data-value=\"4\" data-cats=\"\" data-outcats=\"\" data-outposts=\"\" data-tags=\"\" data-outtags=\"\" data-lang=\"de\">5<\/button>\n                                        <button class=\"\" data-posts=\"3\" data-value=\"5\" data-cats=\"\" data-outcats=\"\" data-outposts=\"\" data-tags=\"\" data-outtags=\"\" data-lang=\"de\">6<\/button>\n                            <\/div> <!-- #gs-posts-pagination -->\n    <\/div>\n    <script>\n        document.addEventListener(\"DOMContentLoaded\", function() {\n            let currentList = document.getElementById('69db5ba31eddf');\n            if(currentList){\n                let currentListUl = currentList.querySelector('.blog-posts');\n                if (! currentListUl) {\n                    currentList.parentElement.style.display = 'none';\n                }\n            }\n        });\n    <\/script>\n<\/section> <!-- .posts-loop-section -->\n","protected":false},"excerpt":{"rendered":"","protected":false},"author":3,"featured_media":0,"parent":0,"menu_order":0,"comment_status":"closed","ping_status":"closed","template":"","meta":{"_acf_changed":false,"footnotes":""},"class_list":["post-165244","page","type-page","status-publish","hentry"],"acf":[],"_links":{"self":[{"href":"https:\/\/www.jpmorganworkplacesolutions.com\/de\/wp-json\/wp\/v2\/pages\/165244","targetHints":{"allow":["GET"]}}],"collection":[{"href":"https:\/\/www.jpmorganworkplacesolutions.com\/de\/wp-json\/wp\/v2\/pages"}],"about":[{"href":"https:\/\/www.jpmorganworkplacesolutions.com\/de\/wp-json\/wp\/v2\/types\/page"}],"author":[{"embeddable":true,"href":"https:\/\/www.jpmorganworkplacesolutions.com\/de\/wp-json\/wp\/v2\/users\/3"}],"replies":[{"embeddable":true,"href":"https:\/\/www.jpmorganworkplacesolutions.com\/de\/wp-json\/wp\/v2\/comments?post=165244"}],"version-history":[{"count":0,"href":"https:\/\/www.jpmorganworkplacesolutions.com\/de\/wp-json\/wp\/v2\/pages\/165244\/revisions"}],"wp:attachment":[{"href":"https:\/\/www.jpmorganworkplacesolutions.com\/de\/wp-json\/wp\/v2\/media?parent=165244"}],"curies":[{"name":"wp","href":"https:\/\/api.w.org\/{rel}","templated":true}]}}